{"id":259101,"date":"2026-01-13T22:38:18","date_gmt":"2026-01-13T19:38:18","guid":{"rendered":"https:\/\/baldumarket.lt\/product\/komoda-dwudrzwiowa-z-trzema-szufladami-alameda-172-cm-bialy-polysk-dab-westminster\/"},"modified":"2026-02-11T18:29:56","modified_gmt":"2026-02-11T15:29:56","slug":"komoda-dwudrzwiowa-z-trzema-szufladami-alameda-172-cm-bialy-polysk-dab-westminster","status":"publish","type":"product","link":"https:\/\/baldumarket.lt\/lt\/product\/komoda-dwudrzwiowa-z-trzema-szufladami-alameda-172-cm-bialy-polysk-dab-westminster\/","title":{"rendered":"ALAMEDA komoda su dviem durimis ir trimis stal\u010diais, 172 cm, blizgi balta\/vestminsterio \u0105\u017euolas"},"content":{"rendered":"<p>\u201eAlameda\u201c indauja \u2013 tai funkcionalus ir stilingas baldas, puikiai tinkantis modernioms svetain\u0117ms. Didel\u0117 talpa: \u201eAlameda\u201c indauja turi dvi erdvias spinteles ir tris prakti\u0161kus stal\u010dius, kuriuose yra daug vietos \u012fvairiems daiktams laikyti ir tvarkyti, taip padedant palaikyti tvark\u0105 svetain\u0117je. Erdvus stalvir\u0161is: Erdvus indauja leid\u017eia eksponuoti dekoratyvinius daiktus, tokius kaip nuotraukos, keramin\u0117s fig\u016br\u0117l\u0117s ar vazos. LED ap\u0161vietimas po stalvir\u0161iu suteikia ry\u0161k\u0173 ap\u0161vietim\u0105 j\u016bs\u0173 dekoracijoms. Unikalus dizainas: Indauja i\u0161siskiria kontrastingu blizgi\u0173 balt\u0173 fasad\u0173, medinio stalvir\u0161io ir \u201eWestminster\u201c \u0105\u017euolini\u0173 cokoli\u0173 deriniu. \u0160is derinys suteikia baldams elegancijos ir originalumo. Dekoratyvinis dekoras: Dekoratyvinis stal\u010di\u0173 fasad\u0173 dizainas suteikia baldams charakterio ir pabr\u0117\u017eia kolekcijos stili\u0173. Naudojimo patogumas: \u0160velniai u\u017esidarantys vyriai leid\u017eia patogiai ir tyliai naudotis komoda. Idealiai tinka erdviems interjerams: D\u0117l 170 cm plo\u010dio \u201eAlameda\u201c komoda puikiai tinka didesn\u0117se svetain\u0117se ir sukuria traukos centr\u0105. Derindami \u201eAlameda\u201c komod\u0105 su kitais \u201eAlameda\u201c kolekcijos elementais, sukursite darn\u0173 ir harmoning\u0105 svetain\u0117s i\u0161d\u0117stym\u0105, \u012fgyvendindami savo svajones apie tobul\u0105 interjer\u0105. \u201eAlameda\u201c komoda yra ne tik daikt\u0173 laikymo vieta, bet ir stilingas dekoratyvinis elementas, suteikiantis j\u016bs\u0173 svetainei elegancijos ir funkcionalumo.<\/p>\n<p>Prek\u0117s kodas S420-KOM2D3S-BIP\/DWM\/BIP Simbolis ZM EAN Plotis 172 cm Gylis 41 cm Auk\u0161tis 96,5 cm Kolekcija Alameda Spalva balta blizgi \/ Vestminsterio \u0105\u017euolas \/ balta blizgi Atspalvis baltas Stilius modernus Dureli\u0173 skai\u010dius 2 dur\u0173 Stal\u010di\u0173 skai\u010dius 3 stal\u010diai Rankena be ranken\u0117li\u0173 Ap\u0161vietimas su ap\u0161vietimu Gamintojas Juoda Raudona Balta Baldo tipas Komodos PVM 23% EAN 5906123946384<\/p>","protected":false},"excerpt":{"rendered":"<p>\u201eAlameda\u201c indauja \u2013 tai funkcionalus ir stilingas baldas, puikiai tinkantis modernioms svetain\u0117ms. Didel\u0117 talpa: \u201eAlameda\u201c indauja turi dvi erdvias spinteles ir tris prakti\u0161kus stal\u010dius, kuriuose yra daug vietos \u012fvairiems daiktams laikyti ir tvarkyti, taip padedant palaikyti tvark\u0105 svetain\u0117je. Erdvus stalvir\u0161is: Erdvus indauja leid\u017eia [\u2026]<\/p>","protected":false},"featured_media":259102,"comment_status":"open","ping_status":"open","template":"","meta":[],"product_brand":[],"product_cat":[9200,1173],"product_tag":[],"class_list":{"0":"post-259101","1":"product","2":"type-product","3":"status-publish","4":"has-post-thumbnail","6":"product_cat-black-red-white","7":"product_cat-chests-of-drawers","9":"first","10":"instock","11":"purchasable","12":"product-type-simple"},"_links":{"self":[{"href":"https:\/\/baldumarket.lt\/lt\/wp-json\/wp\/v2\/product\/259101","targetHints":{"allow":["GET"]}}],"collection":[{"href":"https:\/\/baldumarket.lt\/lt\/wp-json\/wp\/v2\/product"}],"about":[{"href":"https:\/\/baldumarket.lt\/lt\/wp-json\/wp\/v2\/types\/product"}],"replies":[{"embeddable":true,"href":"https:\/\/baldumarket.lt\/lt\/wp-json\/wp\/v2\/comments?post=259101"}],"wp:featuredmedia":[{"embeddable":true,"href":"https:\/\/baldumarket.lt\/lt\/wp-json\/wp\/v2\/media\/259102"}],"wp:attachment":[{"href":"https:\/\/baldumarket.lt\/lt\/wp-json\/wp\/v2\/media?parent=259101"}],"wp:term":[{"taxonomy":"product_brand","embeddable":true,"href":"https:\/\/baldumarket.lt\/lt\/wp-json\/wp\/v2\/product_brand?post=259101"},{"taxonomy":"product_cat","embeddable":true,"href":"https:\/\/baldumarket.lt\/lt\/wp-json\/wp\/v2\/product_cat?post=259101"},{"taxonomy":"product_tag","embeddable":true,"href":"https:\/\/baldumarket.lt\/lt\/wp-json\/wp\/v2\/product_tag?post=259101"}],"curies":[{"name":"wp","href":"https:\/\/api.w.org\/{rel}","templated":true}]}}