{"id":259093,"date":"2026-01-13T22:38:11","date_gmt":"2026-01-13T19:38:11","guid":{"rendered":"https:\/\/baldumarket.lt\/product\/komoda-dwudrzwiowa-z-szufladami-patras-153-cm-dab-april\/"},"modified":"2026-02-11T18:29:56","modified_gmt":"2026-02-11T15:29:56","slug":"komoda-dwudrzwiowa-z-szufladami-patras-153-cm-dab-april","status":"publish","type":"product","link":"https:\/\/baldumarket.lt\/lt\/product\/komoda-dwudrzwiowa-z-szufladami-patras-153-cm-dab-april\/","title":{"rendered":"Dvidur\u0117 komoda PATRAS 153 cm, baland\u017eio spalvos \u0105\u017euolas"},"content":{"rendered":"<p>\u201ePatras\u201c komoda, priklausanti klasikinei kolekcijai, i\u0161siskiria lygiais fasadais, \u012fsp\u016bdingais apvadais ir stilizuotomis rankenomis. Jei ie\u0161kote baldo, kuriame b\u016bt\u0173 daug vietos daiktams susid\u0117ti ir kuris b\u016bt\u0173 funkcionalus, \u201ePatras\u201c komoda pateisins j\u016bs\u0173 l\u016bkes\u010dius. Dvi i\u0161orin\u0117s spintel\u0117s ir keturi centriniai stal\u010diai leid\u017eia tvarkingai susitvarkyti kasdienius daiktus ir lengvai juos pasiekti. Platus stalvir\u0161is suteikia vietos vazai su g\u0117l\u0117mis, dekoracijomis ar \u0161eimos nuotraukomis. Sodri baland\u017eio \u0105\u017euolo spalva suteikia baldui \u0161ilt\u0105 charakter\u012f ir jaukum\u0105 interjerui. Stilizuotos sendinto sidabro spalvos rankenos suteikia kolekcijai charakterio. Papildomas komodos privalumas \u2013 \u0161velnaus u\u017edarymo priedai, leid\u017eiantys fasadams tyliai u\u017esidaryti, suteikiant baldui elegancijos. D\u0117l modulinio \u201ePatras\u201c kolekcijos dizaino galite lengvai susikurti savo svajoni\u0173 svetain\u0117s, miegamojo ar prie\u0161kambario i\u0161d\u0117stym\u0105.<\/p>\n<p>Prek\u0117s kodas S405-KOM2D4S-DARL Simbolis ZM EAN Plotis 153 cm Gylis 44,5 cm Auk\u0161tis 93 cm Kolekcija Patras Spalva baland\u017eio spalvos \u0105\u017euolas Atspalvis tamsi mediena Stilius modernus Med\u017eiaga laminatas Dureli\u0173 skai\u010dius 2 dur\u0173 Stal\u010di\u0173 skai\u010dius 4 stal\u010diai Rankena su rankenomis Gamintojas Juoda Raudona Balta Baldo tipas Komodos PVM 23% EAN 5906123930468<\/p>","protected":false},"excerpt":{"rendered":"<p>\u201ePatras\u201c komoda, priklausanti klasikinei kolekcijai, i\u0161siskiria lygiais fasadais, ry\u0161kiomis apdailos detal\u0117mis ir stilizuotomis rankenomis. Jei ie\u0161kote baldo, kuriame b\u016bt\u0173 daug vietos daiktams susid\u0117ti ir kuris b\u016bt\u0173 funkcionalus, \u201ePatras\u201c komoda pateisins j\u016bs\u0173 l\u016bkes\u010dius. Dvi i\u0161orin\u0117s spintel\u0117s ir keturi centriniai stal\u010diai leid\u017eia susisteminti [\u2026]<\/p>","protected":false},"featured_media":259094,"comment_status":"open","ping_status":"open","template":"","meta":[],"product_brand":[],"product_cat":[9200,1173],"product_tag":[],"class_list":{"0":"post-259093","1":"product","2":"type-product","3":"status-publish","4":"has-post-thumbnail","6":"product_cat-black-red-white","7":"product_cat-chests-of-drawers","9":"first","10":"instock","11":"purchasable","12":"product-type-simple"},"_links":{"self":[{"href":"https:\/\/baldumarket.lt\/lt\/wp-json\/wp\/v2\/product\/259093","targetHints":{"allow":["GET"]}}],"collection":[{"href":"https:\/\/baldumarket.lt\/lt\/wp-json\/wp\/v2\/product"}],"about":[{"href":"https:\/\/baldumarket.lt\/lt\/wp-json\/wp\/v2\/types\/product"}],"replies":[{"embeddable":true,"href":"https:\/\/baldumarket.lt\/lt\/wp-json\/wp\/v2\/comments?post=259093"}],"wp:featuredmedia":[{"embeddable":true,"href":"https:\/\/baldumarket.lt\/lt\/wp-json\/wp\/v2\/media\/259094"}],"wp:attachment":[{"href":"https:\/\/baldumarket.lt\/lt\/wp-json\/wp\/v2\/media?parent=259093"}],"wp:term":[{"taxonomy":"product_brand","embeddable":true,"href":"https:\/\/baldumarket.lt\/lt\/wp-json\/wp\/v2\/product_brand?post=259093"},{"taxonomy":"product_cat","embeddable":true,"href":"https:\/\/baldumarket.lt\/lt\/wp-json\/wp\/v2\/product_cat?post=259093"},{"taxonomy":"product_tag","embeddable":true,"href":"https:\/\/baldumarket.lt\/lt\/wp-json\/wp\/v2\/product_tag?post=259093"}],"curies":[{"name":"wp","href":"https:\/\/api.w.org\/{rel}","templated":true}]}}