{"id":259085,"date":"2026-01-13T22:38:05","date_gmt":"2026-01-13T19:38:05","guid":{"rendered":"https:\/\/baldumarket.lt\/product\/komoda-dwudrzwiowa-z-szufladami-frija\/"},"modified":"2026-02-11T18:29:56","modified_gmt":"2026-02-11T15:29:56","slug":"komoda-dwudrzwiowa-z-szufladami-frija","status":"publish","type":"product","link":"https:\/\/baldumarket.lt\/lt\/product\/komoda-dwudrzwiowa-z-szufladami-frija\/","title":{"rendered":"Dviej\u0173 dur\u0173 komoda FRIJA"},"content":{"rendered":"<p>\u201eFrija\u201c komoda \u2013 prakti\u0161kas sprendimas daikt\u0173 laikymui. \u201eFrija\u201c komoda pasi\u017eymi unikaliu dizainu ir prakti\u0161komis daikt\u0173 laikymo galimyb\u0117mis, puikiai papildan\u010diomis j\u016bs\u0173 miegamojo interjer\u0105. Jei ie\u0161kote baldo, kuris ne tik maksimaliai padidint\u0173 erdv\u0119 daiktams laikyti, bet ir suteikt\u0173 j\u016bs\u0173 interjerui stiling\u0105 dekoratyvin\u012f akcent\u0105, \u201eFrija\u201c komoda yra puikus pasirinkimas. Unikali estetika \u012fkv\u0117pta skandinavi\u0161ko stiliaus, o tobulas spalv\u0173 derinys ir kruop\u0161ti apdaila pabr\u0117\u017eia minimalistin\u0119 elegancij\u0105. \u201eArtisan Oak\u201c stalvir\u0161is suteikia nat\u016bralaus \u017eavesio, o \u201eAndersen\u201c pu\u0161ies fasadai ir r\u0117mai sukuria malon\u0173 kontrast\u0105, suteikdami visai komodai modernumo. Juodos metalin\u0117s rankenos ir dekoratyvin\u0117s stiklinimo juostos ant dureli\u0173 suteikia unikalaus charakterio. Ta\u010diau \u201eFrija\u201c komoda ne tik \u017eavi savo dizainu, bet ir i\u0161siskiria funkcionalumu. Keturi erdv\u016bs stal\u010diai ant \u0161velniai u\u017esidaran\u010di\u0173 b\u0117geli\u0173 leid\u017eia tyliai atidaryti ir u\u017edaryti daiktus, o tai ypa\u010d svarbu miegamajame. Varstomos komodos durel\u0117s slepia erdvias lentynas, suteikdamos papildomos vietos daiktams laikyti. \u201eFrija\u201c komoda si\u016blo daug vietos \u012fvairiems daiktams susid\u0117ti, o jos stalvir\u0161is \u2013 puiki vieta aksesuarams eksponuoti, kurie suteiks j\u016bs\u0173 miegamajam asmeni\u0161kumo. Nesvarbu, ar jums reikia laikyti drabu\u017eius, aksesuarus, antklodes ar patalyn\u0119, \u201eFrija\u201c komoda pateisins j\u016bs\u0173 l\u016bkes\u010dius. Kartu su lova ir kitais \u201eFrija\u201c serijos daiktais, miegamajame sukursite darni\u0105 atmosfer\u0105, u\u017etikrindami harmonij\u0105, stili\u0173 ir tvark\u0105.<\/p>\n<p>Prek\u0117s kodas S611-KOM2D4S-APW\/DASN Simbolis ZM EAN Plotis 153 cm Gylis 43,5 cm Auk\u0161tis 93 cm Kolekcija Frija Spalva andersen pu\u0161is balta\/artisan \u0105\u017euolas Gaubtas \u0161viesi mediena Stilius Skandinavi\u0161kas Med\u017eiaga laminatas Dureli\u0173 skai\u010dius 2 dur\u0173 Stal\u010di\u0173 skai\u010dius 4 stal\u010diai Rankena su rankenomis Gamintojas Juoda Raudona Balta Baldo tipas Komodos PVM 23% EAN 5906123814430<\/p>","protected":false},"excerpt":{"rendered":"<p>\u201eFrija\u201c komoda \u2013 prakti\u0161kas daikt\u0173 laikymo sprendimas. \u201eFrija\u201c komoda pasi\u017eymi unikaliu dizainu ir prakti\u0161komis daikt\u0173 laikymo galimyb\u0117mis, puikiai papildan\u010diomis j\u016bs\u0173 miegamojo interjer\u0105. Jei ie\u0161kote baldo, kuris ne tik maksimaliai padidint\u0173 daikt\u0173 laikymo erdv\u0119, bet ir suteikt\u0173 stiling\u0105 dekoratyv\u0173 akcent\u0105 j\u016bs\u0173 interjerui, \u201eFrija\u201c [\u2026]<\/p>","protected":false},"featured_media":259086,"comment_status":"open","ping_status":"open","template":"","meta":[],"product_brand":[],"product_cat":[9200,1173],"product_tag":[],"class_list":{"0":"post-259085","1":"product","2":"type-product","3":"status-publish","4":"has-post-thumbnail","6":"product_cat-black-red-white","7":"product_cat-chests-of-drawers","9":"first","10":"instock","11":"purchasable","12":"product-type-simple"},"_links":{"self":[{"href":"https:\/\/baldumarket.lt\/lt\/wp-json\/wp\/v2\/product\/259085","targetHints":{"allow":["GET"]}}],"collection":[{"href":"https:\/\/baldumarket.lt\/lt\/wp-json\/wp\/v2\/product"}],"about":[{"href":"https:\/\/baldumarket.lt\/lt\/wp-json\/wp\/v2\/types\/product"}],"replies":[{"embeddable":true,"href":"https:\/\/baldumarket.lt\/lt\/wp-json\/wp\/v2\/comments?post=259085"}],"wp:featuredmedia":[{"embeddable":true,"href":"https:\/\/baldumarket.lt\/lt\/wp-json\/wp\/v2\/media\/259086"}],"wp:attachment":[{"href":"https:\/\/baldumarket.lt\/lt\/wp-json\/wp\/v2\/media?parent=259085"}],"wp:term":[{"taxonomy":"product_brand","embeddable":true,"href":"https:\/\/baldumarket.lt\/lt\/wp-json\/wp\/v2\/product_brand?post=259085"},{"taxonomy":"product_cat","embeddable":true,"href":"https:\/\/baldumarket.lt\/lt\/wp-json\/wp\/v2\/product_cat?post=259085"},{"taxonomy":"product_tag","embeddable":true,"href":"https:\/\/baldumarket.lt\/lt\/wp-json\/wp\/v2\/product_tag?post=259085"}],"curies":[{"name":"wp","href":"https:\/\/api.w.org\/{rel}","templated":true}]}}