{"id":259077,"date":"2026-01-13T22:37:59","date_gmt":"2026-01-13T19:37:59","guid":{"rendered":"https:\/\/baldumarket.lt\/product\/komoda-dwudrzwiowa-z-szufladami-balder-155-cm-dab-riviera-bialy-polysk\/"},"modified":"2026-02-11T18:29:56","modified_gmt":"2026-02-11T15:29:56","slug":"komoda-dwudrzwiowa-z-szufladami-balder-155-cm-dab-riviera-bialy-polysk","status":"publish","type":"product","link":"https:\/\/baldumarket.lt\/lt\/product\/komoda-dwudrzwiowa-z-szufladami-balder-155-cm-dab-riviera-bialy-polysk\/","title":{"rendered":"BALDER dviej\u0173 dur\u0173 komoda su stal\u010diais 155 cm, Riviera \u0105\u017euolas\/balta blizgi spalva"},"content":{"rendered":"<p>\u201eBalder\u201c komoda \u2013 puikus pasirinkimas tiems, kurie savo interjere, ypa\u010d svetain\u0117je, renkasi paprastum\u0105 ir modern\u0173 dizain\u0105. \u0160is prakti\u0161kas ir eleganti\u0161kas baldas turi dvi erdvias spinteles ir keturis kompakti\u0161kus stal\u010dius, kuriuose yra daug vietos b\u016btiniausiems daiktams susid\u0117ti. Be to, platus stalvir\u0161is leid\u017eia eksponuoti dekoratyvinius daiktus, tokius kaip vazos, g\u0117l\u0117s ar \u0161eimos nuotraukos, sukuriant \u017eaving\u0105 ekspozicij\u0105. Geometrin\u0117s linijos ir dizainas, pary\u0161kinti dr\u0105siomis korpuso lentel\u0117mis, yra b\u016bdingi \u201eBalder\u201c kolekcijai. Spalv\u0173 gama, kurioje derinamas \u0161iltas \u201eRiviera\u201c \u0105\u017euolas ir neutrali blizgi balta spalva, sukuria universal\u0173 pagrind\u0105, idealiai tinkant\u012f \u012fvairiems dekoro elementams. Firminiai aksesuarai ir paprastos ranken\u0117l\u0117s u\u017etikrina paprast\u0105 naudojim\u0105. Galimyb\u0117 derinti \u201eBalder\u201c komod\u0105 su kitais kolekcijos elementais leid\u017eia sukurti darn\u0173 interjero dizain\u0105 svetain\u0117je, miegamajame ar jaunimo kambaryje, nes \u012fvair\u016bs moduliai leid\u017eia lanks\u010diai i\u0161d\u0117styti baldus.<\/p>\n<p>Prek\u0117s kodas S382-KOM2D4S-DRI\/BIP Simbolis ZM EAN Plotis 155 cm Gylis 39 cm Auk\u0161tis 88 cm Kolekcija Balder Spalva Rivjeros \u0105\u017euolas\/blizgi balta Gaubtas \u0161viesus medis Stilius modernus Med\u017eiaga laminatas Dureli\u0173 skai\u010dius 2 dur\u0173 Stal\u010di\u0173 skai\u010dius 4 stal\u010diai Rankena su ranken\u0117l\u0117mis Gamintojas Juoda Raudona Balta Baldo tipas Komodos PVM 23% EAN 5906123928052<\/p>","protected":false},"excerpt":{"rendered":"<p>\u201eBalder\u201c komoda yra puikus pasirinkimas tiems, kurie savo interjere, ypa\u010d svetain\u0117je, renkasi paprastum\u0105 ir modern\u0173 dizain\u0105. \u0160is prakti\u0161kas ir eleganti\u0161kas baldas turi dvi erdvias spinteles ir keturis kompakti\u0161kus stal\u010dius, kuriuose yra daug vietos b\u016btiniausiems daiktams susid\u0117ti. Be to, platus stalvir\u0161is leid\u017eia eksponuoti dekoratyvinius daiktus, tokius kaip [\u2026]<\/p>","protected":false},"featured_media":259078,"comment_status":"open","ping_status":"open","template":"","meta":[],"product_brand":[],"product_cat":[9200,1173],"product_tag":[],"class_list":{"0":"post-259077","1":"product","2":"type-product","3":"status-publish","4":"has-post-thumbnail","6":"product_cat-black-red-white","7":"product_cat-chests-of-drawers","9":"first","10":"instock","11":"purchasable","12":"product-type-simple"},"_links":{"self":[{"href":"https:\/\/baldumarket.lt\/lt\/wp-json\/wp\/v2\/product\/259077","targetHints":{"allow":["GET"]}}],"collection":[{"href":"https:\/\/baldumarket.lt\/lt\/wp-json\/wp\/v2\/product"}],"about":[{"href":"https:\/\/baldumarket.lt\/lt\/wp-json\/wp\/v2\/types\/product"}],"replies":[{"embeddable":true,"href":"https:\/\/baldumarket.lt\/lt\/wp-json\/wp\/v2\/comments?post=259077"}],"wp:featuredmedia":[{"embeddable":true,"href":"https:\/\/baldumarket.lt\/lt\/wp-json\/wp\/v2\/media\/259078"}],"wp:attachment":[{"href":"https:\/\/baldumarket.lt\/lt\/wp-json\/wp\/v2\/media?parent=259077"}],"wp:term":[{"taxonomy":"product_brand","embeddable":true,"href":"https:\/\/baldumarket.lt\/lt\/wp-json\/wp\/v2\/product_brand?post=259077"},{"taxonomy":"product_cat","embeddable":true,"href":"https:\/\/baldumarket.lt\/lt\/wp-json\/wp\/v2\/product_cat?post=259077"},{"taxonomy":"product_tag","embeddable":true,"href":"https:\/\/baldumarket.lt\/lt\/wp-json\/wp\/v2\/product_tag?post=259077"}],"curies":[{"name":"wp","href":"https:\/\/api.w.org\/{rel}","templated":true}]}}