{"id":259073,"date":"2026-01-13T22:37:55","date_gmt":"2026-01-13T19:37:55","guid":{"rendered":"https:\/\/baldumarket.lt\/product\/komoda-dwudrzwiowa-z-szuflada-stockholm-103-cm-andersen-pine-white-dab-sonoma-ciemna\/"},"modified":"2026-02-11T18:29:56","modified_gmt":"2026-02-11T15:29:56","slug":"komoda-dwudrzwiowa-z-szuflada-stockholm-103-cm-andersen-pine-white-dab-sonoma-ciemna","status":"publish","type":"product","link":"https:\/\/baldumarket.lt\/lt\/product\/komoda-dwudrzwiowa-z-szuflada-stockholm-103-cm-andersen-pine-white-dab-sonoma-ciemna\/","title":{"rendered":"STOCKHOLM 103 cm Andersen pu\u0161ies balta\/tamsaus Sonoma \u0105\u017euolo dviej\u0173 dur\u0173 komoda"},"content":{"rendered":"<p>\u2019Stockholm\u201c komoda \u2013 funkcionalumas ir stilius j\u016bs\u0173 baltame miegamajame. Jei j\u016bs\u0173 vizija \u2013 sukurti gra\u017e\u0173 ir funkcional\u0173 skandinavi\u0161ko stiliaus miegam\u0105j\u012f, \u201eStockholm\u201c kolekcija yra puikus pasirinkimas. \u201eStockholm\u201c komoda yra pagrindinis \u0161ios kolekcijos elementas, padedantis palaikyti tvark\u0105 miegamajame, i\u0161laikant unikal\u0173 skandinavi\u0161k\u0105 dizain\u0105. \u0160tai pagrindin\u0117s \u201eStockholm\u201c komodos savyb\u0117s ir privalumai: Komoda pasi\u017eymi erdviomis durel\u0117mis, kurios atveria erdv\u0173 vid\u0173, puikiai tinkant\u012f drabu\u017eiams, patalynei ar kitiems daiktams, kuriuos norite tvarkingai laikyti. Papildomas patogus stal\u010dius leid\u017eia laikyti smulkius daiktus, tokius kaip papuo\u0161alai ar dokumentai. Komodos fasadai apdailinti subtilia balta Anderseno pu\u0161imi, suteikian\u010dia baldams gaiv\u0173, skandinavi\u0161k\u0105 vaizd\u0105. Tamsaus Sonoma \u0105\u017euolo stalvir\u0161is sukuria gra\u017e\u0173 kontrast\u0105, o i\u0161skirtiniai sendinti pavir\u0161iai ir subtilios dekoratyvin\u0117s juostel\u0117s suteikia unikal\u0173 charakter\u012f. Metalin\u0117s ranken\u0117l\u0117s, puo\u0161ian\u010dios komod\u0105, ne tik suteikia \u017eavesio, bet ir palengvina dureli\u0173 bei stal\u010di\u0173 atidarym\u0105 ir u\u017edarym\u0105. Tai ir prakti\u0161ka, ir dekoratyvu. D\u0117l firmini\u0173 vyri\u0173 ir \u0161velnaus u\u017edarymo b\u0117geli\u0173, komoda naudotis yra ne tik patogu, bet ir tylu. Galite laisvai atidaryti ir u\u017edaryti duris bei stal\u010dius, nesijaudindami d\u0117l triuk\u0161mo. \u201eStockholm\u201c kolekcijoje si\u016blomi \u012fvair\u016bs elementai, tokie kaip naktinis staliukas, drabu\u017ei\u0173 spinta ir lova. Kartu galite sukurti darn\u0173 ir harmoning\u0105 miegam\u0105j\u012f, kuriame visi baldai puikiai dera tarpusavyje. Trumpai tariant, \u201eStockholm\u201c komoda yra ne tik prakti\u0161kas daikt\u0173 laikymo sprendimas, bet ir svarbus dekoratyvinis elementas, suteikiantis j\u016bs\u0173 miegamajam skandinavi\u0161ko stiliaus. D\u0117l savo funkcionalumo ir estetikos galite m\u0117gautis gra\u017eiu ir tvarkingu interjeru. Pasinaudokite visa \u201eStockholm\u201c kolekcija, kad sukurtum\u0117te savo svajoni\u0173 miegam\u0105j\u012f, kuriame kiekvien\u0105 dien\u0105 jausit\u0117s patogiai ir atsipalaidav\u0119.<\/p>\n<p>Prek\u0117s kodas S239-KOM2D1S\/9\/10-APW\/DSOC Simbolis ZM EAN Plotis 103 cm Gylis 43 cm Auk\u0161tis 88 cm Kolekcija Stockholm Spalva andersen pu\u0161is balta\/tamsus sonoma \u0105\u017euolas Gaubtas \u0161viesi mediena Stilius Skandinavi\u0161kas Med\u017eiaga laminatas Dureli\u0173 skai\u010dius 2 dur\u0173 Stal\u010di\u0173 skai\u010dius 1 stal\u010dius Rankena su ranken\u0117l\u0117mis Gamintojas Juoda Raudona Balta Baldo tipas Komodos PVM 23% EAN 5906123923217<\/p>","protected":false},"excerpt":{"rendered":"<p>Stockholm Chest of Drawers &#8211; Functionality and Style in Your White Bedroom. If your vision is to create a beautiful and functional Scandinavian-style bedroom, the Stockholm collection is the perfect choice. The Stockholm Chest of Drawers is a key element of this collection, helping you keep your bedroom organized while maintaining a unique Scandinavian design. [&hellip;]<\/p>","protected":false},"featured_media":259074,"comment_status":"open","ping_status":"open","template":"","meta":[],"product_brand":[],"product_cat":[9200,1173],"product_tag":[],"class_list":{"0":"post-259073","1":"product","2":"type-product","3":"status-publish","4":"has-post-thumbnail","6":"product_cat-black-red-white","7":"product_cat-chests-of-drawers","9":"first","10":"instock","11":"purchasable","12":"product-type-simple"},"_links":{"self":[{"href":"https:\/\/baldumarket.lt\/lt\/wp-json\/wp\/v2\/product\/259073","targetHints":{"allow":["GET"]}}],"collection":[{"href":"https:\/\/baldumarket.lt\/lt\/wp-json\/wp\/v2\/product"}],"about":[{"href":"https:\/\/baldumarket.lt\/lt\/wp-json\/wp\/v2\/types\/product"}],"replies":[{"embeddable":true,"href":"https:\/\/baldumarket.lt\/lt\/wp-json\/wp\/v2\/comments?post=259073"}],"wp:featuredmedia":[{"embeddable":true,"href":"https:\/\/baldumarket.lt\/lt\/wp-json\/wp\/v2\/media\/259074"}],"wp:attachment":[{"href":"https:\/\/baldumarket.lt\/lt\/wp-json\/wp\/v2\/media?parent=259073"}],"wp:term":[{"taxonomy":"product_brand","embeddable":true,"href":"https:\/\/baldumarket.lt\/lt\/wp-json\/wp\/v2\/product_brand?post=259073"},{"taxonomy":"product_cat","embeddable":true,"href":"https:\/\/baldumarket.lt\/lt\/wp-json\/wp\/v2\/product_cat?post=259073"},{"taxonomy":"product_tag","embeddable":true,"href":"https:\/\/baldumarket.lt\/lt\/wp-json\/wp\/v2\/product_tag?post=259073"}],"curies":[{"name":"wp","href":"https:\/\/api.w.org\/{rel}","templated":true}]}}