{"id":259065,"date":"2026-01-13T22:37:49","date_gmt":"2026-01-13T19:37:49","guid":{"rendered":"https:\/\/baldumarket.lt\/product\/komoda-dwudrzwiowa-z-szuflada-nevada-81-cm-dab-riviera\/"},"modified":"2026-02-11T18:29:56","modified_gmt":"2026-02-11T15:29:56","slug":"komoda-dwudrzwiowa-z-szuflada-nevada-81-cm-dab-riviera","status":"publish","type":"product","link":"https:\/\/baldumarket.lt\/lt\/product\/komoda-dwudrzwiowa-z-szuflada-nevada-81-cm-dab-riviera\/","title":{"rendered":"Nevada dviej\u0173 dur\u0173 komoda su stal\u010diais, 81 cm, Riviera \u0105\u017euolas"},"content":{"rendered":"<p>Nevada komoda \u2013 kontroliuojama biuro tvarka. Nevada komoda yra eleganti\u0161kas ir funkcionalus baldas i\u0161 Nevada biuro kolekcijos, kuriame dera modernus dizainas ir prakti\u0161kumas. Pagaminta i\u0161 auk\u0161tos kokyb\u0117s med\u017eiag\u0173 ir si\u016bloma su nesenstan\u010dia Riviera Oak apdaila bei Signal White stiklo fasadais, Nevada komoda puikiai tiks bet kurioje biuro erdv\u0117je, suteikdama jai modern\u0173 ir stiling\u0105 charakter\u012f. Nevada komodos ypatyb\u0117s: 81 x 110 x 37 cm matmenys leid\u017eia patogiai laikyti kompakti\u0161koje formoje. Dvi durel\u0117s atveria erdv\u0173 vid\u0173, idealiai tinkant\u012f dokumentams, knygoms ir kitiems biuro reikmenims. Platus stal\u010dius suteikia papildomos vietos smulkiems daiktams, pavyzd\u017eiui, ra\u0161ikliams, u\u017era\u0161\u0173 knygoms ar elektronikai. Gr\u016bdintu stiklu, lakuotu Signal White, padengti fasadai suteikia komodai eleganti\u0161k\u0105, modern\u0173 vaizd\u0105. Minimalistin\u0117s linijos ir subtilios detal\u0117s pabr\u0117\u017eia nesenstant\u012f, universal\u0173 baldo charakter\u012f. Nevada kolekcijos dalis, leid\u017eianti sukurti darn\u0173 ir eleganti\u0161k\u0105 biuro interjer\u0105. Stilius ir funkcionalumas biure. Nevada komoda yra puikus sprendimas tiems, kurie ie\u0161ko elegancijos ir funkcionalumo viename. Gerai apgalvotas vidaus i\u0161planavimas ir minimalistinis dizainas paver\u010dia \u0161\u012f bald\u0105 universaliu baldu, kuris papildys bet kur\u012f biur\u0105, suteikdamas tvarkos ir harmonijos. Tvirta konstrukcija garantuoja ilgalaik\u012f naudojim\u0105, o moderni apdaila suteikia bet kokiai biuro erdvei klas\u0117s ir stiliaus. Komoda \u201eNevada\u201c yra stilingas ir prakti\u0161kas pasirinkimas tiems, kurie vertina estetik\u0105 ir biuro tvark\u0105. D\u0117l gerai apgalvoto dizaino ir auk\u0161tos kokyb\u0117s gamybos \u201eNevada\u201c komoda suteikia vietos biuro reikmenims laikyti ir tvarkyti, i\u0161laikant eleganti\u0161k\u0105 i\u0161vaizd\u0105. Tai puikus baldas, kuris suteiks harmonijos ir funkcionalumo bet kokiam interjerui, patenkindamas kiekvieno naudotojo poreikius.<\/p>\n<p>Prek\u0117s kodas S599-SFK2D1S\/80-DRI Plotis 81 cm Gylis 37 cm Auk\u0161tis 110 cm Kolekcija Nevada Spalva rivjeros \u0105\u017euolas Gaubtas \u0161viesi mediena Stilius modernus Med\u017eiaga laminatas Dureli\u0173 skai\u010dius 2 dur\u0173 Stal\u010di\u0173 skai\u010dius 1 dur\u0173 Rankena su ranken\u0117l\u0117mis Gamintojas Juoda Raudona Balta Baldo tipas Komodos PVM 23% EAN 5906123049931<\/p>","protected":false},"excerpt":{"rendered":"<p>Nevada komoda \u2013 biuro organizavimas kontroliuojamas. Nevada komoda yra eleganti\u0161kas ir funkcionalus baldas i\u0161 Nevada biuro kolekcijos, kuriame derinamas modernus dizainas ir prakti\u0161kumas. Pagaminta i\u0161 auk\u0161tos kokyb\u0117s med\u017eiag\u0173 ir si\u016bloma su nesenstan\u010dia Riviera Oak apdaila su Signal White stiklo fasadais, Nevada komoda [\u2026]<\/p>","protected":false},"featured_media":259066,"comment_status":"open","ping_status":"open","template":"","meta":[],"product_brand":[],"product_cat":[9200,1173],"product_tag":[],"class_list":{"0":"post-259065","1":"product","2":"type-product","3":"status-publish","4":"has-post-thumbnail","6":"product_cat-black-red-white","7":"product_cat-chests-of-drawers","9":"first","10":"instock","11":"purchasable","12":"product-type-simple"},"_links":{"self":[{"href":"https:\/\/baldumarket.lt\/lt\/wp-json\/wp\/v2\/product\/259065","targetHints":{"allow":["GET"]}}],"collection":[{"href":"https:\/\/baldumarket.lt\/lt\/wp-json\/wp\/v2\/product"}],"about":[{"href":"https:\/\/baldumarket.lt\/lt\/wp-json\/wp\/v2\/types\/product"}],"replies":[{"embeddable":true,"href":"https:\/\/baldumarket.lt\/lt\/wp-json\/wp\/v2\/comments?post=259065"}],"wp:featuredmedia":[{"embeddable":true,"href":"https:\/\/baldumarket.lt\/lt\/wp-json\/wp\/v2\/media\/259066"}],"wp:attachment":[{"href":"https:\/\/baldumarket.lt\/lt\/wp-json\/wp\/v2\/media?parent=259065"}],"wp:term":[{"taxonomy":"product_brand","embeddable":true,"href":"https:\/\/baldumarket.lt\/lt\/wp-json\/wp\/v2\/product_brand?post=259065"},{"taxonomy":"product_cat","embeddable":true,"href":"https:\/\/baldumarket.lt\/lt\/wp-json\/wp\/v2\/product_cat?post=259065"},{"taxonomy":"product_tag","embeddable":true,"href":"https:\/\/baldumarket.lt\/lt\/wp-json\/wp\/v2\/product_tag?post=259065"}],"curies":[{"name":"wp","href":"https:\/\/api.w.org\/{rel}","templated":true}]}}