{"id":259045,"date":"2026-01-13T22:37:28","date_gmt":"2026-01-13T19:37:28","guid":{"rendered":"https:\/\/baldumarket.lt\/product\/komoda-dwudrzwiowa-z-szuflada-nepo-plus-80-cm-dab-sonoma-bialy\/"},"modified":"2026-02-11T18:29:56","modified_gmt":"2026-02-11T15:29:56","slug":"komoda-dwudrzwiowa-z-szuflada-nepo-plus-80-cm-dab-sonoma-bialy","status":"publish","type":"product","link":"https:\/\/baldumarket.lt\/lt\/product\/komoda-dwudrzwiowa-z-szuflada-nepo-plus-80-cm-dab-sonoma-bialy\/","title":{"rendered":"NEPO PLUS dviej\u0173 dur\u0173 komoda su stal\u010diumi, 80 cm, Sonoma \u0105\u017euolas\/balta"},"content":{"rendered":"<p>\u2019Nepo Plus\u201c komoda \u2013 funkcionalumas ir patrauklus dizainas. Jei svajojate apie nam\u0173 dekor\u0105, kuris ne tik pritraukt\u0173 sve\u010dius, bet ir patenkint\u0173 visus j\u016bs\u0173 nam\u0173 \u016bkio poreikius, \u201eNepo Plus KOM2D1S\u201c komoda gali b\u016bti puikus sprendimas. \u0160is baldas puikiai derina klasikinio ir modernaus stiliaus elementus, tod\u0117l tinka \u012fvairiems interjerams. J\u012f galite pastatyti svetain\u0117je, prie\u0161kambaryje, darbo kambaryje, miegamajame ar net jaunimo kambaryje. D\u0117l savo universalumo j\u012f galima pritaikyti prie bet kokio kambario charakterio. Vienas pirm\u0173j\u0173 dalyk\u0173, \u012f kuriuos atkreipiamas d\u0117mesys, yra \u201eNepo Plus KOM2D1S\u201c komodos spalv\u0173 \u012fvairov\u0117. Galima rinktis i\u0161 toki\u0173 spalv\u0173 kaip \u201eMonastery Oak\u201c, balta, balta ir Sonoma \u0105\u017euolas, \u201eMonastery Oak\u201c ir Sonoma \u0105\u017euolas, \u201eSonoma \u0105\u017euolas\u201c ir \u201eMonastery Oak\u201c ir balta, balta ir Sonoma \u0105\u017euolas, bei balta, Sonoma \u0105\u017euolas, tod\u0117l galite priderinti bald\u0105 prie esamo interjero dizaino arba sukurti kontrast\u0105, kuris \u012fne\u0161 naujos gyvyb\u0117s \u012f kambar\u012f. \u201eNepo Plus KOM2D1S\u201c komoda buvo kruop\u0161\u010diai suprojektuota siekiant u\u017etikrinti stabilum\u0105 ir ilgaam\u017ei\u0161kum\u0105. Tai ypa\u010d svarbu, jei planuojate laikyti \u012fvairius daiktus \u2013 nuo drabu\u017ei\u0173 spintos element\u0173 iki \u012ftais\u0173 ir nieku\u010di\u0173. Erdvus stal\u010dius ir spintel\u0117 leid\u017eia sutvarkyti erdv\u0119 ir palaikyti tvark\u0105 namuose. \u0160is baldas yra ne tik prakti\u0161kas daikt\u0173 laikymo sprendimas, bet ir dekoratyvinis elementas, suteikiantis j\u016bs\u0173 interjerui unikal\u0173 charakter\u012f. Jo dizainas yra eleganti\u0161kas ir modernus, tod\u0117l \u201eNepo Plus KOM2D1S\u201c komoda yra puikus bet kurio kambario akcentas, atkreipiantis d\u0117mes\u012f ir suteikiantis stiliaus. \u201eNepo Plus KOM2D1S\u201c komoda yra vienas i\u0161 daugelio \u201eNepo Plus\u201c kolekcijos variant\u0173. Jei norite sukurti darni\u0105 i\u0161vaizd\u0105 savo namuose, verta apsvarstyti kitus \u0161ios linijos baldus. Jie pad\u0117s jums sukurti svajoni\u0173 interjer\u0105, kuris atitiks visus j\u016bs\u0173 l\u016bkes\u010dius ir poreikius. Trumpai tariant, \u201eNepo Plus KOM2D1S\u201c komoda yra ne tik funkcionalus daikt\u0173 laikymo sprendimas, bet ir stilingas baldas, kuris pakeis j\u016bs\u0173 interjero i\u0161vaizd\u0105. D\u0117l spalv\u0173 \u012fvairov\u0117s, patvarios konstrukcijos ir patrauklaus dizaino ji puikiai tinka \u012fvairiems j\u016bs\u0173 nam\u0173 kambariams. Pakeiskite savo interjer\u0105 su \u201eNepo Plus\u201c komoda!<\/p>\n<p>Prek\u0117s kodas S435-KOM2D1S-DSO\/BI Simbolis ZM EAN Plotis 80 cm Gylis 34 cm Auk\u0161tis 84 cm Kolekcija Nepo Plus Spalva sonoma \u0105\u017euolas\/balta Gaubtas \u0161viesus medis Stilius modernus Dureli\u0173 skai\u010dius 2 dur\u0173 Stal\u010di\u0173 skai\u010dius 1 stal\u010dius Rankena su ranken\u0117l\u0117mis Gamintojas Juoda Raudona Balta Baldo tipas Komodos PVM 23% EAN 5906123948203<\/p>","protected":false},"excerpt":{"rendered":"<p>\u201eNepo Plus\u201c komoda \u2013 funkcionalumas ir patrauklus dizainas. Jei svajojate apie nam\u0173 interjer\u0105, kuris ne tik pritraukt\u0173 sve\u010dius, bet ir patenkint\u0173 visus j\u016bs\u0173 nam\u0173 \u016bkio poreikius, \u201eNepo Plus KOM2D1S\u201c komoda gali b\u016bti puikus sprendimas. \u0160is baldas puikiai derina klasikin\u012f ir modern\u0173 stili\u0173 [\u2026]<\/p>","protected":false},"featured_media":259046,"comment_status":"open","ping_status":"open","template":"","meta":[],"product_brand":[],"product_cat":[9200,1173],"product_tag":[],"class_list":{"0":"post-259045","1":"product","2":"type-product","3":"status-publish","4":"has-post-thumbnail","6":"product_cat-black-red-white","7":"product_cat-chests-of-drawers","9":"first","10":"instock","11":"purchasable","12":"product-type-simple"},"_links":{"self":[{"href":"https:\/\/baldumarket.lt\/lt\/wp-json\/wp\/v2\/product\/259045","targetHints":{"allow":["GET"]}}],"collection":[{"href":"https:\/\/baldumarket.lt\/lt\/wp-json\/wp\/v2\/product"}],"about":[{"href":"https:\/\/baldumarket.lt\/lt\/wp-json\/wp\/v2\/types\/product"}],"replies":[{"embeddable":true,"href":"https:\/\/baldumarket.lt\/lt\/wp-json\/wp\/v2\/comments?post=259045"}],"wp:featuredmedia":[{"embeddable":true,"href":"https:\/\/baldumarket.lt\/lt\/wp-json\/wp\/v2\/media\/259046"}],"wp:attachment":[{"href":"https:\/\/baldumarket.lt\/lt\/wp-json\/wp\/v2\/media?parent=259045"}],"wp:term":[{"taxonomy":"product_brand","embeddable":true,"href":"https:\/\/baldumarket.lt\/lt\/wp-json\/wp\/v2\/product_brand?post=259045"},{"taxonomy":"product_cat","embeddable":true,"href":"https:\/\/baldumarket.lt\/lt\/wp-json\/wp\/v2\/product_cat?post=259045"},{"taxonomy":"product_tag","embeddable":true,"href":"https:\/\/baldumarket.lt\/lt\/wp-json\/wp\/v2\/product_tag?post=259045"}],"curies":[{"name":"wp","href":"https:\/\/api.w.org\/{rel}","templated":true}]}}