{"id":259017,"date":"2026-01-13T22:37:06","date_gmt":"2026-01-13T19:37:06","guid":{"rendered":"https:\/\/baldumarket.lt\/product\/komoda-dwudrzwiowa-z-szuflada-nepo-plus-80-cm-dab-noble\/"},"modified":"2026-02-11T18:29:57","modified_gmt":"2026-02-11T15:29:57","slug":"komoda-dwudrzwiowa-z-szuflada-nepo-plus-80-cm-dab-noble","status":"publish","type":"product","link":"https:\/\/baldumarket.lt\/lt\/product\/komoda-dwudrzwiowa-z-szuflada-nepo-plus-80-cm-dab-noble\/","title":{"rendered":"Dvidur\u0117 komoda su stal\u010diumi NEPO PLUS 80 cm, kilnus \u0105\u017euolas"},"content":{"rendered":"<p>\u201eNepo Plus\u201c komoda \u2013 patrauklumas ir funkcionalumas j\u016bs\u0173 namuose. \u201eNepo Plus\u201c komoda yra unikalus baldas, kuriame dera klasikinis stilius ir modernus funkcionalumas. Ji puikiai tinka \u012fvairiems kambariams, pavyzd\u017eiui, svetainei, miegamajam, prie\u0161kambariui, darbo kambariui ar jaunimo kambariui. Universalus dizainas ir gerai apgalvota konstrukcija leid\u017eia jai harmoningai \u012fsilieti \u012f bet kok\u012f interjer\u0105, tod\u0117l jis tampa prakti\u0161kesnis ir patrauklesnis. Patogumas ir funkcionalumas<br \/>\n\u201eNepo Plus\u201c komoda buvo sukurta galvojant apie maksimal\u0173 naudojimo patogum\u0105. Erdvus stal\u010dius ir u\u017erakinama spintel\u0117 suteikia vietos \u012fvairiems daiktams laikyti \u2013 nuo drabu\u017ei\u0173 iki nieku\u010di\u0173 ir kasdieni\u0173 aksesuar\u0173. D\u0117l gerai apgalvotos konstrukcijos \u0161\u012f bald\u0105 lengva pri\u017ei\u016br\u0117ti ir sutvarkyti kambaryje. Stilius ir patvarumas<br \/>\nKomoda pagaminta i\u0161 patvarios laminuotos plok\u0161t\u0117s su kilnaus \u0105\u017euolo apdaila. D\u0117l universalaus spalv\u0173 derinio ji tinka \u012fvairiems interjero stiliams \u2013 nuo klasikinio iki modernaus. Laminuotas \u0161ios indaujas yra atsparus \u012fbr\u0117\u017eimams ir lengvai valomas, tod\u0117l tai prakti\u0161kas pasirinkimas ilgus metus. Savyb\u0117s: Erdvus stal\u010dius \u2013 puikiai tinka smulkiems daiktams, aksesuarams ar dokumentams. Rakinama spintel\u0117 \u2013 puikiai tinka didesniems daiktams, pavyzd\u017eiui, drabu\u017eiams ar buitinei technikai. Laminuotas pavir\u0161ius \u2013 atsparus \u012fbr\u0117\u017eimams ir lengvai valomas. Kilnaus \u0105\u017euolo spalva \u2013 universalus dizainas, kuris dera prie \u012fvairi\u0173 interjero dizain\u0173. Kompakti\u0161kas dizainas \u2013 tinka tiek ma\u017eesn\u0117ms, tiek didesn\u0117ms erdv\u0117ms. Santrauka<br \/>\n\u201eNepo Plus\u201c indauja \u2013 prakti\u0161kas ir eleganti\u0161kas baldas, puikiai tiksiantis bet kuriame kambaryje. D\u0117l funkcionalumo, patvarumo ir estetikos tai puikus pasirinkimas norint sutvarkyti erdv\u0119 ir padidinti interjero dekoratyvin\u0119 vert\u0119. Pasirinkite \u201eNepo Plus\u201c indauja ir derinkite j\u0105 su kitais tos pa\u010dios kolekcijos baldais, kad sukurtum\u0117te darn\u0173 ir ergonomi\u0161k\u0105 interjer\u0105, pritaikyt\u0105 j\u016bs\u0173 poreikiams.<\/p>\n<p>Prek\u0117s kodas S435-KOM2D1S-DNO Plotis 80 cm Gylis 34 cm Auk\u0161tis 84 cm Kolekcija \u201eNepo Plus\u201c Spalva kilnus \u0105\u017euolas Atspalvis tamsi mediena Stilius modernus Med\u017eiaga laminatas Dureli\u0173 skai\u010dius 2 dur\u0173 Stal\u010di\u0173 skai\u010dius 1 stal\u010dius Rankena su ranken\u0117l\u0117mis Gamintojas Juoda Raudona Balta Baldo tipas Komodos PVM 23% EAN 5906123051637<\/p>","protected":false},"excerpt":{"rendered":"<p>\u201eNepo Plus\u201c komoda \u2013 patrauklumas ir funkcionalumas j\u016bs\u0173 namuose. \u201eNepo Plus\u201c komoda yra unikalus baldas, kuriame dera klasikinis stilius ir modernus funkcionalumas. Ji puikiai tinka \u012fvairiems kambariams, pavyzd\u017eiui, svetainei, miegamajam, prie\u0161kambariui, darbo kambariui ar jaunimo kambariui. Universalus dizainas ir gerai apgalvota konstrukcija [\u2026]<\/p>","protected":false},"featured_media":259018,"comment_status":"open","ping_status":"open","template":"","meta":[],"product_brand":[],"product_cat":[9200,1173],"product_tag":[],"class_list":{"0":"post-259017","1":"product","2":"type-product","3":"status-publish","4":"has-post-thumbnail","6":"product_cat-black-red-white","7":"product_cat-chests-of-drawers","9":"first","10":"instock","11":"purchasable","12":"product-type-simple"},"_links":{"self":[{"href":"https:\/\/baldumarket.lt\/lt\/wp-json\/wp\/v2\/product\/259017","targetHints":{"allow":["GET"]}}],"collection":[{"href":"https:\/\/baldumarket.lt\/lt\/wp-json\/wp\/v2\/product"}],"about":[{"href":"https:\/\/baldumarket.lt\/lt\/wp-json\/wp\/v2\/types\/product"}],"replies":[{"embeddable":true,"href":"https:\/\/baldumarket.lt\/lt\/wp-json\/wp\/v2\/comments?post=259017"}],"wp:featuredmedia":[{"embeddable":true,"href":"https:\/\/baldumarket.lt\/lt\/wp-json\/wp\/v2\/media\/259018"}],"wp:attachment":[{"href":"https:\/\/baldumarket.lt\/lt\/wp-json\/wp\/v2\/media?parent=259017"}],"wp:term":[{"taxonomy":"product_brand","embeddable":true,"href":"https:\/\/baldumarket.lt\/lt\/wp-json\/wp\/v2\/product_brand?post=259017"},{"taxonomy":"product_cat","embeddable":true,"href":"https:\/\/baldumarket.lt\/lt\/wp-json\/wp\/v2\/product_cat?post=259017"},{"taxonomy":"product_tag","embeddable":true,"href":"https:\/\/baldumarket.lt\/lt\/wp-json\/wp\/v2\/product_tag?post=259017"}],"curies":[{"name":"wp","href":"https:\/\/api.w.org\/{rel}","templated":true}]}}