{"id":259005,"date":"2026-01-13T22:36:57","date_gmt":"2026-01-13T19:36:57","guid":{"rendered":"https:\/\/baldumarket.lt\/product\/komoda-dwudrzwiowa-z-szuflada-nandu-795-cm-jasny-szary-dab-polski-bialy-polysk\/"},"modified":"2026-02-11T18:29:57","modified_gmt":"2026-02-11T15:29:57","slug":"komoda-dwudrzwiowa-z-szuflada-nandu-795-cm-jasny-szary-dab-polski-bialy-polysk","status":"publish","type":"product","link":"https:\/\/baldumarket.lt\/lt\/product\/komoda-dwudrzwiowa-z-szuflada-nandu-795-cm-jasny-szary-dab-polski-bialy-polysk\/","title":{"rendered":"NANDU komoda su dvidur\u0117mis durimis ir stal\u010diumi, 79,5 cm, \u0161viesiai pilka\/poliruoto \u0105\u017euolo\/blizgios baltos spalvos"},"content":{"rendered":"<p>\u201eNandu\u201c komoda \u2013 slapta erdv\u0117 paaugliams. D\u0117l pla\u010dios \u201eNandu\u201c kolekcijos sukurti modern\u0173 ir funkcional\u0173 jaunimo kambar\u012f yra lengviau nei bet kada anks\u010diau. Sant\u016brus bald\u0173 stilius, papildytas i\u0161skirtiniais fasadais, sukuria unikali\u0105 viet\u0105, kurioje paauglio paslaptys gali rasti prieglobst\u012f. \u201eNandu\u201c komoda yra daugiau nei tik daikt\u0173 laikymo vieta \u2013 tai erdv\u0117, kurioje funkcionalumas dera su estetika. Dvi atviros lentynos leid\u017eia visada po ranka laikyti m\u0117gstamus vadov\u0117lius ir s\u0105siuvinius. Patogus stal\u010dius ir dvi spintel\u0117s idealiai tinka re\u010diau naudojamiems daiktams, pavyzd\u017eiui, pie\u0161imo bloknotams ar kreidos rinkiniui, laikyti. \u0160viesiai pilko korpuso ir \u0161iltos lenki\u0161ko \u0105\u017euolo spalvos derinys puikiai papildo blizgi\u0173 balt\u0173 fasad\u0173 pagrindin\u0119 spalv\u0105. Nor\u0117dami pabr\u0117\u017eti savo vaiko asmenyb\u0119, galite pasirinkti stal\u010diaus fasad\u0105 su skaitmeniniu komiks\u0173 stiliaus spaudiniu, suteikdami interjerui i\u0161rai\u0161kingumo. Atidarymo sistema be ranken\u0117li\u0173 yra ne tik modernus dizaino elementas, bet ir prakti\u0161kas sprendimas, atitinkantis dinami\u0161k\u0105 jaun\u0173 \u017emoni\u0173 gyvenimo b\u016bd\u0105. Spinteli\u0173 fasadai u\u017esidaro beveik tyliai d\u0117l \u0161velnaus u\u017edarymo funkcijos, kuri padidina komfort\u0105 kasdien naudojantis komoda. Derindami \u201eNandu\u201c komod\u0105 su kitais kolekcijos elementais, galite sukurti darni\u0105 erdv\u0119 mokymuisi, \u017eaidimams ir tobul\u0117jimui. \u201eNandu\u201c komoda yra ne tik baldas; tai vieta, kur paauglio paslaptys \u012fgauna form\u0105, o stilius tampa neatsiejama kasdienio gyvenimo dalimi. Atraskite magi\u0161k\u0105 \u201eNandu\u201c komodos erdv\u0119, kur viskas, kas svarbu, randa savo viet\u0105.<\/p>\n<p>Prek\u0117s kodas S441-KOM2D1S-JSZ\/DP\/BIP Simbolis ZM EAN Plotis 79,5 cm Gylis 39 cm Auk\u0161tis 126 cm Kolekcija Nandu Spalva \u0161viesiai pilka\/poliruoto \u0105\u017euolo\/blizgi balta Pilkos spalvos atspalvis Stilius modernus Med\u017eiaga laminatas Dureli\u0173 skai\u010dius 2 dur\u0173 Stal\u010di\u0173 skai\u010dius 1 stal\u010dius Rankena be ranken\u0117li\u0173 Gamintojas Juoda Raudona Balta Baldo tipas Komodos PVM 23% EAN 5906123952378<\/p>","protected":false},"excerpt":{"rendered":"<p>\u201eNandu\u201c komoda \u2013 slapta erdv\u0117 paaugliams. Sukurti modern\u0173 ir funkcional\u0173 jaunimo kambar\u012f yra lengviau nei bet kada anks\u010diau d\u0117l pla\u010dios \u201eNandu\u201c kolekcijos. Bald\u0173 sant\u016brus stilius, papildytas i\u0161skirtin\u0117mis fasadais, sukuria unikali\u0105 viet\u0105, kurioje paauglio paslaptys gali rasti prieglobst\u012f. \u201eNandu\u201c komoda yra daugiau nei [\u2026]<\/p>","protected":false},"featured_media":259006,"comment_status":"open","ping_status":"open","template":"","meta":[],"product_brand":[],"product_cat":[9200,1173],"product_tag":[],"class_list":{"0":"post-259005","1":"product","2":"type-product","3":"status-publish","4":"has-post-thumbnail","6":"product_cat-black-red-white","7":"product_cat-chests-of-drawers","9":"first","10":"instock","11":"purchasable","12":"product-type-simple"},"_links":{"self":[{"href":"https:\/\/baldumarket.lt\/lt\/wp-json\/wp\/v2\/product\/259005","targetHints":{"allow":["GET"]}}],"collection":[{"href":"https:\/\/baldumarket.lt\/lt\/wp-json\/wp\/v2\/product"}],"about":[{"href":"https:\/\/baldumarket.lt\/lt\/wp-json\/wp\/v2\/types\/product"}],"replies":[{"embeddable":true,"href":"https:\/\/baldumarket.lt\/lt\/wp-json\/wp\/v2\/comments?post=259005"}],"wp:featuredmedia":[{"embeddable":true,"href":"https:\/\/baldumarket.lt\/lt\/wp-json\/wp\/v2\/media\/259006"}],"wp:attachment":[{"href":"https:\/\/baldumarket.lt\/lt\/wp-json\/wp\/v2\/media?parent=259005"}],"wp:term":[{"taxonomy":"product_brand","embeddable":true,"href":"https:\/\/baldumarket.lt\/lt\/wp-json\/wp\/v2\/product_brand?post=259005"},{"taxonomy":"product_cat","embeddable":true,"href":"https:\/\/baldumarket.lt\/lt\/wp-json\/wp\/v2\/product_cat?post=259005"},{"taxonomy":"product_tag","embeddable":true,"href":"https:\/\/baldumarket.lt\/lt\/wp-json\/wp\/v2\/product_tag?post=259005"}],"curies":[{"name":"wp","href":"https:\/\/api.w.org\/{rel}","templated":true}]}}