{"id":258993,"date":"2026-01-13T22:36:47","date_gmt":"2026-01-13T19:36:47","guid":{"rendered":"https:\/\/baldumarket.lt\/product\/komoda-dwudrzwiowa-z-szuflada-malcolm-80-cm-dab-monument-dab-monument-z-nadrukiem\/"},"modified":"2026-02-11T18:29:57","modified_gmt":"2026-02-11T15:29:57","slug":"komoda-dwudrzwiowa-z-szuflada-malcolm-80-cm-dab-monument-dab-monument-z-nadrukiem","status":"publish","type":"product","link":"https:\/\/baldumarket.lt\/lt\/product\/komoda-dwudrzwiowa-z-szuflada-malcolm-80-cm-dab-monument-dab-monument-z-nadrukiem\/","title":{"rendered":"Dvidur\u0117 komoda su stal\u010diumi MALCOLM 80 cm, paminklinio \u0105\u017euolo imitacija\/paminklinio \u0105\u017euolo imitacija su ra\u0161tu"},"content":{"rendered":"<p>\u2019Malcolm\u201c komoda \u2013 J\u016bs\u0173 sprendimas tobulai organizuotumui. \u201eMalcolm\u201c kolekcija \u2013 tai k\u016brybinga jaunimo bald\u0173 interpretacija, kurioje derinamas modernus dizainas su tradicine apdaila. Moderni \u201eMalcolm\u201c komoda yra puikus pasirinkimas drabu\u017ei\u0173 laikymui. D\u0117l erdvaus stal\u010diaus ir daugyb\u0117s lentyn\u0173 ji si\u016blo daug vietos daiktams laikyti ir organizuoti. \u201eMalcolm\u201c kolekcija pasi\u017eymi prislopinta \u201eCanyon Monument Oak\u201c apdaila, kuri kontrastuoja su volframo pilkumo komodos priekiu. \u0160is derinys suteikia baldams eleganti\u0161k\u0105 ir moderni\u0105 i\u0161vaizd\u0105, puikiai papildan\u010di\u0105 jaunimo kambario estetik\u0105. \u201eMalcolm\u201c komoda pasi\u017eymi grafiniais akcentais \u2013 ry\u0161kiais raid\u017ei\u0173 spaudiniais, suteikian\u010diais jai unikal\u0173 charakter\u012f ir paver\u010dian\u010dia j\u0105 interjero dizaino traukos centru. Didel\u0117s, sendinto nikelio spalvos metalin\u0117s ranken\u0117l\u0117s pabr\u0117\u017eia komodos unikalum\u0105 ir palengvina jos naudojim\u0105. Svarbu tai, kad atskirus \u201eMalcolm\u201c kolekcijos elementus galima derinti bet kokiu b\u016bdu, tod\u0117l gal\u0117site puikiai pritaikyti kambario i\u0161d\u0117stym\u0105 prie savo vaiko poreiki\u0173 ir individuali\u0173 poreiki\u0173. Galite sukurti funkcionali\u0105 ir esteti\u0161kai patraukli\u0105 erdv\u0119, kuri skatina tvark\u0105 ir organizuotum\u0105. \u012ereng\u0119 jaunimo kambar\u012f su komoda \u201eMalcolm\u201c, ne tik u\u017etikrinsite tobul\u0105 tvark\u0105, bet ir suteiksite interjerui individualumo bei stiliaus. \u0160is baldas d\u017eiugins tiek savo funkcionalumu, tiek dizainerio i\u0161vaizda.<\/p>\n<p>Prek\u0117s kodas S325-KOM2D1S-DAMO\/SZW\/DAMON Simbolis ZM EAN Plotis 80 cm Gylis 40 cm Auk\u0161tis 87,5 cm Kolekcija Malcolm Spalva monumentalus \u0105\u017euolas\/pilkas volframas\/monumentalus \u0105\u017euolas su ra\u0161tu Gaubtas tamsi mediena Stilius modernus Med\u017eiaga laminatas Dureli\u0173 skai\u010dius 2 dur\u0173 Stal\u010di\u0173 skai\u010dius 1 stal\u010dius Rankena su ranken\u0117l\u0117mis Gamintojas Juoda Raudona Balta Baldo tipas Komodos PVM 23% EAN 5906123925228<\/p>","protected":false},"excerpt":{"rendered":"<p>Malcolm komoda \u2013 J\u016bs\u0173 sprendimas tobulai organizuotumui. Malcolm kolekcija \u2013 tai k\u016brybinga jaunimo bald\u0173 interpretacija, kurioje derinamas modernus dizainas ir tradicin\u0117 apdaila. Moderni Malcolm komoda yra puikus pasirinkimas drabu\u017ei\u0173 laikymui. D\u0117l erdvaus stal\u010diaus ir daugyb\u0117s lentyn\u0173 ji si\u016blo daug vietos daiktams laikyti ir [\u2026]<\/p>","protected":false},"featured_media":258994,"comment_status":"open","ping_status":"open","template":"","meta":[],"product_brand":[],"product_cat":[9200,1173],"product_tag":[],"class_list":{"0":"post-258993","1":"product","2":"type-product","3":"status-publish","4":"has-post-thumbnail","6":"product_cat-black-red-white","7":"product_cat-chests-of-drawers","9":"first","10":"instock","11":"purchasable","12":"product-type-simple"},"_links":{"self":[{"href":"https:\/\/baldumarket.lt\/lt\/wp-json\/wp\/v2\/product\/258993","targetHints":{"allow":["GET"]}}],"collection":[{"href":"https:\/\/baldumarket.lt\/lt\/wp-json\/wp\/v2\/product"}],"about":[{"href":"https:\/\/baldumarket.lt\/lt\/wp-json\/wp\/v2\/types\/product"}],"replies":[{"embeddable":true,"href":"https:\/\/baldumarket.lt\/lt\/wp-json\/wp\/v2\/comments?post=258993"}],"wp:featuredmedia":[{"embeddable":true,"href":"https:\/\/baldumarket.lt\/lt\/wp-json\/wp\/v2\/media\/258994"}],"wp:attachment":[{"href":"https:\/\/baldumarket.lt\/lt\/wp-json\/wp\/v2\/media?parent=258993"}],"wp:term":[{"taxonomy":"product_brand","embeddable":true,"href":"https:\/\/baldumarket.lt\/lt\/wp-json\/wp\/v2\/product_brand?post=258993"},{"taxonomy":"product_cat","embeddable":true,"href":"https:\/\/baldumarket.lt\/lt\/wp-json\/wp\/v2\/product_cat?post=258993"},{"taxonomy":"product_tag","embeddable":true,"href":"https:\/\/baldumarket.lt\/lt\/wp-json\/wp\/v2\/product_tag?post=258993"}],"curies":[{"name":"wp","href":"https:\/\/api.w.org\/{rel}","templated":true}]}}