{"id":258985,"date":"2026-01-13T22:36:41","date_gmt":"2026-01-13T19:36:41","guid":{"rendered":"https:\/\/baldumarket.lt\/product\/komoda-dwudrzwiowa-z-szuflada-loksa-1015-cm-andersen-pine-white\/"},"modified":"2026-02-11T18:29:57","modified_gmt":"2026-02-11T15:29:57","slug":"komoda-dwudrzwiowa-z-szuflada-loksa-1015-cm-andersen-pine-white","status":"publish","type":"product","link":"https:\/\/baldumarket.lt\/lt\/product\/komoda-dwudrzwiowa-z-szuflada-loksa-1015-cm-andersen-pine-white\/","title":{"rendered":"LOKSA komoda su dvidur\u0117mis durimis ir stal\u010diumi, 101,5 cm, anderseno pu\u0161is, balta"},"content":{"rendered":"<p>\u2019Loksa\u201c komoda \u2013 skandinavi\u0161ko elegancijos ir funkcionalumo derinys. Jei svajojate sukurti skandinavi\u0161ko stiliaus \u012fkv\u0117pt\u0105 interjer\u0105, kuriame svarbiausia yra ry\u0161kumas, kuklumas ir funkcionalumas, \u201eLoksa\u201c kolekcija yra puikus sprendimas jums. \u201eLoksa\u201c komoda \u2013 tikras perlas, kuris j\u016bs\u0173 namams suteiks skandinavi\u0161ko dizaino dvelksm\u0105. I\u0161skirtin\u0117s savyb\u0117s, tokios kaip paprastos formos, \u0161viesios spalvos, fasadai su dekoratyviniais r\u0117meliais ir tvirtos rankenos, puikiai atspindi \u0161\u012f unikal\u0173 stili\u0173. \u0160i komoda \u017eavi ne tik savo i\u0161vaizda, bet ir funkcionalumu. Platus stal\u010dius ir dvidur\u0117 spintel\u0117 suteikia daug vietos ne tik smulkiems, bet ir didesniems daiktams. D\u0117l pasl\u0117ptos lentynos u\u017e fasad\u0173, koridoriuje galite lengvai laikyti tokius daiktus kaip dekoracijos, stalo \u012frankiai ar net batai ir kepur\u0117s. \u0160is baldas puikiai dera tiek prie svetain\u0117s dizaino, tiek prie funkcionalios prie\u0161kambario organizacijos. \u201eLoksa\u201c komodos spalv\u0173 palet\u0117 yra dar vienas jos privalumas. \u0160viesus \u201eAndersen White\u201c pu\u0161ies korpusas harmoningai dera su \u201eGrandson Oak\u201c stalvir\u0161iu. Dekoratyv\u016bs fasadai ir stilingos rankenos suteikia baldui unikal\u0173 charakter\u012f. \u0160i kontrastinga spalv\u0173 gama leid\u017eia laisvai rinktis aksesuarus ir akcentus, kurie pa\u012fvairins interjer\u0105, suteiks jam unikalaus \u017eavesio. Jei ie\u0161kote baldo, kuris pad\u0117t\u0173 sutvarkyti ir sud\u0117lioti visus namuose esan\u010dius daiktus, komoda \u201eLoksa\u201c su dviem durel\u0117mis yra puikus sprendimas. Gra\u017eaus dizaino, prakti\u0161k\u0173 sprendim\u0173 ir funkcionalumo derinys paver\u010dia \u0161i\u0105 komod\u0105 j\u016bs\u0173 interjero \u0161irdimi, kurioje gal\u0117site ne tik laikyti, bet ir gra\u017eiai eksponuoti m\u0117gstamus daiktus.<\/p>\n<p>Prek\u0117s kodas S455-KOM2D1S-APW Simbolis ZM EAN Plotis 101,5 cm Gylis 36,5 cm Auk\u0161tis 98,5 cm Kolekcija Loksa Spalva andersen pu\u0161is balta Atspalvis \u0161viesus medis Stilius Skandinavi\u0161kas Med\u017eiaga laminatas Dureli\u0173 skai\u010dius 2 dur\u0173 Stal\u010di\u0173 skai\u010dius 1 stal\u010dius Rankena su ranken\u0117l\u0117mis Gamintojas Juoda Raudona Balta Baldo tipas Komodos PVM 23% EAN 5906123607322<\/p>","protected":false},"excerpt":{"rendered":"<p>\u201eLoksa\u201c komoda \u2013 skandinavi\u0161ko elegancijos ir funkcionalumo derinys. Jei svajojate sukurti skandinavi\u0161ko stiliaus \u012fkv\u0117pt\u0105 interjer\u0105, kuriame svarbiausias vaidmuo tenka ry\u0161kumui, kuklumui ir funkcionalumui, \u201eLoksa\u201c kolekcija \u2013 puikus sprendimas jums. \u201eLoksa\u201c komoda \u2013 tikras perlas, kuris suteiks skandinavi\u0161ko \u017eavesio [\u2026]<\/p>","protected":false},"featured_media":258986,"comment_status":"open","ping_status":"open","template":"","meta":[],"product_brand":[],"product_cat":[9200,1173],"product_tag":[],"class_list":{"0":"post-258985","1":"product","2":"type-product","3":"status-publish","4":"has-post-thumbnail","6":"product_cat-black-red-white","7":"product_cat-chests-of-drawers","9":"first","10":"instock","11":"purchasable","12":"product-type-simple"},"_links":{"self":[{"href":"https:\/\/baldumarket.lt\/lt\/wp-json\/wp\/v2\/product\/258985","targetHints":{"allow":["GET"]}}],"collection":[{"href":"https:\/\/baldumarket.lt\/lt\/wp-json\/wp\/v2\/product"}],"about":[{"href":"https:\/\/baldumarket.lt\/lt\/wp-json\/wp\/v2\/types\/product"}],"replies":[{"embeddable":true,"href":"https:\/\/baldumarket.lt\/lt\/wp-json\/wp\/v2\/comments?post=258985"}],"wp:featuredmedia":[{"embeddable":true,"href":"https:\/\/baldumarket.lt\/lt\/wp-json\/wp\/v2\/media\/258986"}],"wp:attachment":[{"href":"https:\/\/baldumarket.lt\/lt\/wp-json\/wp\/v2\/media?parent=258985"}],"wp:term":[{"taxonomy":"product_brand","embeddable":true,"href":"https:\/\/baldumarket.lt\/lt\/wp-json\/wp\/v2\/product_brand?post=258985"},{"taxonomy":"product_cat","embeddable":true,"href":"https:\/\/baldumarket.lt\/lt\/wp-json\/wp\/v2\/product_cat?post=258985"},{"taxonomy":"product_tag","embeddable":true,"href":"https:\/\/baldumarket.lt\/lt\/wp-json\/wp\/v2\/product_tag?post=258985"}],"curies":[{"name":"wp","href":"https:\/\/api.w.org\/{rel}","templated":true}]}}