{"id":258981,"date":"2026-01-13T22:36:38","date_gmt":"2026-01-13T19:36:38","guid":{"rendered":"https:\/\/baldumarket.lt\/product\/komoda-dwudrzwiowa-z-szuflada-hesen-101-cm-grafit-dab-artisan\/"},"modified":"2026-02-11T18:29:57","modified_gmt":"2026-02-11T15:29:57","slug":"komoda-dwudrzwiowa-z-szuflada-hesen-101-cm-grafit-dab-artisan","status":"publish","type":"product","link":"https:\/\/baldumarket.lt\/lt\/product\/komoda-dwudrzwiowa-z-szuflada-hesen-101-cm-grafit-dab-artisan\/","title":{"rendered":"HESEN 101 cm grafito\/artisan \u0105\u017euolo dviej\u0173 dur\u0173 komoda su stal\u010diumi"},"content":{"rendered":"<p>\u2019Hesen\u201c komoda \u2013 tobulas minimalistinio dizaino ir funkcionalumo derinys. Jei svajojate apie baldus, kurie derint\u0173 paprastum\u0105, elegancij\u0105 ir funkcionalum\u0105, \u201eHesen\u201c kolekcija kaip tik Jums. Subalansuotas dizainas suteikia J\u016bs\u0173 erdvei ramyb\u0117s ir tvarkos, o tai gali b\u016bti naudinga tiek mokantis, tiek ilsintis. \u0160ios serijos baldai puikiai tinka tiek paauglio kambariui, tiek miegamajam, pasi\u017eym\u0117dami ne tik prakti\u0161kumu, bet ir \u012fkvepian\u010dia estetika. \u201eHesen\u201c komoda si\u016bloma dviej\u0173 spalv\u0173, tod\u0117l galite pasirinkti t\u0105, kuri geriausiai atitinka J\u016bs\u0173 pageidavimus ir interjero dizain\u0105. Pirmasis variantas \u2013 grafito ir dirbtinio \u0105\u017euolo derinimas, sukuriant modern\u0173 kontrast\u0105 tarp prislopintos spalvos ir nat\u016bralios medienos tekst\u016bros. Antrasis variantas \u2013 \u0161viesi Sibiu maumedis ir Larico pu\u0161is, kurie i\u0161 karto primena skandinavi\u0161k\u0105 stili\u0173. \u201eHesen\u201c komodos matmenys yra 101 x 121 x 44 cm ir ji si\u016blo prakti\u0161kus daikt\u0173 laikymo sprendimus. Joje yra vienas stal\u010dius, sumontuotas ant pilno i\u0161traukimo b\u0117gelio, tod\u0117l jo turin\u012f lengva pasiekti net ir atokiausiuose kampuose. Be to, komoda turi dvi \u0161velniai u\u017esidaran\u010dias dureles, tod\u0117l lentynos tylios ir nepastebimos \u0161eimos nariams dirbant, mokantis ar ilsintis. D\u0117l didel\u0117s komodos vidin\u0117s erdv\u0117s galite laikyti drabu\u017eius, rank\u0161luos\u010dius ar patalyn\u0119, o ant jos vir\u0161aus eksponuoti dekoracijas ir aksesuarus, kurie sustiprins kambario charakter\u012f ir pristatys j\u016bs\u0173 m\u0117gstamiausias spalvas. \u201eHesen\u201c komoda yra ne tik prakti\u0161kas daikt\u0173 laikymo sprendimas, bet ir dekoratyvinis elementas, kuris suteiks j\u016bs\u0173 interjerui darnos ir harmonijos. Ji puikiai tinka paauglio kambariui, miegamajam ar svetainei. Jei norite sukurti darni\u0105 kompozicij\u0105, apsvarstykite kitus \u201eHesen\u201c kolekcijos elementus, kad sukurtum\u0117te interjer\u0105, kuris d\u017eiugins savo paprastumu ir funkcionalumu. Leiskite \u201eHesen\u201c komodai pad\u0117ti jums palaikyti tvark\u0105 ir harmonij\u0105 j\u016bs\u0173 namuose.<\/p>\n<p>Prek\u0117s kodas S515-KOM2D1S-GF\/DASN Simbolis ZM EAN Plotis 101 cm Gylis 44 cm Auk\u0161tis 121 cm Kolekcija Hesen Spalva grafito\/artisan \u0105\u017euolo Atspalvis grafito Stilius Skandinavi\u0161kas Dur\u0173 skai\u010dius 2 dur\u0173 Stal\u010di\u0173 skai\u010dius 1 stal\u010dius Rankena su ranken\u0117l\u0117mis Gamintojas Juoda Raudona Balta Baldo tipas Komodos PVM 23% EAN 5906123811781<\/p>","protected":false},"excerpt":{"rendered":"<p>Hesen komoda \u2013 tobulas minimalistinio dizaino ir funkcionalumo derinys. Jei svajojate apie baldus, kurie derint\u0173 paprastum\u0105, elegancij\u0105 ir funkcionalum\u0105, Hesen kolekcija kaip tik Jums. Subalansuotas dizainas suteikia J\u016bs\u0173 erdvei ramyb\u0117s ir tvarkos, o tai gali b\u016bti naudinga tiek mokantis, tiek ilsintis. \u0160ios serijos baldai yra [\u2026]<\/p>","protected":false},"featured_media":258982,"comment_status":"open","ping_status":"open","template":"","meta":[],"product_brand":[],"product_cat":[9200,1173],"product_tag":[],"class_list":{"0":"post-258981","1":"product","2":"type-product","3":"status-publish","4":"has-post-thumbnail","6":"product_cat-black-red-white","7":"product_cat-chests-of-drawers","9":"first","10":"instock","11":"purchasable","12":"product-type-simple"},"_links":{"self":[{"href":"https:\/\/baldumarket.lt\/lt\/wp-json\/wp\/v2\/product\/258981","targetHints":{"allow":["GET"]}}],"collection":[{"href":"https:\/\/baldumarket.lt\/lt\/wp-json\/wp\/v2\/product"}],"about":[{"href":"https:\/\/baldumarket.lt\/lt\/wp-json\/wp\/v2\/types\/product"}],"replies":[{"embeddable":true,"href":"https:\/\/baldumarket.lt\/lt\/wp-json\/wp\/v2\/comments?post=258981"}],"wp:featuredmedia":[{"embeddable":true,"href":"https:\/\/baldumarket.lt\/lt\/wp-json\/wp\/v2\/media\/258982"}],"wp:attachment":[{"href":"https:\/\/baldumarket.lt\/lt\/wp-json\/wp\/v2\/media?parent=258981"}],"wp:term":[{"taxonomy":"product_brand","embeddable":true,"href":"https:\/\/baldumarket.lt\/lt\/wp-json\/wp\/v2\/product_brand?post=258981"},{"taxonomy":"product_cat","embeddable":true,"href":"https:\/\/baldumarket.lt\/lt\/wp-json\/wp\/v2\/product_cat?post=258981"},{"taxonomy":"product_tag","embeddable":true,"href":"https:\/\/baldumarket.lt\/lt\/wp-json\/wp\/v2\/product_tag?post=258981"}],"curies":[{"name":"wp","href":"https:\/\/api.w.org\/{rel}","templated":true}]}}