{"id":258973,"date":"2026-01-13T22:36:31","date_gmt":"2026-01-13T19:36:31","guid":{"rendered":"https:\/\/baldumarket.lt\/product\/komoda-dwudrzwiowa-z-dwoma-szufladami-ruso-104-cm-dab-april-perlowy-polysk\/"},"modified":"2026-02-11T18:29:57","modified_gmt":"2026-02-11T15:29:57","slug":"komoda-dwudrzwiowa-z-dwoma-szufladami-ruso-104-cm-dab-april-perlowy-polysk","status":"publish","type":"product","link":"https:\/\/baldumarket.lt\/lt\/product\/komoda-dwudrzwiowa-z-dwoma-szufladami-ruso-104-cm-dab-april-perlowy-polysk\/","title":{"rendered":"Dvidur\u0117 komoda su dviem stal\u010diais RUSO 104 cm, baland\u017eio spalvos \u0105\u017euolas\/perlamutrinis blizgesys"},"content":{"rendered":"<p>\u201eRuso\u201c komoda \u2013 elegancijos ir funkcionalumo derinys. \u201eRuso\u201c kolekcija harmoningai derina klasikinio stiliaus \u012fkv\u0117pim\u0105 su moderniais elementais. \u0160ioje kolekcijoje \u201eRuso\u201c komoda i\u0161siskiria kaip kompakti\u0161kas ir eleganti\u0161kas baldas. \u0160tai kod\u0117l verta j\u0105 apsvarstyti: \u201eRuso\u201c komoda yra puikus sprendimas, kai reikia prakti\u0161kos daikt\u0173 laikymo vietos, bet erdv\u0117 ribota. Joje yra du kompakti\u0161ki stal\u010diai ir dvi durel\u0117mis dengtos durys, leid\u017eian\u010dios tvarkingai susid\u0117ti \u012fvairius daiktus \u2013 nuo drabu\u017ei\u0173 iki nam\u0173 aksesuar\u0173. Komoda pagaminta i\u0161 sodraus baland\u017eio \u0105\u017euolo atspalvio medienos, suteikian\u010dios baldui nat\u016bralumo ir \u0161ilumos. \u0160i apdaila papildo matin\u0117s juodos spalvos fasadus, sukurdama gra\u017e\u0173 kontrast\u0105. Vietoj tradicini\u0173 ranken\u0117li\u0173 \u201eRuso\u201c komodos fasaduose yra \u012fdubos, kurios atlieka unikali\u0173 ranken\u0117li\u0173 funkcij\u0105. \u0160i subtili apdaila suteikia baldui unikal\u0173 charakter\u012f ir elegancij\u0105. Komoda pasi\u017eymi \u012fsp\u016bdingais cokoliais, kurie ne tik suteikia dekoratyvini\u0173 detali\u0173, bet ir pabr\u0117\u017eia baldo elegancij\u0105. Komoda komplektuojama su matin\u0117s spalvos juostele, kuri\u0105 galima montuoti fasad\u0173 \u012fdubose. \u0160i detal\u0117 pagerina baldo estetik\u0105 ir suteikia jam unikali\u0105 i\u0161vaizd\u0105. Komodos b\u0117gel\u0117s ir vyriai turi \u0161velnaus u\u017edarymo mechanizm\u0105, tod\u0117l durel\u0117s ir stal\u010diai u\u017esidaro \u0161velniai ir tyliai. \u0160is sprendimas padidina komfort\u0105 ir suteikia baldui auk\u0161tesn\u0119 kokyb\u0119. \u201eRuso\u201c komoda puikiai dera su kitais \u201eRuso\u201c kolekcijos elementais. Tai leid\u017eia sukurti darn\u0173 ir eleganti\u0161k\u0105 svetain\u0117s i\u0161d\u0117stym\u0105, kuris atspind\u0117t\u0173 j\u016bs\u0173 skon\u012f ir stili\u0173. Trumpai tariant, \u201eRuso\u201c komoda yra baldas, kuriame dera elegancija ir funkcionalumas. Unikalus dizainas, auk\u0161tos kokyb\u0117s gamyba ir prakti\u0161ki sprendimai daro j\u0105 puikiu pasirinkimu j\u016bs\u0173 svetainei ar miegamajam. Derindami j\u0105 su kitais \u201eRuso\u201c kolekcijos elementais, galite sukurti darni\u0105 ir harmoning\u0105 erdv\u0119, kuri ne tik d\u017eiugins ak\u012f, bet ir patenkins j\u016bs\u0173 daikt\u0173 laikymo poreikius.<\/p>\n<p>Prek\u0117s kodas S407-KOM2D2S-DARL\/PEP Simbolis ZM EAN Plotis 104 cm Gylis 45,5 cm Auk\u0161tis 98,5 cm Kolekcija Ruso Spalva baland\u017eio spalvos \u0105\u017euolas\/perlamutrinis blizgus Atspalvis tamsi mediena Stilius modernus Med\u017eiaga laminatas Dureli\u0173 skai\u010dius 2 dur\u0173 Stal\u010di\u0173 skai\u010dius 2 stal\u010diai Rankena be ranken\u0117li\u0173 Gamintojas Juoda Raudona Balta Baldo tipas Komodos PVM 23% EAN 5906123944397<\/p>","protected":false},"excerpt":{"rendered":"<p>\u201eRuso\u201c komoda \u2013 elegancijos ir funkcionalumo derinys. \u201eRuso\u201c kolekcijoje harmoningai derinamas klasikinio stiliaus \u012fkv\u0117pimas su moderniais elementais. \u0160ioje kolekcijoje \u201eRuso\u201c komoda i\u0161siskiria kaip kompakti\u0161kas ir eleganti\u0161kas baldas. \u0160tai kod\u0117l verta j\u0105 apsvarstyti: \u201eRuso\u201c komoda yra [\u2026]<\/p>","protected":false},"featured_media":258974,"comment_status":"open","ping_status":"open","template":"","meta":[],"product_brand":[],"product_cat":[9200,1173],"product_tag":[],"class_list":{"0":"post-258973","1":"product","2":"type-product","3":"status-publish","4":"has-post-thumbnail","6":"product_cat-black-red-white","7":"product_cat-chests-of-drawers","9":"first","10":"instock","11":"purchasable","12":"product-type-simple"},"_links":{"self":[{"href":"https:\/\/baldumarket.lt\/lt\/wp-json\/wp\/v2\/product\/258973","targetHints":{"allow":["GET"]}}],"collection":[{"href":"https:\/\/baldumarket.lt\/lt\/wp-json\/wp\/v2\/product"}],"about":[{"href":"https:\/\/baldumarket.lt\/lt\/wp-json\/wp\/v2\/types\/product"}],"replies":[{"embeddable":true,"href":"https:\/\/baldumarket.lt\/lt\/wp-json\/wp\/v2\/comments?post=258973"}],"wp:featuredmedia":[{"embeddable":true,"href":"https:\/\/baldumarket.lt\/lt\/wp-json\/wp\/v2\/media\/258974"}],"wp:attachment":[{"href":"https:\/\/baldumarket.lt\/lt\/wp-json\/wp\/v2\/media?parent=258973"}],"wp:term":[{"taxonomy":"product_brand","embeddable":true,"href":"https:\/\/baldumarket.lt\/lt\/wp-json\/wp\/v2\/product_brand?post=258973"},{"taxonomy":"product_cat","embeddable":true,"href":"https:\/\/baldumarket.lt\/lt\/wp-json\/wp\/v2\/product_cat?post=258973"},{"taxonomy":"product_tag","embeddable":true,"href":"https:\/\/baldumarket.lt\/lt\/wp-json\/wp\/v2\/product_tag?post=258973"}],"curies":[{"name":"wp","href":"https:\/\/api.w.org\/{rel}","templated":true}]}}