{"id":258957,"date":"2026-01-13T22:36:19","date_gmt":"2026-01-13T19:36:19","guid":{"rendered":"https:\/\/baldumarket.lt\/product\/komoda-dwudrzwiowa-z-dwoma-szufladami-ronda-86-cm-dab-flagstaff-jasny-bialy\/"},"modified":"2026-02-11T18:29:57","modified_gmt":"2026-02-11T15:29:57","slug":"komoda-dwudrzwiowa-z-dwoma-szufladami-ronda-86-cm-dab-flagstaff-jasny-bialy","status":"publish","type":"product","link":"https:\/\/baldumarket.lt\/lt\/product\/komoda-dwudrzwiowa-z-dwoma-szufladami-ronda-86-cm-dab-flagstaff-jasny-bialy\/","title":{"rendered":"Dvidur\u0117 komoda RONDA 86 cm, \u0161viesaus \u0105\u017euolo v\u0117liav\u0117l\u0117s stiebo spalva\/balta"},"content":{"rendered":"<p>Komoda \u2019Ronda\u201c \u2013 elegancija detal\u0117se. Komoda \u201eRonda\u201c sujungia funkcionalum\u0105, elegancij\u0105 ir kruop\u0161t\u0173 meistri\u0161kum\u0105, sukurdama bald\u0105, kuris puikiai dera prie modernaus interjero. Pereikime prie unikali\u0173 \u0161ios komodos savybi\u0173: 1. Korpusas: 16 mm med\u017eio dro\u017eli\u0173 plok\u0161t\u0117 \/ matin\u0117 balta \/ \u0161viesus \u0105\u017euolas (Flagstaff \u0105\u017euolas). Vidus \u2013 harmoningas spalv\u0173 derinys suteikia komodai modernumo, i\u0161laikant subtili\u0105 elegancij\u0105. 2. Priekin\u0117 dalis: 16 mm med\u017eio dro\u017eli\u0173 plok\u0161t\u0117 \/ matin\u0117 balta \u2013 matin\u0117 balta priekin\u0117 dalis suteikia komodai modernumo ir puikiai dera prie \u012fvairi\u0173 interjero dizain\u0173. 3. Vir\u0161us: 28 mm med\u017eio dro\u017eli\u0173 plok\u0161t\u0117 \/ kampin\u0117s juostel\u0117s i\u0161 \u0105\u017euolo masyvo korpuso \u2013 tvirtas \u0105\u017euolo masyvo vir\u0161us suteikia komodai unikal\u0173 charakter\u012f ir papildo jos dizain\u0105 nat\u016bralumu. 4. 2 varstomi fasadai \u2013 prakti\u0161kas sprendimas, leid\u017eiantis lengvai pasiekti komodos vid\u0173 jos neatidarius iki galo. 5. 2 stal\u010diai (\u0161velniai u\u017esidarantys) \u2013 kasdienis komodos naudojimas yra sklandus ir tylus, o tai visada vertinama. 6. 3 lentynos \u2013 funkcionalios daikt\u0173 laikymo vietos, leid\u017eian\u010dios eksponuoti \u012fvairius daiktus ir palaikyti tvark\u0105. 7. Medin\u0117s rankenos \u2013 medin\u0117s detal\u0117s suteikia komodai charakterio ir jaukumo, kartu su kampin\u0117mis juostel\u0117mis sukurdamos darni\u0105 visum\u0105. Komoda \u201eRonda\u201c yra ne tik daikt\u0173 laikymo spintel\u0117; tai dekoratyvinis elementas, lengvai integruojamas \u012f \u012fvairius interjero dizainus. Kruop\u0161tus meistri\u0161kumas ir eleganti\u0161kas dizainas pavers j\u0105 bet kurio kambario traukos centru, suteikdamas jai unikalumo.<\/p>\n<p>Prek\u0117s kodas S612-KOM2D2S\/B-DFJ\/BI Simbolis ZM EAN Plotis 86 cm Gylis 39 cm Auk\u0161tis 91 cm Kolekcija Ronda Spalva v\u0117liav\u0117l\u0117s stiebo \u0105\u017euolas \u0161viesus\/balta Gaubtas baltas Stilius modernus Med\u017eiaga laminatas Dureli\u0173 skai\u010dius 2 dur\u0173 Stal\u010di\u0173 skai\u010dius 2 stal\u010diai Rankena su ranken\u0117l\u0117mis Gamintojas Juoda Raudona Balta Baldo tipas Komodos PVM 23% EAN 5906123814539<\/p>","protected":false},"excerpt":{"rendered":"<p>Komoda \u201eRonda\u201c \u2013 elegancija detal\u0117se. Komoda \u201eRonda\u201c sujungia funkcionalum\u0105, elegancij\u0105 ir kruop\u0161t\u0173 meistri\u0161kum\u0105, sukurdama bald\u0105, kuris puikiai papildo modern\u0173 interjer\u0105. Pereikime prie unikali\u0173 \u0161ios komodos savybi\u0173: 1. Korpusas: 16 mm med\u017eio dro\u017eli\u0173 plok\u0161t\u0117 \/ matin\u0117 balta \/ \u0161viesus \u0105\u017euolas \u201eFlagstaff\u201c. Vidus \u2013 [\u2026]<\/p>","protected":false},"featured_media":258958,"comment_status":"open","ping_status":"open","template":"","meta":[],"product_brand":[],"product_cat":[9200,1173],"product_tag":[],"class_list":{"0":"post-258957","1":"product","2":"type-product","3":"status-publish","4":"has-post-thumbnail","6":"product_cat-black-red-white","7":"product_cat-chests-of-drawers","9":"first","10":"instock","11":"purchasable","12":"product-type-simple"},"_links":{"self":[{"href":"https:\/\/baldumarket.lt\/lt\/wp-json\/wp\/v2\/product\/258957","targetHints":{"allow":["GET"]}}],"collection":[{"href":"https:\/\/baldumarket.lt\/lt\/wp-json\/wp\/v2\/product"}],"about":[{"href":"https:\/\/baldumarket.lt\/lt\/wp-json\/wp\/v2\/types\/product"}],"replies":[{"embeddable":true,"href":"https:\/\/baldumarket.lt\/lt\/wp-json\/wp\/v2\/comments?post=258957"}],"wp:featuredmedia":[{"embeddable":true,"href":"https:\/\/baldumarket.lt\/lt\/wp-json\/wp\/v2\/media\/258958"}],"wp:attachment":[{"href":"https:\/\/baldumarket.lt\/lt\/wp-json\/wp\/v2\/media?parent=258957"}],"wp:term":[{"taxonomy":"product_brand","embeddable":true,"href":"https:\/\/baldumarket.lt\/lt\/wp-json\/wp\/v2\/product_brand?post=258957"},{"taxonomy":"product_cat","embeddable":true,"href":"https:\/\/baldumarket.lt\/lt\/wp-json\/wp\/v2\/product_cat?post=258957"},{"taxonomy":"product_tag","embeddable":true,"href":"https:\/\/baldumarket.lt\/lt\/wp-json\/wp\/v2\/product_tag?post=258957"}],"curies":[{"name":"wp","href":"https:\/\/api.w.org\/{rel}","templated":true}]}}