{"id":258949,"date":"2026-01-13T22:36:13","date_gmt":"2026-01-13T19:36:13","guid":{"rendered":"https:\/\/baldumarket.lt\/product\/komoda-dwudrzwiowa-z-dwoma-szufladami-romance-96-cm-modrzew-sibiu-jasny-dab-sanremo-jasny\/"},"modified":"2026-02-11T18:29:57","modified_gmt":"2026-02-11T15:29:57","slug":"komoda-dwudrzwiowa-z-dwoma-szufladami-romance-96-cm-modrzew-sibiu-jasny-dab-sanremo-jasny","status":"publish","type":"product","link":"https:\/\/baldumarket.lt\/lt\/product\/komoda-dwudrzwiowa-z-dwoma-szufladami-romance-96-cm-modrzew-sibiu-jasny-dab-sanremo-jasny\/","title":{"rendered":"Dvidur\u0117 komoda su dviem stal\u010diais ROMANCE 96 cm, \u0161viesus Sibiu maumedis\/\u0161viesus San Remo \u0105\u017euolas"},"content":{"rendered":"<p>\u2019Romance\u201c komoda \u2013 stilinga prie\u0161kambario organizatorius. Ie\u0161kote bald\u0173, kurie derint\u0173 funkcionalum\u0105 ir elegancij\u0105 j\u016bs\u0173 prie\u0161kambaryje? \u201eRomance\u201c kolekcija sukurta tiems, kurie vertina paprastas formas, \u012fkv\u0117ptas skandinavi\u0161ko dizaino. \u201eRomance\u201c komoda yra ne tik prie\u0161kambario organizatorius, bet ir i\u0161skirtinis dekoratyvinis elementas. Vienas i\u0161 pagrindini\u0173 komodos privalum\u0173 \u2013 gerai apgalvotas i\u0161d\u0117stymas, suteikiantis puiki\u0105 viet\u0105 visos \u0161eimos avalynei laikyti. Apatin\u0117, dviej\u0173 dureli\u0173 spintel\u0117 leid\u017eia laikyti batus, i\u0161laikant tvark\u0105 ir estetik\u0105. Be to, du patog\u016bs stal\u010diai puikiai tinka kepur\u0117ms, \u0161alikams ir pir\u0161tin\u0117ms laikyti, u\u017etikrinant tvark\u0105 j\u016bs\u0173 prie\u0161kambaryje. Stilingas komodos dizainas atkreipia d\u0117mes\u012f \u012f detales. Komodos fasadai apdailinti \u0161viesia Sibiu maumed\u017eio spalva, suteikian\u010dia baldams lengvumo ir gaivos poj\u016bt\u012f. Sendinti fasadai kartu su vir\u0161utiniais ir apatiniais korpuso kra\u0161tais, nuda\u017eytais San Remo \u0105\u017euolo beicu, sukuria harmoning\u0105 kompozicij\u0105. \u012er\u0117minti fasadai suteikia baldams charakterio, sukeldami asociacijas su tvirtais \u0160iaur\u0117s Europos baldais. Komodos prakti\u0161kum\u0105 pabr\u0117\u017eia firminiai aksesuarai ir paprastos sidabrin\u0117s ranken\u0117l\u0117s, palengvinan\u010dios dureli\u0173 ir stal\u010di\u0173 atidarym\u0105. Lengva prieiga prie bat\u0173 komodos turinio palengvina kasdien\u012f bat\u0173 pasirinkim\u0105. Komoda \u201eRomance\u201c yra didesn\u0117s kolekcijos, kuri\u0105 taip pat sudaro drabu\u017ei\u0173 spinta, spintel\u0117, pakabinimo sienel\u0117 ir veidrodis, dalis. Tai leid\u017eia sukurti darn\u0173 ir funkcional\u0173 prie\u0161kambar\u012f, atspindint\u012f j\u016bs\u0173 asmenin\u012f stili\u0173. Tegul komoda \u201eRomance\u201c tampa j\u016bs\u0173 prie\u0161kambario traukos centru, suteikian\u010diu elegancijos ir tvarkos.<\/p>\n<p>Prek\u0117s kodas S330-KOM2D2S-MSJ\/DSAJ Simbolis ZM EAN Plotis 96 cm Gylis 36,5 cm Auk\u0161tis 91 cm Kolekcija Romance Spalva \u0161viesi Sibiu maumedis\/\u0161viesi San Remo \u0105\u017euolas Gaubtas \u0161viesi mediena Stilius modernus Med\u017eiaga laminatas Dureli\u0173 skai\u010dius 2 dur\u0173 Stal\u010di\u0173 skai\u010dius 2 stal\u010diai Rankena su rankenomis Gamintojas Juoda Raudona Balta Baldo tipas Komodos PVM 23% EAN 5906123925761<\/p>","protected":false},"excerpt":{"rendered":"<p>\u201eRomance\u201c komoda \u2013 stilinga prie\u0161kambario organizatorius. Ie\u0161kote bald\u0173, kurie derint\u0173 funkcionalum\u0105 ir elegancij\u0105 j\u016bs\u0173 prie\u0161kambaryje? \u201eRomance\u201c kolekcija sukurta tiems, kurie vertina paprastas formas, \u012fkv\u0117ptas skandinavi\u0161ko dizaino. \u201eRomance\u201c komoda yra ne tik prie\u0161kambario organizatorius, bet ir i\u0161skirtinis dekoratyvinis elementas. Vienas i\u0161 [\u2026]<\/p>","protected":false},"featured_media":258950,"comment_status":"open","ping_status":"open","template":"","meta":[],"product_brand":[],"product_cat":[9200,1173],"product_tag":[],"class_list":{"0":"post-258949","1":"product","2":"type-product","3":"status-publish","4":"has-post-thumbnail","6":"product_cat-black-red-white","7":"product_cat-chests-of-drawers","9":"first","10":"instock","11":"purchasable","12":"product-type-simple"},"_links":{"self":[{"href":"https:\/\/baldumarket.lt\/lt\/wp-json\/wp\/v2\/product\/258949","targetHints":{"allow":["GET"]}}],"collection":[{"href":"https:\/\/baldumarket.lt\/lt\/wp-json\/wp\/v2\/product"}],"about":[{"href":"https:\/\/baldumarket.lt\/lt\/wp-json\/wp\/v2\/types\/product"}],"replies":[{"embeddable":true,"href":"https:\/\/baldumarket.lt\/lt\/wp-json\/wp\/v2\/comments?post=258949"}],"wp:featuredmedia":[{"embeddable":true,"href":"https:\/\/baldumarket.lt\/lt\/wp-json\/wp\/v2\/media\/258950"}],"wp:attachment":[{"href":"https:\/\/baldumarket.lt\/lt\/wp-json\/wp\/v2\/media?parent=258949"}],"wp:term":[{"taxonomy":"product_brand","embeddable":true,"href":"https:\/\/baldumarket.lt\/lt\/wp-json\/wp\/v2\/product_brand?post=258949"},{"taxonomy":"product_cat","embeddable":true,"href":"https:\/\/baldumarket.lt\/lt\/wp-json\/wp\/v2\/product_cat?post=258949"},{"taxonomy":"product_tag","embeddable":true,"href":"https:\/\/baldumarket.lt\/lt\/wp-json\/wp\/v2\/product_tag?post=258949"}],"curies":[{"name":"wp","href":"https:\/\/api.w.org\/{rel}","templated":true}]}}