{"id":258933,"date":"2026-01-13T22:35:57","date_gmt":"2026-01-13T19:35:57","guid":{"rendered":"https:\/\/baldumarket.lt\/product\/komoda-dwudrzwiowa-z-dwoma-szufladami-noeda-709-cm-dab-sonoma\/"},"modified":"2026-02-11T18:29:58","modified_gmt":"2026-02-11T15:29:58","slug":"komoda-dwudrzwiowa-z-dwoma-szufladami-noeda-709-cm-dab-sonoma","status":"publish","type":"product","link":"https:\/\/baldumarket.lt\/lt\/product\/komoda-dwudrzwiowa-z-dwoma-szufladami-noeda-709-cm-dab-sonoma\/","title":{"rendered":"NOEDA dviej\u0173 dur\u0173 komoda su dviem stal\u010diais, 70,9 cm, Sonoma \u0105\u017euolas"},"content":{"rendered":"<p>\u2019Noeda\u201c komoda \u2013 klasika su moderniu prieskoniu. \u0160i komoda yra ne\u012ftik\u0117tinai universalus baldas, atliekantis svarb\u0173 vaidmen\u012f \u012fvairiose nam\u0173 erdv\u0117se. \u201eNoeda\u201c kolekcija pasi\u017eymi moderniu dizainu, i\u0161laikydama paprast\u0105 form\u0105, tod\u0117l puikiai tinka tiek moderniam, tiek skandinavi\u0161kam, tiek minimalistiniam interjerui. Pereikime prie unikali\u0173 \u201eNoeda\u201c komodos savybi\u0173: 1. 2 stal\u010diai aksesuarams \u2013 puikus sprendimas norint tvarkingai ir tvarkingai laikyti ma\u017eesnius daiktus. 2. 3 erdvios lentynos \u2013 idealiai tinka daikt\u0173 laikymui, leid\u017eia sutvarkyti erdv\u0119 ir eksponuoti dekoracijas ar m\u0117gstamus daiktus. 3. Subtilios plastikin\u0117s ranken\u0117l\u0117s \u2013 detal\u0117s, kurios ne tik suteikia funkcionalumo, bet ir i\u0161laiko minimalistin\u0119 estetik\u0105, puikiai papildydamos modern\u0173 baldo charakter\u012f. 4. Funkcinis stalvir\u0161is \u2013 suteikia papildomos vietos dekoracijoms eksponuoti ir kartu yra prakti\u0161kas. 5. Galima rinktis i\u0161 trij\u0173 spalv\u0173: baltos, sonoma \u0105\u017euolo ir grafito. Lankstus spalv\u0173 pasirinkimas leid\u017eia priderinti komod\u0105 prie individuali\u0173 pageidavim\u0173 ir interjero stiliaus. \u201eNoeda\u201c komoda yra ne tik prakti\u0161kas daikt\u0173 laikymo sprendimas, bet ir dekoratyvinis elementas, suteikiantis charakterio bet kuriam kambariui. Nesvarbu, ar jums labiau patinka modernus estetinis, ar minimalistinis dizainas, \u201eNoeda\u201c pasiruo\u0161usi pateisinti j\u016bs\u0173 l\u016bkes\u010dius. Supaprastinkite savo daikt\u0173 laikymo sistem\u0105 \u201eNoeda\u201c kolekcijos baldais ir sukurkite darn\u0173 interjero dizain\u0105, kuris atspind\u0117t\u0173 j\u016bs\u0173 unikal\u0173 po\u017ei\u016br\u012f \u012f dizain\u0105.<\/p>\n<p>Prek\u0117s kodas S581-KOM2D2S-DSO Simbolis ZM EAN Plotis 70,9 cm Gylis 35,2 cm Auk\u0161tis 75,2 cm Kolekcija Noeda Spalva sonoma \u0105\u017euolas Gaubtas \u0161viesi mediena Stilius modernus Med\u017eiaga laminatas Dureli\u0173 skai\u010dius 2 dur\u0173 Stal\u010di\u0173 skai\u010dius 2 stal\u010diai Rankena su ranken\u0117l\u0117mis Gamintojas Juoda Raudona Balta Baldo tipas Komodos PVM 23% EAN 5906123813693<\/p>","protected":false},"excerpt":{"rendered":"<p>\u201eNoeda\u201c komoda \u2013 klasika su moderniu prieskoniu. \u0160i komoda yra ne\u012ftik\u0117tinai universalus baldas, atliekantis svarb\u0173 vaidmen\u012f \u012fvairiose nam\u0173 erdv\u0117se. \u201eNoeda\u201c kolekcija pasi\u017eymi moderniu dizainu, i\u0161laikydama paprast\u0105 form\u0105, tod\u0117l puikiai tinka moderniam, skandinavi\u0161kam ir [\u2026]<\/p>","protected":false},"featured_media":258934,"comment_status":"open","ping_status":"open","template":"","meta":[],"product_brand":[],"product_cat":[9200,1173],"product_tag":[],"class_list":{"0":"post-258933","1":"product","2":"type-product","3":"status-publish","4":"has-post-thumbnail","6":"product_cat-black-red-white","7":"product_cat-chests-of-drawers","9":"first","10":"instock","11":"purchasable","12":"product-type-simple"},"_links":{"self":[{"href":"https:\/\/baldumarket.lt\/lt\/wp-json\/wp\/v2\/product\/258933","targetHints":{"allow":["GET"]}}],"collection":[{"href":"https:\/\/baldumarket.lt\/lt\/wp-json\/wp\/v2\/product"}],"about":[{"href":"https:\/\/baldumarket.lt\/lt\/wp-json\/wp\/v2\/types\/product"}],"replies":[{"embeddable":true,"href":"https:\/\/baldumarket.lt\/lt\/wp-json\/wp\/v2\/comments?post=258933"}],"wp:featuredmedia":[{"embeddable":true,"href":"https:\/\/baldumarket.lt\/lt\/wp-json\/wp\/v2\/media\/258934"}],"wp:attachment":[{"href":"https:\/\/baldumarket.lt\/lt\/wp-json\/wp\/v2\/media?parent=258933"}],"wp:term":[{"taxonomy":"product_brand","embeddable":true,"href":"https:\/\/baldumarket.lt\/lt\/wp-json\/wp\/v2\/product_brand?post=258933"},{"taxonomy":"product_cat","embeddable":true,"href":"https:\/\/baldumarket.lt\/lt\/wp-json\/wp\/v2\/product_cat?post=258933"},{"taxonomy":"product_tag","embeddable":true,"href":"https:\/\/baldumarket.lt\/lt\/wp-json\/wp\/v2\/product_tag?post=258933"}],"curies":[{"name":"wp","href":"https:\/\/api.w.org\/{rel}","templated":true}]}}