{"id":258925,"date":"2026-01-13T22:35:49","date_gmt":"2026-01-13T19:35:49","guid":{"rendered":"https:\/\/baldumarket.lt\/product\/komoda-dwudrzwiowa-z-dwoma-szufladami-kent-101-cm-kasztan\/"},"modified":"2026-02-11T18:29:58","modified_gmt":"2026-02-11T15:29:58","slug":"komoda-dwudrzwiowa-z-dwoma-szufladami-kent-101-cm-kasztan","status":"publish","type":"product","link":"https:\/\/baldumarket.lt\/lt\/product\/komoda-dwudrzwiowa-z-dwoma-szufladami-kent-101-cm-kasztan\/","title":{"rendered":"Dvidur\u0117 komoda su dviem stal\u010diais KENT 101 cm ka\u0161tonin\u0117"},"content":{"rendered":"<p>Kent komoda \u2013 prakti\u0161kas daikt\u0173 laikymo sprendimas. Pagrindiniai klasikin\u0117s Kent modulin\u0117s kolekcijos bruo\u017eai \u2013 eleganti\u0161ka i\u0161vaizda ir nesenstantis gro\u017eis. Kent komoda yra puikus organizavimo \u012frankis, leid\u017eiantis laikyti visk\u0105, k\u0105 norite tur\u0117ti po ranka. Du patog\u016bs stal\u010diai ir erdvi lentyna sukuria funkcionali\u0105 erdv\u0119, kuri padeda susitvarkyti daiktus.<br \/>\nI\u0161skirtin\u0117 kolekcijos fanera puikiai perteikia nat\u016bral\u0173 medienos charakter\u012f ir strukt\u016br\u0105, o stulbinant\u012f bald\u0173 efekt\u0105 lemia \u0161iltas ka\u0161toninis atspalvis.<br \/>\nRai\u017eyti cokoliai ir fasadai suteikia \u201eKent\u201c komodai nesenstant\u012f charakter\u012f, o originalios, dekoratyvios ranken\u0117l\u0117s traukia d\u0117mes\u012f ir suteikia kambariui presti\u017eo.<br \/>\nSiekiant didesnio patogumo, firminiai vyriai leid\u017eia tiksliai trima\u010diai reguliuoti fasadus.<br \/>\nKomoda gali b\u016bti derinama su kitais \u201eKent\u201c kolekcijos elementais, tod\u0117l galima \u012fvairiai i\u0161d\u0117styti erdv\u0119 stilingose svetain\u0117se, miegamuosiuose, valgomuosiuose ir biuruose.<\/p>\n<p>Prek\u0117s kodas S10-EKOM2D2S-KA Simbolis ZM EAN Plotis 101 cm Gylis 45 cm Auk\u0161tis 90,5 cm Kolekcija Kent Spalva ka\u0161tonin\u0117 Atspalvis tamsi mediena Stilius klasikinis Med\u017eiaga laminatas Dureli\u0173 skai\u010dius 2 dur\u0173 Stal\u010di\u0173 skai\u010dius 2 stal\u010diai Rankena su rankenomis Gamintojas Juoda Raudona Balta Baldo tipas Komodos PVM 23% EAN 5906123881999<\/p>","protected":false},"excerpt":{"rendered":"<p>Kent komoda \u2013 prakti\u0161kas daikt\u0173 laikymo sprendimas. Pagrindiniai klasikin\u0117s Kent modulin\u0117s kolekcijos bruo\u017eai \u2013 eleganti\u0161ka i\u0161vaizda ir nesenstantis gro\u017eis. Kent komoda yra puiki organizavimo priemon\u0117, leid\u017eianti laikyti visk\u0105, k\u0105 norite tur\u0117ti po ranka. Du patog\u016bs stal\u010diai ir erdvi lentyna sukuria [\u2026]<\/p>","protected":false},"featured_media":258926,"comment_status":"open","ping_status":"open","template":"","meta":[],"product_brand":[],"product_cat":[9200,1173],"product_tag":[],"class_list":{"0":"post-258925","1":"product","2":"type-product","3":"status-publish","4":"has-post-thumbnail","6":"product_cat-black-red-white","7":"product_cat-chests-of-drawers","9":"first","10":"instock","11":"purchasable","12":"product-type-simple"},"_links":{"self":[{"href":"https:\/\/baldumarket.lt\/lt\/wp-json\/wp\/v2\/product\/258925","targetHints":{"allow":["GET"]}}],"collection":[{"href":"https:\/\/baldumarket.lt\/lt\/wp-json\/wp\/v2\/product"}],"about":[{"href":"https:\/\/baldumarket.lt\/lt\/wp-json\/wp\/v2\/types\/product"}],"replies":[{"embeddable":true,"href":"https:\/\/baldumarket.lt\/lt\/wp-json\/wp\/v2\/comments?post=258925"}],"wp:featuredmedia":[{"embeddable":true,"href":"https:\/\/baldumarket.lt\/lt\/wp-json\/wp\/v2\/media\/258926"}],"wp:attachment":[{"href":"https:\/\/baldumarket.lt\/lt\/wp-json\/wp\/v2\/media?parent=258925"}],"wp:term":[{"taxonomy":"product_brand","embeddable":true,"href":"https:\/\/baldumarket.lt\/lt\/wp-json\/wp\/v2\/product_brand?post=258925"},{"taxonomy":"product_cat","embeddable":true,"href":"https:\/\/baldumarket.lt\/lt\/wp-json\/wp\/v2\/product_cat?post=258925"},{"taxonomy":"product_tag","embeddable":true,"href":"https:\/\/baldumarket.lt\/lt\/wp-json\/wp\/v2\/product_tag?post=258925"}],"curies":[{"name":"wp","href":"https:\/\/api.w.org\/{rel}","templated":true}]}}