{"id":258921,"date":"2026-01-13T22:35:45","date_gmt":"2026-01-13T19:35:45","guid":{"rendered":"https:\/\/baldumarket.lt\/product\/komoda-dwudrzwiowa-z-dwoma-szufladami-gent-1005-cm-dab-stirling\/"},"modified":"2026-02-11T18:29:58","modified_gmt":"2026-02-11T15:29:58","slug":"komoda-dwudrzwiowa-z-dwoma-szufladami-gent-1005-cm-dab-stirling","status":"publish","type":"product","link":"https:\/\/baldumarket.lt\/lt\/product\/komoda-dwudrzwiowa-z-dwoma-szufladami-gent-1005-cm-dab-stirling\/","title":{"rendered":"Dvidur\u0117 komoda su dviem stal\u010diais GENT 100,5 cm Stirling \u0105\u017euolo spalvos"},"content":{"rendered":"<p>\u201eGent\u201c komoda \u2013 stilinga prie\u0161kambario organizatorius. Jei svajojate \u012frengti savo prie\u0161kambar\u012f klasikiniu, eleganti\u0161ku stiliumi, \u201eGent\u201c kolekcija yra puikus pasirinkimas. \u0160is paprastumo ir elegancijos derinys sukuria tobul\u0105 interjer\u0105, o \u201eGent\u201c komoda yra vienas i\u0161 pagrindini\u0173 \u0161ios kolekcijos element\u0173. Pagrindin\u0117 \u201eGent\u201c komodos funkcija \u2013 bat\u0173 laikymas. Nesvarbu, kiek por\u0173 bat\u0173 turite, visada atrodo, kad joms lieka per ma\u017eai vietos. \u0160tai kod\u0117l dviej\u0173 dur\u0173 \u201eGent\u201c komoda su keturiomis prakti\u0161komis lentynomis yra puikus sprendimas. Tai puiki vieta sve\u010di\u0173 \u0161lepet\u0117ms, sezonin\u0117ms \u0161lepet\u0117ms ir kitai avalynei. Be to, du patog\u016bs stal\u010diai leid\u017eia laikyti kepures, pir\u0161tines ir bat\u0173 prie\u017ei\u016bros priemones, kad prie\u0161kambaris b\u016bt\u0173 tvarkingas. \u201eGent\u201c komoda suteikia papildomos vietos, kuri\u0105 galima panaudoti dekoratyvinei vazai, rakt\u0173 pakabukui ar kitiems smulkiems daiktams, kuriuos norite laikyti po ranka. \u0160io \u201eGent\u201c kolekcijos baldo dizainas vertas d\u0117mesio. Stirlingo \u0105\u017euolo spalva suteikia interjerui \u0161ilt\u0105 ir eleganti\u0161k\u0105 aplink\u0105, o matoma medienos tekst\u016bra ir lyt\u0117jimo tekst\u016bra suteikia baldui charakterio, pritraukdama gamtos ir nat\u016brali\u0173 med\u017eiag\u0173 myl\u0117toj\u0173 d\u0117mes\u012f. Metalin\u0117s rankenos ir \u0161oniniai b\u0117geliai, veikiantys kaip subtilios kojel\u0117s, eleganti\u0161kai puo\u0161ia bald\u0105, suteikdami jam modernumo. \u0160ios detal\u0117s suteikia \u201eGent\u201c komodai unikali\u0105 i\u0161vaizd\u0105. Be to, \u0161velnaus u\u017edarymo sistema u\u017etikrina, kad spintel\u0117s ir stal\u010di\u0173 fasadai u\u017esidaryt\u0173 beveik tyliai, o tai ypa\u010d naudinga, kai siekiama i\u0161laikyti tyl\u0105 namuose arba nepa\u017eadinti nami\u0161ki\u0173. Jei norite sukurti darni\u0105 ir funkcionali\u0105 prie\u0161kambario erdv\u0119, verta derinti \u201eGent\u201c komod\u0105 su kitais kolekcijos elementais. Tokiu b\u016bdu galite pritaikyti interjer\u0105 prie savo \u0161eimos poreiki\u0173, i\u0161laikydami nuosekl\u0173 stili\u0173. Trumpai tariant, \u201eGent\u201c komoda yra ne tik prakti\u0161ka prie\u0161kambario organizatorius, bet ir eleganti\u0161kas baldas, kuris suteiks j\u016bs\u0173 interjerui charakterio. Funkcionalumas, estetika ir d\u0117mesys detal\u0117ms daro j\u0105 puikiu sprendimu tiems, kurie vertina ir stili\u0173, ir erdv\u0117s organizavim\u0105 savo namuose.<\/p>\n<p>Prek\u0117s kodas M244-KOM2D2S\/10\/10-DAST Simbolis ZM EAN Plotis 101 cm Gylis 40 cm Auk\u0161tis 100,5 cm Kolekcija Gent Spalva stirling \u0105\u017euolas Atspalvis tamsi mediena Stilius modernus Dur\u0173 skai\u010dius 2 dur\u0173 Stal\u010di\u0173 skai\u010dius 2 stal\u010diai Rankena su rankenomis Gamintojas Juoda Raudona Balta Baldo tipas Komodos PVM 23% EAN 5906123605335<\/p>","protected":false},"excerpt":{"rendered":"<p>\u201eGent\u201c komoda \u2013 stilinga prie\u0161kambario organizatorius. Jei svajojate \u012frengti savo prie\u0161kambar\u012f klasikiniu, eleganti\u0161ku stiliumi, \u201eGent\u201c kolekcija yra puikus pasirinkimas. \u0160is paprastumo ir elegancijos derinys sukuria tobul\u0105 interjer\u0105, o \u201eGent\u201c komoda yra vienas i\u0161 pagrindini\u0173 \u0161ios kolekcijos element\u0173. [\u2026]<\/p>","protected":false},"featured_media":258922,"comment_status":"open","ping_status":"open","template":"","meta":[],"product_brand":[],"product_cat":[9200,1173],"product_tag":[],"class_list":{"0":"post-258921","1":"product","2":"type-product","3":"status-publish","4":"has-post-thumbnail","6":"product_cat-black-red-white","7":"product_cat-chests-of-drawers","9":"first","10":"instock","11":"purchasable","12":"product-type-simple"},"_links":{"self":[{"href":"https:\/\/baldumarket.lt\/lt\/wp-json\/wp\/v2\/product\/258921","targetHints":{"allow":["GET"]}}],"collection":[{"href":"https:\/\/baldumarket.lt\/lt\/wp-json\/wp\/v2\/product"}],"about":[{"href":"https:\/\/baldumarket.lt\/lt\/wp-json\/wp\/v2\/types\/product"}],"replies":[{"embeddable":true,"href":"https:\/\/baldumarket.lt\/lt\/wp-json\/wp\/v2\/comments?post=258921"}],"wp:featuredmedia":[{"embeddable":true,"href":"https:\/\/baldumarket.lt\/lt\/wp-json\/wp\/v2\/media\/258922"}],"wp:attachment":[{"href":"https:\/\/baldumarket.lt\/lt\/wp-json\/wp\/v2\/media?parent=258921"}],"wp:term":[{"taxonomy":"product_brand","embeddable":true,"href":"https:\/\/baldumarket.lt\/lt\/wp-json\/wp\/v2\/product_brand?post=258921"},{"taxonomy":"product_cat","embeddable":true,"href":"https:\/\/baldumarket.lt\/lt\/wp-json\/wp\/v2\/product_cat?post=258921"},{"taxonomy":"product_tag","embeddable":true,"href":"https:\/\/baldumarket.lt\/lt\/wp-json\/wp\/v2\/product_tag?post=258921"}],"curies":[{"name":"wp","href":"https:\/\/api.w.org\/{rel}","templated":true}]}}