{"id":258913,"date":"2026-01-13T22:35:38","date_gmt":"2026-01-13T19:35:38","guid":{"rendered":"https:\/\/baldumarket.lt\/product\/komoda-dwudrzwiowa-z-dwoma-szufladami-bergen-110-cm-modrzew-sibiu-zloty\/"},"modified":"2026-02-11T18:29:58","modified_gmt":"2026-02-11T15:29:58","slug":"komoda-dwudrzwiowa-z-dwoma-szufladami-bergen-110-cm-modrzew-sibiu-zloty","status":"publish","type":"product","link":"https:\/\/baldumarket.lt\/lt\/product\/komoda-dwudrzwiowa-z-dwoma-szufladami-bergen-110-cm-modrzew-sibiu-zloty\/","title":{"rendered":"BERGEN komoda su dviem durimis, 110 cm, Sibiu maumed\u017eio, auksin\u0117"},"content":{"rendered":"<p>Bergen komoda \u2013 tobulas sprendimas daikt\u0173 laikymui. Bergen kolekcija \u2013 tai unikalus geometrini\u0173 form\u0173, originali\u0173 detali\u0173 ir prislopint\u0173 spalv\u0173 derinys, puikiai atrodantis tiek svetain\u0117je, tiek miegamajame. Jei svarstote, kur laikyti b\u016btiniausius svetain\u0117s daiktus, Bergen komoda, d\u0117l savo optimalaus dyd\u017eio, yra puikus sprendimas net ir jaukiems studijos tipo butams. \u0160i unikali organizatorius turi du kompakti\u0161kus stal\u010dius ir dvi erdvias spinteles, puikiai tinkan\u010dias \u012fvairiems daiktams laikyti. Paprast\u0105 komodos form\u0105 puo\u0161ia i\u0161skirtinis \u0161onini\u0173 kra\u0161t\u0173 \u201c\u012fdubimas\u201d, taip pat i\u0161siki\u0161\u0119s, tiesus cokolis ir nuo\u017euln\u016bs fasad\u0173 kra\u0161tai, suteikiantys baldui modern\u0173 ir stiling\u0105 vaizd\u0105. \u0160ilta auksin\u0117s Sibiu maumed\u017eio medienos spalva suteiks j\u016bs\u0173 interjerui unikalios atmosferos ir sukurs stiling\u0173 i\u0161d\u0117stym\u0173 pagrind\u0105. Komodos detal\u0117s nusipelno ypatingo d\u0117mesio. Auk\u0161tos, siaur\u0117jan\u010dios kojel\u0117s ir metalin\u0117s rankenos suteikia \u0161iai stilingai komodai charakterio. Siekiant u\u017etikrinti komfort\u0105, \u012fmontuoti firminiai aksesuarai su \u0161velnaus u\u017edarymo sistema. B\u0117gel\u0117s su specialiais stabd\u017eiais leid\u017eia skland\u017eiai ir beveik tyliai u\u017edaryti bald\u0173 fasadus. \u201eBergen\u201c kolekcija taip pat leid\u017eia laisvai derinti \u012fvairius baldus, sukuriant funkcionalius i\u0161d\u0117stymus, pritaikytus j\u016bs\u0173 \u0161eimos poreikiams. \u0160is sprendimas leid\u017eia sukurti darni\u0105 ir prakti\u0161k\u0105 erdv\u0119. Trumpai tariant, \u201eBergen\u201c komoda yra puikus daikt\u0173 laikymo sprendimas, derinantis funkcionalum\u0105 ir elegancij\u0105. Joje visi j\u016bs\u0173 reikalingi daiktai visada bus po ranka, i\u0161laikant estetin\u012f j\u016bs\u0173 interjero patrauklum\u0105.<\/p>\n<p>Prek\u0117s kodas S359-KOM2D2S-MSZ Simbolis ZM EAN Plotis 110 cm Gylis 47 cm Auk\u0161tis 98 cm Kolekcija Bergen Spalva maumedis sibiu auksinis Atspalvis tamsi mediena Stilius klasikinis Med\u017eiaga laminatas Dureli\u0173 skai\u010dius 2 dur\u0173 Stal\u010di\u0173 skai\u010dius 2 stal\u010diai Rankena su rankenomis Gamintojas Juoda Raudona Balta Baldo tipas Komodos PVM 23% EAN 5906123926614<\/p>","protected":false},"excerpt":{"rendered":"<p>Bergen komoda \u2013 tobulas sprendimas daiktams laikyti. Bergen kolekcija \u2013 tai unikalus geometrini\u0173 form\u0173, originali\u0173 detali\u0173 ir prislopint\u0173 spalv\u0173 derinys, puikiai atrodantis tiek svetain\u0117je, tiek miegamajame. Jei svarstote, kur laikyti b\u016btiniausius svetain\u0117s daiktus, Bergen komoda, d\u0117l savo optimalaus dyd\u017eio, yra [\u2026]<\/p>","protected":false},"featured_media":258914,"comment_status":"open","ping_status":"open","template":"","meta":[],"product_brand":[],"product_cat":[9200,1173],"product_tag":[],"class_list":{"0":"post-258913","1":"product","2":"type-product","3":"status-publish","4":"has-post-thumbnail","6":"product_cat-black-red-white","7":"product_cat-chests-of-drawers","9":"first","10":"instock","11":"purchasable","12":"product-type-simple"},"_links":{"self":[{"href":"https:\/\/baldumarket.lt\/lt\/wp-json\/wp\/v2\/product\/258913","targetHints":{"allow":["GET"]}}],"collection":[{"href":"https:\/\/baldumarket.lt\/lt\/wp-json\/wp\/v2\/product"}],"about":[{"href":"https:\/\/baldumarket.lt\/lt\/wp-json\/wp\/v2\/types\/product"}],"replies":[{"embeddable":true,"href":"https:\/\/baldumarket.lt\/lt\/wp-json\/wp\/v2\/comments?post=258913"}],"wp:featuredmedia":[{"embeddable":true,"href":"https:\/\/baldumarket.lt\/lt\/wp-json\/wp\/v2\/media\/258914"}],"wp:attachment":[{"href":"https:\/\/baldumarket.lt\/lt\/wp-json\/wp\/v2\/media?parent=258913"}],"wp:term":[{"taxonomy":"product_brand","embeddable":true,"href":"https:\/\/baldumarket.lt\/lt\/wp-json\/wp\/v2\/product_brand?post=258913"},{"taxonomy":"product_cat","embeddable":true,"href":"https:\/\/baldumarket.lt\/lt\/wp-json\/wp\/v2\/product_cat?post=258913"},{"taxonomy":"product_tag","embeddable":true,"href":"https:\/\/baldumarket.lt\/lt\/wp-json\/wp\/v2\/product_tag?post=258913"}],"curies":[{"name":"wp","href":"https:\/\/api.w.org\/{rel}","templated":true}]}}