{"id":258905,"date":"2026-01-13T22:35:31","date_gmt":"2026-01-13T19:35:31","guid":{"rendered":"https:\/\/baldumarket.lt\/product\/komoda-dwudrzwiowa-z-czterema-szufladami-nepo-plus-119-cm-dab-noble-dab-somona\/"},"modified":"2026-02-11T18:29:58","modified_gmt":"2026-02-11T15:29:58","slug":"komoda-dwudrzwiowa-z-czterema-szufladami-nepo-plus-119-cm-dab-noble-dab-somona","status":"publish","type":"product","link":"https:\/\/baldumarket.lt\/lt\/product\/komoda-dwudrzwiowa-z-czterema-szufladami-nepo-plus-119-cm-dab-noble-dab-somona\/","title":{"rendered":"Dvidur\u0117 komoda su keturiais stal\u010diais NEPO PLUS 119 cm, kilnus \u0105\u017euolas\/somona \u0105\u017euolas"},"content":{"rendered":"<p>\u201eNepo Plus\u201c komodos \u2013 funkcionalumas biurams, svetain\u0117ms ir vaik\u0173 kambariams. Moderni \u201eNepo Plus\u201c kolekcija \u2013 puikus sprendimas \u012fvairiems interjerams, \u012fskaitant vaik\u0173 ir paaugli\u0173 kambarius. Joje derinamas minimalistinis dizainas su prakti\u0161kais sprendimais, kurie leid\u017eia lengvai organizuoti daiktus ir esteti\u0161kai juos laikyti. Patogumas ir funkcionalumas.<br \/>\n\u201eNepo Plus\u201c komoda \u2013 puikus organizatorius, pad\u0117siantis palaikyti tvark\u0105 bet kuriame kambaryje. Keturi erdv\u016bs stal\u010diai ir dvi spintel\u0117s leid\u017eia patogiai atskirti \u012fvairi\u0173 kategorij\u0173 daiktus \u2013 nuo apatini\u0173 drabu\u017ei\u0173 ir mar\u0161kin\u0117li\u0173 iki dokument\u0173 ir biuro reikmen\u0173. Platus stalvir\u0161is suteikia papildomos erdv\u0117s, ant kurios galite eksponuoti m\u0117gstamas dekoracijas, knygas ar suvenyrus. Stilius ir patvarumas<br \/>\nKomoda pagaminta i\u0161 patvarios laminuotos plok\u0161t\u0117s su eleganti\u0161ku kilnaus \u0105\u017euolo atspalviu, o Sonoma \u0105\u017euolo fasadai suteikia interjerui gaivumo ir lengvumo. Laminuotas pavir\u0161ius yra atsparus \u012fbr\u0117\u017eimams, temperat\u016brai ir lengvai valomas. Horizontalios rankenos suteikia komodai modern\u0173 charakter\u012f ir u\u017etikrina lengv\u0105 prieig\u0105 prie turinio. Savyb\u0117s: Keturi erdv\u016bs stal\u010diai \u2013 puikiai tinka patalyn\u0117s, dokument\u0173 ir nieku\u010di\u0173 laikymui. Dvi spintel\u0117s \u2013 puikiai tinka didesniems daiktams, pavyzd\u017eiui, knygoms ar segtuvams. Platus stalvir\u0161is \u2013 vieta dekoracijoms, suvenyrams ar augalams. Laminuotas pavir\u0161ius \u2013 atsparus \u012fbr\u0117\u017eimams ir lengvai valomas. Kilnaus \u0105\u017euolo \/ Sonoma \u0105\u017euolo spalva \u2013 universalus ir modernus dizainas. Horizontalios rankenos \u2013 prakti\u0161ka ir esteti\u0161ka detal\u0117. Santrauka<br \/>\n\u201eNepo Plus\u201c komoda yra universalus baldas, kuris puikiai tiks biure, svetain\u0117je ar vaik\u0173 kambaryje. Erdvus interjeras, patvari konstrukcija ir stilinga i\u0161vaizda paver\u010dia j\u012f puikiu pasirinkimu norint sutvarkyti ir dekoruoti savo erdv\u0119. Derinkite komod\u0105 su kitais \u201eNepo Plus\u201c kolekcijos elementais, kad sukurtum\u0117te darn\u0173 ir funkcional\u0173 i\u0161d\u0117stym\u0105, kuris patenkins visus j\u016bs\u0173 \u0161eimos poreikius.<\/p>\n<p>Prek\u0117s kodas S435-KOM2D4S-DNO\/DSO Plotis 118,5 cm Gylis 34 cm Auk\u0161tis 84 cm Kolekcija \u201eNepo Plus\u201c Spalva kilnus \u0105\u017euolas\/sonoma \u0105\u017euolas Atspalvis tamsi mediena Stilius modernus Med\u017eiaga laminatas Dureli\u0173 skai\u010dius 2 dur\u0173 Stal\u010di\u0173 skai\u010dius 4 stal\u010diai Rankena su ranken\u0117l\u0117mis Gamintojas Juoda Raudona Balta Baldo tipas Komodos PVM 23% EAN 5906123051651<\/p>","protected":false},"excerpt":{"rendered":"<p>\u201eNepo Plus\u201c komoda \u2013 funkcionalumas biurams, svetain\u0117ms ir vaik\u0173 kambariams. Moderni \u201eNepo Plus\u201c kolekcija puikiai tinka \u012fvairiems interjerams, \u012fskaitant vaik\u0173 ir paaugli\u0173 kambarius. Ji derina minimalistin\u012f dizain\u0105 su prakti\u0161kais sprendimais, kurie leid\u017eia lengvai organizuoti daiktus ir esteti\u0161kai juos laikyti. Patogumas ir funkcionalumas. \u201eNepo Plus\u201c komoda [\u2026]<\/p>","protected":false},"featured_media":258906,"comment_status":"open","ping_status":"open","template":"","meta":[],"product_brand":[],"product_cat":[9200,1173],"product_tag":[],"class_list":{"0":"post-258905","1":"product","2":"type-product","3":"status-publish","4":"has-post-thumbnail","6":"product_cat-black-red-white","7":"product_cat-chests-of-drawers","9":"first","10":"instock","11":"purchasable","12":"product-type-simple"},"_links":{"self":[{"href":"https:\/\/baldumarket.lt\/lt\/wp-json\/wp\/v2\/product\/258905","targetHints":{"allow":["GET"]}}],"collection":[{"href":"https:\/\/baldumarket.lt\/lt\/wp-json\/wp\/v2\/product"}],"about":[{"href":"https:\/\/baldumarket.lt\/lt\/wp-json\/wp\/v2\/types\/product"}],"replies":[{"embeddable":true,"href":"https:\/\/baldumarket.lt\/lt\/wp-json\/wp\/v2\/comments?post=258905"}],"wp:featuredmedia":[{"embeddable":true,"href":"https:\/\/baldumarket.lt\/lt\/wp-json\/wp\/v2\/media\/258906"}],"wp:attachment":[{"href":"https:\/\/baldumarket.lt\/lt\/wp-json\/wp\/v2\/media?parent=258905"}],"wp:term":[{"taxonomy":"product_brand","embeddable":true,"href":"https:\/\/baldumarket.lt\/lt\/wp-json\/wp\/v2\/product_brand?post=258905"},{"taxonomy":"product_cat","embeddable":true,"href":"https:\/\/baldumarket.lt\/lt\/wp-json\/wp\/v2\/product_cat?post=258905"},{"taxonomy":"product_tag","embeddable":true,"href":"https:\/\/baldumarket.lt\/lt\/wp-json\/wp\/v2\/product_tag?post=258905"}],"curies":[{"name":"wp","href":"https:\/\/api.w.org\/{rel}","templated":true}]}}