{"id":258873,"date":"2026-01-13T22:35:04","date_gmt":"2026-01-13T19:35:04","guid":{"rendered":"https:\/\/baldumarket.lt\/product\/komoda-dwudrzwiowa-z-czterema-szufladami-nepo-plus-1185-cm-bialy\/"},"modified":"2026-02-11T18:29:58","modified_gmt":"2026-02-11T15:29:58","slug":"komoda-dwudrzwiowa-z-czterema-szufladami-nepo-plus-1185-cm-bialy","status":"publish","type":"product","link":"https:\/\/baldumarket.lt\/lt\/product\/komoda-dwudrzwiowa-z-czterema-szufladami-nepo-plus-1185-cm-bialy\/","title":{"rendered":"Dviej\u0173 dur\u0173 komoda su keturiais stal\u010diais NEPO PLUS 118,5 cm balta"},"content":{"rendered":"<p>\u201eNepo Plus\u201c komoda \u2013 puikiai tinka biurams, svetain\u0117ms ir vaik\u0173 kambariams. Moderni \u201eNepo Plus\u201c kolekcija \u2013 tai sprendimas, kuris skland\u017eiai dera prie \u012fvairi\u0173 interjero dizain\u0173, nepriklausomai nuo j\u0173 paskirties. Tai baldas, kuris gali rasti savo viet\u0105 biure, svetain\u0117je, vaiko ar paauglio kambaryje. \u0160tai kelios prie\u017eastys, kod\u0117l verta apsvarstyti \u201eNepo Plus\u201c komod\u0105: \u2013 Tvarkymas ir daikt\u0173 laikymas: jei j\u016bs\u0173 vaiko ar paauglio kambarys da\u017enai b\u016bna prikrautas drabu\u017ei\u0173, u\u017era\u0161\u0173 knygeli\u0173 ir \u012fvairi\u0173 nieku\u010di\u0173, \u201eNepo Plus\u201c komoda yra puikus sprendimas. Ji leid\u017eia atskirti apatinius drabu\u017eius nuo mar\u0161kin\u0117li\u0173, biuro reikmen\u0173 ir dokument\u0173. Tai labai palengvina tvarkos palaikym\u0105, o kiekvienas daiktas turi savo skirt\u0105 viet\u0105. \u2013 Prakti\u0161kas stalvir\u0161is: \u201eNepo Plus\u201c komoda turi plat\u0173 stalvir\u0161\u012f, ant kurio galima pad\u0117ti g\u0117l\u0119, r\u0117mel\u012f su m\u0117gstama nuotrauka ar verting\u0105 trof\u0117j\u0173. Tai puiki vieta suasmeninti kambar\u012f ir suteikti jam savit\u0105 charakter\u012f. \u2013 Patvarumas ir lengvas valymas: Laminuotas komodos pavir\u0161ius padidina jos atsparum\u0105 \u012fbr\u0117\u017eimams ir temperat\u016bros poky\u010diams. Tai ypa\u010d svarbu vaiko kambaryje, kur baldai gali b\u016bti labiau jautr\u016bs \u012fvairiems pa\u017eeidimams. Be to, laminat\u0105 lengva valyti, tod\u0117l kasdien\u0117 prie\u017ei\u016bra yra lengvesn\u0117. \u201eNepo Plus\u201c kolekcija si\u016blo plat\u0173 spalv\u0173 pasirinkim\u0105, tod\u0117l galite priderinti komod\u0105 prie esamo interjero dizaino arba sukurti \u012fdomi\u0173 kontrast\u0173. Spalv\u0105 galite pasirinkti patys arba kartu su savo vaiku, leisdami jam pasijusti susijusiam su savo kambariu. Jei ie\u0161kote darnos savo interjero dizaine, galite naudoti erdvi\u0105 \u201eNepo Plus\u201c komod\u0105 ir derinti j\u0105 su kitais tos pa\u010dios kolekcijos daiktais. Tai b\u016bdas sukurti harmoning\u0105 erdv\u0119, kuri atitikt\u0173 j\u016bs\u0173 vaiko poreikius ir d\u017eiugint\u0173 estetiniu patrauklumu. Trumpai tariant, \u201eNepo Plus\u201c komoda yra ne tik prakti\u0161kas daikt\u0173 laikymo sprendimas, bet ir baldas, galintis suteikti charakterio ir funkcionalumo \u012fvairiems j\u016bs\u0173 nam\u0173 kambariams. Ji padeda palaikyti tvark\u0105, o interjeras \u012fgauna modern\u0173 ir patraukl\u0173 vaizd\u0105. Tod\u0117l verta apsvarstyti \u0161\u012f bald\u0105 \u012frengiant savo biur\u0105, svetain\u0119 ar vaik\u0173 kambar\u012f.<\/p>\n<p>Prek\u0117s kodas S435-KOM2D4S-BI Simbolis ZM EAN Plotis 118,5 cm Gylis 34 cm Auk\u0161tis 84 cm Kolekcija Nepo Plus Spalva balta Baltas atspalvis Stilius modernus Dureli\u0173 skai\u010dius 2 dur\u0173 Stal\u010di\u0173 skai\u010dius 4 stal\u010diai Rankena su ranken\u0117l\u0117mis Gamintojas Juoda Raudona Balta Baldo tipas Komodos PVM 23% EAN 5906123948234<\/p>","protected":false},"excerpt":{"rendered":"<p>The Nepo Plus Chest of Drawers \u2013 Perfect for Offices, Living Rooms, and Children&#8217;s Rooms. The modern Nepo Plus collection is a solution that fits seamlessly into various interior designs, regardless of their purpose. It&#8217;s a piece of furniture that can find its place in an office, living room, child&#8217;s room, or teen&#8217;s room. Here [&hellip;]<\/p>","protected":false},"featured_media":258874,"comment_status":"open","ping_status":"open","template":"","meta":[],"product_brand":[],"product_cat":[9200,1173],"product_tag":[],"class_list":{"0":"post-258873","1":"product","2":"type-product","3":"status-publish","4":"has-post-thumbnail","6":"product_cat-black-red-white","7":"product_cat-chests-of-drawers","9":"first","10":"instock","11":"purchasable","12":"product-type-simple"},"_links":{"self":[{"href":"https:\/\/baldumarket.lt\/lt\/wp-json\/wp\/v2\/product\/258873","targetHints":{"allow":["GET"]}}],"collection":[{"href":"https:\/\/baldumarket.lt\/lt\/wp-json\/wp\/v2\/product"}],"about":[{"href":"https:\/\/baldumarket.lt\/lt\/wp-json\/wp\/v2\/types\/product"}],"replies":[{"embeddable":true,"href":"https:\/\/baldumarket.lt\/lt\/wp-json\/wp\/v2\/comments?post=258873"}],"wp:featuredmedia":[{"embeddable":true,"href":"https:\/\/baldumarket.lt\/lt\/wp-json\/wp\/v2\/media\/258874"}],"wp:attachment":[{"href":"https:\/\/baldumarket.lt\/lt\/wp-json\/wp\/v2\/media?parent=258873"}],"wp:term":[{"taxonomy":"product_brand","embeddable":true,"href":"https:\/\/baldumarket.lt\/lt\/wp-json\/wp\/v2\/product_brand?post=258873"},{"taxonomy":"product_cat","embeddable":true,"href":"https:\/\/baldumarket.lt\/lt\/wp-json\/wp\/v2\/product_cat?post=258873"},{"taxonomy":"product_tag","embeddable":true,"href":"https:\/\/baldumarket.lt\/lt\/wp-json\/wp\/v2\/product_tag?post=258873"}],"curies":[{"name":"wp","href":"https:\/\/api.w.org\/{rel}","templated":true}]}}