{"id":258869,"date":"2026-01-13T22:35:00","date_gmt":"2026-01-13T19:35:00","guid":{"rendered":"https:\/\/baldumarket.lt\/product\/komoda-dwudrzwiowa-z-czterema-szufladami-malcolm-130-cm-dab-monument-dab-monument-z-nadrukiem\/"},"modified":"2026-02-11T18:29:59","modified_gmt":"2026-02-11T15:29:59","slug":"komoda-dwudrzwiowa-z-czterema-szufladami-malcolm-130-cm-dab-monument-dab-monument-z-nadrukiem","status":"publish","type":"product","link":"https:\/\/baldumarket.lt\/lt\/product\/komoda-dwudrzwiowa-z-czterema-szufladami-malcolm-130-cm-dab-monument-dab-monument-z-nadrukiem\/","title":{"rendered":"Dvidur\u0117 komoda su keturiais stal\u010diais, MALCOLM, 130 cm, paminklinio \u0105\u017euolo imitacija\/paminklinio \u0105\u017euolo imitacija su ra\u0161tu"},"content":{"rendered":"<p>\u201eMalcolm\u201c komoda \u2013 erdvus organizatorius. \u201eMalcolm\u201c kolekcija \u2013 tai novatori\u0161kas jaunimo bald\u0173 variantas, kuriame derinamas modernus dizainas su tradicine apdaila. \u201eMalcolm\u201c komoda yra puikus pasirinkimas jaunimo kambariui, nes joje yra keturi prakti\u0161ki stal\u010diai ir keturi erdv\u016bs skyriai u\u017e fasad\u0173. Tai suteikia daug vietos daiktams laikyti ir organizuoti. \u201eMalcolm\u201c kolekcija pasi\u017eymi prislopinta \u201eCanyon Monument Oak\u201c apdaila, kuri kontrastuoja su volframo pilkumo komodos priekiu. \u0160is derinys suteikia baldams eleganti\u0161k\u0105 ir modern\u0173 vaizd\u0105, puikiai papildant\u012f jaunimo kambario estetik\u0105. \u201eMalcolm\u201c komoda pasi\u017eymi grafiniais akcentais \u2013 ry\u0161kiais raid\u017ei\u0173 spaudiniais, suteikian\u010diais jai unikal\u0173 charakter\u012f ir paver\u010dian\u010di\u0105 j\u0105 interjero dizaino akcentu. Be to, atskirus \u201eMalcolm\u201c kolekcijos baldus galima derinti bet kokiu b\u016bdu, tod\u0117l gal\u0117site puikiai pritaikyti kambario i\u0161d\u0117stym\u0105 prie savo vaiko poreiki\u0173 ir reikalavim\u0173. Galite sukurti funkcionali\u0105 ir esteti\u0161kai patraukli\u0105 erdv\u0119, kuri skatina tvark\u0105 ir organizuotum\u0105. \u012ereng\u0119 \u201eMalcolm\u201c komod\u0105 jaunimo kambaryje, u\u017etikrinsite tobul\u0105 organizuotum\u0105 ir suteiksite erdvei asmeni\u0161kumo. Tai baldas, kuris d\u017eiugins tiek savo talpumu, tiek dizainerio i\u0161vaizda.<\/p>\n<p>Prek\u0117s kodas S325-KOM2D4S-DAMO\/SZW\/DAMON Simbolis ZM EAN Plotis 130 cm Gylis 40 cm Auk\u0161tis 87,5 cm Kolekcija Malcolm Spalva monumentalus \u0105\u017euolas\/pilkas volframas\/monumentalus \u0105\u017euolas su ra\u0161tu Gaubtas tamsi mediena Stilius modernus Med\u017eiaga laminatas Dureli\u0173 skai\u010dius 2 dur\u0173 Stal\u010di\u0173 skai\u010dius 4 stal\u010diai Rankena su ranken\u0117l\u0117mis Gamintojas Juoda Raudona Balta Baldo tipas Komodos PVM 23% EAN 5906123925242<\/p>","protected":false},"excerpt":{"rendered":"<p>The Malcolm Chest of Drawers &#8211; Your Roomy Organizer. The Malcolm Collection is an innovative variation on youth furniture, combining modern design with traditional finishes. The Malcolm Chest of Drawers is the perfect choice for a youth room, offering four practical drawers and four spacious compartments behind the fronts. This provides ample space for storing [&hellip;]<\/p>","protected":false},"featured_media":258870,"comment_status":"open","ping_status":"open","template":"","meta":[],"product_brand":[],"product_cat":[9200,1173],"product_tag":[],"class_list":{"0":"post-258869","1":"product","2":"type-product","3":"status-publish","4":"has-post-thumbnail","6":"product_cat-black-red-white","7":"product_cat-chests-of-drawers","9":"first","10":"instock","11":"purchasable","12":"product-type-simple"},"_links":{"self":[{"href":"https:\/\/baldumarket.lt\/lt\/wp-json\/wp\/v2\/product\/258869","targetHints":{"allow":["GET"]}}],"collection":[{"href":"https:\/\/baldumarket.lt\/lt\/wp-json\/wp\/v2\/product"}],"about":[{"href":"https:\/\/baldumarket.lt\/lt\/wp-json\/wp\/v2\/types\/product"}],"replies":[{"embeddable":true,"href":"https:\/\/baldumarket.lt\/lt\/wp-json\/wp\/v2\/comments?post=258869"}],"wp:featuredmedia":[{"embeddable":true,"href":"https:\/\/baldumarket.lt\/lt\/wp-json\/wp\/v2\/media\/258870"}],"wp:attachment":[{"href":"https:\/\/baldumarket.lt\/lt\/wp-json\/wp\/v2\/media?parent=258869"}],"wp:term":[{"taxonomy":"product_brand","embeddable":true,"href":"https:\/\/baldumarket.lt\/lt\/wp-json\/wp\/v2\/product_brand?post=258869"},{"taxonomy":"product_cat","embeddable":true,"href":"https:\/\/baldumarket.lt\/lt\/wp-json\/wp\/v2\/product_cat?post=258869"},{"taxonomy":"product_tag","embeddable":true,"href":"https:\/\/baldumarket.lt\/lt\/wp-json\/wp\/v2\/product_tag?post=258869"}],"curies":[{"name":"wp","href":"https:\/\/api.w.org\/{rel}","templated":true}]}}