{"id":258861,"date":"2026-01-13T22:34:54","date_gmt":"2026-01-13T19:34:54","guid":{"rendered":"https:\/\/baldumarket.lt\/product\/komoda-dwudrzwiowa-z-czterema-szufladami-larios-143-cm-dab-artisan-matera\/"},"modified":"2026-02-11T18:29:59","modified_gmt":"2026-02-11T15:29:59","slug":"komoda-dwudrzwiowa-z-czterema-szufladami-larios-143-cm-dab-artisan-matera","status":"publish","type":"product","link":"https:\/\/baldumarket.lt\/lt\/product\/komoda-dwudrzwiowa-z-czterema-szufladami-larios-143-cm-dab-artisan-matera\/","title":{"rendered":"Dvidur\u0117 komoda su keturiais stal\u010diais LARIOS 143 cm, dirbtinio \u0105\u017euolo\/materija"},"content":{"rendered":"<p>\u2019Larios\u2019 komoda \u2013 \u017eavi moderniu dizainu. \u201eLarios\u201c komoda yra ne tik daikt\u0173 laikymo spintel\u0117; tai tikras bet kokio interjero akcentas, derinantis funkcionalum\u0105 su moderniu dizainu. Ji puikiai tinka svetainei, miegamajam ar jaunimo kambariui, suteikdama elegancijos ir stiliaus. \u201eLarios\u201c komod\u0173 fasadai pagaminti i\u0161 blizgios baltos spalvos, suteikian\u010dios baldui ne tik modern\u0173, bet ir mading\u0105 vaizd\u0105. Balta, nesenstanti spalva, puikiai dera prie \u012fvairi\u0173 interjero stili\u0173, pagyvina erdv\u0119 ir suteikia gaivumo poj\u016bt\u012f. Nuo\u017euln\u016bs fasad\u0173 kra\u0161tai pabr\u0117\u017eia minimalistin\u0119 form\u0105, tod\u0117l \u201eLarios\u201c komoda yra ne tik prakti\u0161kas baldas, bet ir esteti\u0161kai patrauklus interjero dizaino elementas. Keturi gil\u016bs stal\u010diai ir keturios erdvios lentynos u\u017e dureli\u0173 \u2013 puikus sprendimas tiems, kurie vertina tvark\u0105 ir organizuotum\u0105 savo kambariuose. Juose galite laikyti drabu\u017eius, dokumentus ir kitus naudingus daiktus, i\u0161laikant tvarking\u0105 i\u0161vaizd\u0105. Stabilus stalvir\u0161is suteikia puiki\u0105 viet\u0105 aksesuarams, kurie papildo kambario dekor\u0105. Lempa, kvapni \u017evak\u0117 ar nuotrauk\u0173 r\u0117melis harmoningai paveiks nam\u0173 erdv\u0117s suvokim\u0105, sukurdami \u0161ilumos ir jaukumo atmosfer\u0105. Kruop\u0161tus \u201eLarios\u201c komodos, pagamintos i\u0161 tvirt\u0173 med\u017eiag\u0173, meistri\u0161kumas garantuoja patvarum\u0105 ir tvirtum\u0105. Paprastas ir eleganti\u0161kas dizainas papuo\u0161 tiek erdvi\u0105 svetain\u0119, tiek jauk\u0173 miegam\u0105j\u012f, tod\u0117l \u201eLarios\u201c komoda bus ne tik prakti\u0161ka, bet ir gra\u017eiai papildys kambario dizain\u0105. Trumpai tariant, \u201eLarios\u201c komoda \u2013 tai puikus stiliaus ir prakti\u0161kumo derinys. Tai ne tik daikt\u0173 laikymo spintel\u0117, bet ir elementas, suteikiantis interjerui modernumo, o kasdien\u012f erdv\u0117s naudojim\u0105 paver\u010diantis patogiu ir esteti\u0161ku.<\/p>\n<p>Prek\u0117s kodas S566-KOM2D4S-DASN\/MTA Simbolis ZM EAN Plotis 143 cm Gylis 40 cm Auk\u0161tis 91 cm Kolekcija Larios Spalva meni\u0161kas \u0105\u017euolas\/matera Gaubtas \u0161viesi mediena Stilius modernus Med\u017eiaga laminatas Dureli\u0173 skai\u010dius 2 dur\u0173 Stal\u010di\u0173 skai\u010dius 4 stal\u010diai Rankena be ranken\u0117li\u0173 Gamintojas Juoda Raudona Balta Baldo tipas Komodos PVM 23% EAN 5906123813433<\/p>","protected":false},"excerpt":{"rendered":"<p>\u2019Larios\u201c komoda \u2013 \u017eavi moderniu dizainu. \u201eLarios\u201c komoda yra ne tik daikt\u0173 laikymo spintel\u0117; tai tikras bet kokio interjero akcentas, kuriame dera funkcionalumas ir modernus dizainas. Ji puikiai tinka svetainei, miegamajam ar jaunimo kambariui, suteikiant elegancijos ir stiliaus. \u201eLarios\u201c komod\u0173 fasadai [\u2026]<\/p>","protected":false},"featured_media":258862,"comment_status":"open","ping_status":"open","template":"","meta":[],"product_brand":[],"product_cat":[9200,1173],"product_tag":[],"class_list":{"0":"post-258861","1":"product","2":"type-product","3":"status-publish","4":"has-post-thumbnail","6":"product_cat-black-red-white","7":"product_cat-chests-of-drawers","9":"first","10":"instock","11":"purchasable","12":"product-type-simple"},"_links":{"self":[{"href":"https:\/\/baldumarket.lt\/lt\/wp-json\/wp\/v2\/product\/258861","targetHints":{"allow":["GET"]}}],"collection":[{"href":"https:\/\/baldumarket.lt\/lt\/wp-json\/wp\/v2\/product"}],"about":[{"href":"https:\/\/baldumarket.lt\/lt\/wp-json\/wp\/v2\/types\/product"}],"replies":[{"embeddable":true,"href":"https:\/\/baldumarket.lt\/lt\/wp-json\/wp\/v2\/comments?post=258861"}],"wp:featuredmedia":[{"embeddable":true,"href":"https:\/\/baldumarket.lt\/lt\/wp-json\/wp\/v2\/media\/258862"}],"wp:attachment":[{"href":"https:\/\/baldumarket.lt\/lt\/wp-json\/wp\/v2\/media?parent=258861"}],"wp:term":[{"taxonomy":"product_brand","embeddable":true,"href":"https:\/\/baldumarket.lt\/lt\/wp-json\/wp\/v2\/product_brand?post=258861"},{"taxonomy":"product_cat","embeddable":true,"href":"https:\/\/baldumarket.lt\/lt\/wp-json\/wp\/v2\/product_cat?post=258861"},{"taxonomy":"product_tag","embeddable":true,"href":"https:\/\/baldumarket.lt\/lt\/wp-json\/wp\/v2\/product_tag?post=258861"}],"curies":[{"name":"wp","href":"https:\/\/api.w.org\/{rel}","templated":true}]}}