{"id":258837,"date":"2026-01-13T22:34:30","date_gmt":"2026-01-13T19:34:30","guid":{"rendered":"https:\/\/baldumarket.lt\/product\/komoda-dwudrzwiowa-z-czterema-szufladami-kaspian-1435-cm-kaszmir\/"},"modified":"2026-02-11T18:29:59","modified_gmt":"2026-02-11T15:29:59","slug":"komoda-dwudrzwiowa-z-czterema-szufladami-kaspian-1435-cm-kaszmir","status":"publish","type":"product","link":"https:\/\/baldumarket.lt\/lt\/product\/komoda-dwudrzwiowa-z-czterema-szufladami-kaspian-1435-cm-kaszmir\/","title":{"rendered":"Dvidur\u0117 komoda su keturiais stal\u010diais KASPIAN 143,5 cm ka\u0161myro spalvos"},"content":{"rendered":"<p>Kaspian 144 cm komoda \u2013 funkcionali daikt\u0173 laikymo spintel\u0117 i\u0161 ka\u0161myro. Kaspian 144 cm komoda derina modern\u0173 minimalizm\u0105, auk\u0161t\u0105 funkcionalum\u0105 ir mading\u0105 ka\u0161myro atspalv\u012f. Subtilus sm\u0117lio spalvos atspalvis suteikia interjerui \u0161ilumos ir paver\u010dia \u0161\u012f bald\u0105 ne tik prakti\u0161ku, bet ir eleganti\u0161ku dizaino elementu. D\u0117l universalaus dizaino komoda lengvai telpa svetain\u0117je, miegamajame ar valgomajame. Patogumas ir funkcionalumas. \u0160is modelis turi keturis erdvius stal\u010dius ir dvi u\u017erakinamas spinteles, u\u017etikrinan\u010dias tvark\u0105. \u010cia nuolat tilps dokumentai, tekstil\u0117, stalo \u012frankiai ir kasdieniai aksesuarai, o tvarkingas interjeras supaprastina kasdien\u012f gyvenim\u0105. Patogaus 92 cm auk\u0161\u010dio spintel\u0117 puikiai tinka dekoracijoms, augalams ar papildomam ap\u0161vietimui. Dizainas ir spalvos: Kaspian komoda pasi\u017eymi paprasta, nesenstan\u010dia \u0161iai kolekcijai b\u016bdinga forma. Ka\u0161myro spalva suteikia baldui lengvumo ir elegancijos, neu\u017ego\u017edama interjero. D\u0117l to komoda puikiai dera tiek su \u0161viesiais, tiek su kontrastingesniais baldais. Specialios savyb\u0117s: 4 erdv\u016bs stal\u010diai patogiam daikt\u0173 laikymui, 2 rakinamos spintel\u0117s didesniems daiktams, funkcionalus stalvir\u0161is dekoracijoms eksponuoti, stabili ir patvari konstrukcija kasdieniam naudojimui, pagaminta i\u0161 ka\u0161myro spalvos laminuotos plok\u0161t\u0117s, matmenys: 143,5 x 40,5 x 92 cm, paprastas, nesenstantis \u201eKaspian\u201c kolekcijos dizainas, gali b\u016bti derinamas su kitais \u201eKaspian\u201c kolekcijos baldais. Santrauka: \u201eKaspian\u201c 144 cm komoda yra prakti\u0161kas ir esteti\u0161kas baldas, si\u016blantis daug vietos daiktams susid\u0117ti ir kartu pabr\u0117\u017eiantis eleganti\u0161k\u0105 interjero charakter\u012f. Gerai apgalvotas stal\u010di\u0173 ir spinteli\u0173 i\u0161d\u0117stymas leid\u017eia lengvai palaikyti tvark\u0105, o neutrali ka\u0161myro spalva puikiai tinka \u012fvairiems i\u0161d\u0117stymams. Tai tvirtas pagrindas kuriant darni\u0105 ir funkcionali\u0105 erdv\u0119 su \u201eKaspian\u201c kolekcija.<\/p>\n<p>Prek\u0117s kodas S128-KOM2D4S-UKA Plotis 143,5 cm Gylis 40,5 cm Auk\u0161tis 92 cm Kolekcija Kaspian Spalva ka\u0161myro Atspalvis sm\u0117lio Stilius modernus Med\u017eiaga laminatas Dureli\u0173 skai\u010dius 2 dur\u0173 Stal\u010di\u0173 skai\u010dius 4 stal\u010diai Rankena be ranken\u0117li\u0173 Gamintojas Juoda Raudona Balta Baldo tipas Komodos PVM 23% EAN 5906123128797<\/p>","protected":false},"excerpt":{"rendered":"<p>Kaspian 144 cm Chest of Drawers \u2013 Functional Storage in Cashmere. The Kaspian 144 cm Chest of Drawers combines modern minimalism, high functionality, and a fashionable cashmere shade. The subtle beige color warms the interior and makes the piece not only practical but also an elegant design element. Thanks to its versatile design, the chest [&hellip;]<\/p>","protected":false},"featured_media":258838,"comment_status":"open","ping_status":"open","template":"","meta":[],"product_brand":[],"product_cat":[9200,1173],"product_tag":[],"class_list":{"0":"post-258837","1":"product","2":"type-product","3":"status-publish","4":"has-post-thumbnail","6":"product_cat-black-red-white","7":"product_cat-chests-of-drawers","9":"first","10":"instock","11":"purchasable","12":"product-type-simple"},"_links":{"self":[{"href":"https:\/\/baldumarket.lt\/lt\/wp-json\/wp\/v2\/product\/258837","targetHints":{"allow":["GET"]}}],"collection":[{"href":"https:\/\/baldumarket.lt\/lt\/wp-json\/wp\/v2\/product"}],"about":[{"href":"https:\/\/baldumarket.lt\/lt\/wp-json\/wp\/v2\/types\/product"}],"replies":[{"embeddable":true,"href":"https:\/\/baldumarket.lt\/lt\/wp-json\/wp\/v2\/comments?post=258837"}],"wp:featuredmedia":[{"embeddable":true,"href":"https:\/\/baldumarket.lt\/lt\/wp-json\/wp\/v2\/media\/258838"}],"wp:attachment":[{"href":"https:\/\/baldumarket.lt\/lt\/wp-json\/wp\/v2\/media?parent=258837"}],"wp:term":[{"taxonomy":"product_brand","embeddable":true,"href":"https:\/\/baldumarket.lt\/lt\/wp-json\/wp\/v2\/product_brand?post=258837"},{"taxonomy":"product_cat","embeddable":true,"href":"https:\/\/baldumarket.lt\/lt\/wp-json\/wp\/v2\/product_cat?post=258837"},{"taxonomy":"product_tag","embeddable":true,"href":"https:\/\/baldumarket.lt\/lt\/wp-json\/wp\/v2\/product_tag?post=258837"}],"curies":[{"name":"wp","href":"https:\/\/api.w.org\/{rel}","templated":true}]}}