{"id":258821,"date":"2026-01-13T22:34:15","date_gmt":"2026-01-13T19:34:15","guid":{"rendered":"https:\/\/baldumarket.lt\/product\/komoda-dwudrzwiowa-z-czterema-szufladami-kaspian-1435-cm-bialy-dab-sonoma\/"},"modified":"2026-02-11T18:29:59","modified_gmt":"2026-02-11T15:29:59","slug":"komoda-dwudrzwiowa-z-czterema-szufladami-kaspian-1435-cm-bialy-dab-sonoma","status":"publish","type":"product","link":"https:\/\/baldumarket.lt\/lt\/product\/komoda-dwudrzwiowa-z-czterema-szufladami-kaspian-1435-cm-bialy-dab-sonoma\/","title":{"rendered":"Dvidur\u0117 komoda su keturiais stal\u010diais KASPIAN, 143,5 cm, balta\/sonoma \u0105\u017euolas"},"content":{"rendered":"<p>\u201eKaspian\u201c komoda j\u016bs\u0173 interjerui. Modulin\u0117 \u201eKaspian\u201c kolekcija tikrai patenkins kiekvieno, vertinan\u010dio gra\u017eiai suprojektuot\u0105 interjer\u0105, kuriame modernumas ir funkcionalumas dera, l\u016bkes\u010dius. Vienas i\u0161skirtini\u0173 \u0161ios kolekcijos gamini\u0173 yra \u201eKaspian\u201c komoda, kuri \u017eavi savo unikalia i\u0161vaizda ir daugybe praktini\u0173 savybi\u0173. Pirmas dalykas, kuris patraukia ak\u012f kalbant apie \u201eKaspian\u201c komod\u0105, yra jos nepaprastas dizainas. Baldo pavir\u0161iaus fanera puikiai atkartoja nat\u016bralios medienos ra\u0161t\u0105, suteikdama komodai unikal\u0173 charakter\u012f. \u0160is sprendimas leid\u017eia \u012f interjer\u0105 \u012flieti \u0161ilt\u0105 ir jauki\u0105 atmosfer\u0105, i\u0161laikant moderni\u0105 estetik\u0105. \u201eKaspian\u201c komodos vidus yra tikra daikt\u0173 laikymo oaz\u0117. Keturios erdvios lentynos ir stal\u010diai suteikia daug vietos, tod\u0117l lengva palaikyti tvark\u0105 kambaryje. J\u0173 d\u0117ka galite laikyti daugyb\u0119 nam\u0173 apyvokos reikmen\u0173, dokument\u0173 ar kit\u0173 daikt\u0173, kuriuos norite laikyti lengvai pasiekiamoje vietoje. Komodoje naudojami firminiai vyriai garantuoja tiksl\u0173 trimat\u012f fasad\u0173 reguliavim\u0105 ir skland\u0173 j\u0173 veikim\u0105. Fasadai patogiai ir be ranken\u0117li\u0173 atsidaro, pabr\u0117\u017edami modern\u0173 baldo charakter\u012f. \u201eKaspian\u201c komoda puikiai atrodo kaip svetain\u0117s, valgomojo ar miegamojo aksesuaras. D\u0117l savo universalumo j\u0105 galima pritaikyti \u012fvairiems kambariams ir interjero dizaino stiliams. D\u0117l plataus spalv\u0173 pasirinkimo komod\u0105 galite derinti su daugeliu kit\u0173 \u201eBlack Red White\u201c kolekcijos moduli\u0173. Tai rei\u0161kia, kad galite sukurti darn\u0173 ir suasmenint\u0105 interjer\u0105, atspindint\u012f j\u016bs\u0173 skon\u012f ir stili\u0173. Trumpai tariant, \u201eKaspian\u201c komoda yra ne tik prakti\u0161kas daikt\u0173 laikymo baldas, bet ir unikalus dekoratyvinis elementas, suteiksiantis charakterio bet kokiam interjerui. Eleganti\u0161kas dizainas, funkcionalumas ir galimyb\u0117 derinti su kitais \u201eKaspian\u201c kolekcijos baldais daro j\u0105 puikiu pasirinkimu tiems, kurie nori sukurti gra\u017e\u0173 ir efektyv\u0173 interjer\u0105. Su \u201eKaspian\u201c komoda j\u016bs\u0173 interjeras \u012fgis nauj\u0105 estetikos ir prakti\u0161kumo dimensij\u0105.<\/p>\n<p>Prek\u0117s kodas S128-KOM2D4S-BI\/DSO Simbolis ZM EAN Plotis 143,5 cm Gylis 40,5 cm Auk\u0161tis 92 cm Kolekcija Kaspian Spalva balta\/sonoma \u0105\u017euolas Gaubtas \u0161viesios medienos Stilius modernus Dureli\u0173 skai\u010dius 2 dur\u0173 Stal\u010di\u0173 skai\u010dius 4 stal\u010diai Rankena be ranken\u0117li\u0173 Gamintojas Juoda Raudona Balta Baldo tipas Komodos PVM 23% EAN 5906123883009<\/p>","protected":false},"excerpt":{"rendered":"<p>\u201eKaspian\u201c komoda j\u016bs\u0173 interjerui. Modulin\u0117 \u201eKaspian\u201c kolekcija tikrai patenkins kiekvieno, vertinan\u010dio gra\u017eiai suprojektuot\u0105 interjer\u0105, kuriame modernumas ir funkcionalumas dera, l\u016bkes\u010dius. Vienas i\u0161 i\u0161skirtini\u0173 \u0161ios kolekcijos gamini\u0173 yra \u201eKaspian\u201c komoda, kuri \u017eavi savo unikalia i\u0161vaizda ir daugybe praktini\u0173 [\u2026]<\/p>","protected":false},"featured_media":258822,"comment_status":"open","ping_status":"open","template":"","meta":[],"product_brand":[],"product_cat":[9200,1173],"product_tag":[],"class_list":{"0":"post-258821","1":"product","2":"type-product","3":"status-publish","4":"has-post-thumbnail","6":"product_cat-black-red-white","7":"product_cat-chests-of-drawers","9":"first","10":"instock","11":"purchasable","12":"product-type-simple"},"_links":{"self":[{"href":"https:\/\/baldumarket.lt\/lt\/wp-json\/wp\/v2\/product\/258821","targetHints":{"allow":["GET"]}}],"collection":[{"href":"https:\/\/baldumarket.lt\/lt\/wp-json\/wp\/v2\/product"}],"about":[{"href":"https:\/\/baldumarket.lt\/lt\/wp-json\/wp\/v2\/types\/product"}],"replies":[{"embeddable":true,"href":"https:\/\/baldumarket.lt\/lt\/wp-json\/wp\/v2\/comments?post=258821"}],"wp:featuredmedia":[{"embeddable":true,"href":"https:\/\/baldumarket.lt\/lt\/wp-json\/wp\/v2\/media\/258822"}],"wp:attachment":[{"href":"https:\/\/baldumarket.lt\/lt\/wp-json\/wp\/v2\/media?parent=258821"}],"wp:term":[{"taxonomy":"product_brand","embeddable":true,"href":"https:\/\/baldumarket.lt\/lt\/wp-json\/wp\/v2\/product_brand?post=258821"},{"taxonomy":"product_cat","embeddable":true,"href":"https:\/\/baldumarket.lt\/lt\/wp-json\/wp\/v2\/product_cat?post=258821"},{"taxonomy":"product_tag","embeddable":true,"href":"https:\/\/baldumarket.lt\/lt\/wp-json\/wp\/v2\/product_tag?post=258821"}],"curies":[{"name":"wp","href":"https:\/\/api.w.org\/{rel}","templated":true}]}}