{"id":258725,"date":"2026-01-13T22:32:53","date_gmt":"2026-01-13T19:32:53","guid":{"rendered":"https:\/\/baldumarket.lt\/product\/komoda-dwudrzwiowa-z-2-szufladami-multido-80-cm-biala\/"},"modified":"2026-02-11T18:30:00","modified_gmt":"2026-02-11T15:30:00","slug":"komoda-dwudrzwiowa-z-2-szufladami-multido-80-cm-biala","status":"publish","type":"product","link":"https:\/\/baldumarket.lt\/lt\/product\/komoda-dwudrzwiowa-z-2-szufladami-multido-80-cm-biala\/","title":{"rendered":"Dviej\u0173 dur\u0173 komoda su 2 stal\u010diais MultiDo 80 cm balta"},"content":{"rendered":"<p>\u201eMultiDo\u201c \u2013 funkcionali komoda kiekvienam kambariui. Dviej\u0173 dur\u0173, dviej\u0173 auk\u0161t\u0173, 80 cm plo\u010dio \u201eMultiDo\u201c komoda yra modernus ir prakti\u0161kas baldas, puikiai tiksiantis \u012fvairiuose interjeruose. D\u0117l minimalistinio dizaino ir trij\u0173 spalv\u0173 variant\u0173 (baltos, dirbtinio \u0105\u017euolo, grafito) j\u0105 lengvai priderinsite prie savo svetain\u0117s, miegamojo, darbo kambario, prie\u0161kambario, vonios kambario, biuro ar jaunimo kambario. \u201eMultiDo\u201c komoda derina estetik\u0105 ir funkcionalum\u0105, leisdama daiktus laikyti tvarkingai ir stilingai. Ypatyb\u0117s:<br \/>\nModernus dizainas su trimis apdailos variantais: balta, dirbtinio \u0105\u017euolo ir grafito, tod\u0117l j\u012f galima priderinti prie \u012fvairi\u0173 interjero dizain\u0173. Funkcionalumas ir talpa: \u201eMultiDo\u201c komoda suteikia vietos \u012fvairiems daiktams, prisitaikydama prie kiekvieno kambario specifikos. Svetain\u0117je ji gali laikyti dekoracijas ir aksesuarus, miegamajame \u2013 patalyn\u0119 ir drabu\u017eius, vonios kambaryje \u2013 rank\u0161luos\u010dius ir kosmetik\u0105, koridoriuje tinka batams ir nieku\u010diams, o biure ar darbo kambaryje puikiai tiks dokumentams laikyti. J\u0105 galima naudoti mokyklin\u0117ms prek\u0117ms ir elektronikai laikyti. Lankstus dur\u0173 atidarymas: d\u0117l ergonomi\u0161k\u0173 ranken\u0173 ir dvigub\u0173 dureli\u0173 komoda u\u017etikrina patog\u0173 naudojim\u0105 ir lengv\u0105 prieig\u0105 prie turinio. Prakti\u0161ki stal\u010diai: erdv\u016bs stal\u010diai ant ritinini\u0173 b\u0117geli\u0173. Reguliuojamos lentynos: dar geresnis pritaikymas. Universalus naudojimas: \u201eMultiDo\u201c puikiai tiks \u012fvairiuose kambariuose \u2013 nuo svetain\u0117s iki vonios kambario ir biuro, prisitaikydama prie naudotojo poreiki\u0173. Modulin\u0117 \u201eMultiDo\u201c sistema: galimyb\u0117 kurti \u012fvairius i\u0161d\u0117stymus su daugiau nei 50 galim\u0173 element\u0173, suteikiant didel\u0119 laisv\u0119 suasmeninant erdv\u0119. Santrauka: \u201eMultiDo\u201c komoda yra universalus ir prakti\u0161kas baldas, kuris palengvins nam\u0173 tvarkym\u0105. D\u0117l \u012fvairi\u0173 spalv\u0173 variant\u0173 ji puikiai tiks bet kuriame kambaryje \u2013 nuo svetain\u0117s ir miegamojo, per biur\u0105 iki vonios kambario ar jaunimo kambario. Per\u017ei\u016br\u0117kite \u201eMultiDo\u201c sistemos katalog\u0105 ir atraskite visas jos konfig\u016bracijos galimybes.<\/p>\n<p>Prek\u0117s kodas S588-KOM2D2S\/80\/80\/40-BI Plotis 80 cm Gylis 40 cm Auk\u0161tis 83 cm Kolekcija MultiDo Spalva balta Atspalvis baltas Stilius modernus Med\u017eiaga laminatas Dureli\u0173 skai\u010dius 2 dur\u0173 Stal\u010di\u0173 skai\u010dius 2 stal\u010diai Rankena su ranken\u0117l\u0117mis Gamintojas Juoda Raudona Balta Baldo tipas Komodos PVM 23% EAN 5906123048040<\/p>","protected":false},"excerpt":{"rendered":"<p>\u201eMultiDo\u201c \u2013 funkcionali komoda kiekvienam kambariui. Dviej\u0173 dur\u0173, dviej\u0173 auk\u0161t\u0173, 80 cm plo\u010dio \u201eMultiDo\u201c komoda yra modernus ir prakti\u0161kas baldas, puikiai tiksiantis \u012fvairiuose interjeruose. D\u0117l minimalistinio dizaino ir trij\u0173 spalv\u0173 variant\u0173 (baltos, dirbtinio \u0105\u017euolo, grafito) j\u0105 lengvai priderinsite prie [\u2026]<\/p>","protected":false},"featured_media":258726,"comment_status":"open","ping_status":"open","template":"","meta":[],"product_brand":[],"product_cat":[9200,1173],"product_tag":[],"class_list":{"0":"post-258725","1":"product","2":"type-product","3":"status-publish","4":"has-post-thumbnail","6":"product_cat-black-red-white","7":"product_cat-chests-of-drawers","9":"first","10":"instock","11":"purchasable","12":"product-type-simple"},"_links":{"self":[{"href":"https:\/\/baldumarket.lt\/lt\/wp-json\/wp\/v2\/product\/258725","targetHints":{"allow":["GET"]}}],"collection":[{"href":"https:\/\/baldumarket.lt\/lt\/wp-json\/wp\/v2\/product"}],"about":[{"href":"https:\/\/baldumarket.lt\/lt\/wp-json\/wp\/v2\/types\/product"}],"replies":[{"embeddable":true,"href":"https:\/\/baldumarket.lt\/lt\/wp-json\/wp\/v2\/comments?post=258725"}],"wp:featuredmedia":[{"embeddable":true,"href":"https:\/\/baldumarket.lt\/lt\/wp-json\/wp\/v2\/media\/258726"}],"wp:attachment":[{"href":"https:\/\/baldumarket.lt\/lt\/wp-json\/wp\/v2\/media?parent=258725"}],"wp:term":[{"taxonomy":"product_brand","embeddable":true,"href":"https:\/\/baldumarket.lt\/lt\/wp-json\/wp\/v2\/product_brand?post=258725"},{"taxonomy":"product_cat","embeddable":true,"href":"https:\/\/baldumarket.lt\/lt\/wp-json\/wp\/v2\/product_cat?post=258725"},{"taxonomy":"product_tag","embeddable":true,"href":"https:\/\/baldumarket.lt\/lt\/wp-json\/wp\/v2\/product_tag?post=258725"}],"curies":[{"name":"wp","href":"https:\/\/api.w.org\/{rel}","templated":true}]}}