{"id":258717,"date":"2026-01-13T22:32:46","date_gmt":"2026-01-13T19:32:46","guid":{"rendered":"https:\/\/baldumarket.lt\/product\/komoda-dwudrzwiowa-szklana-z-dwoma-szufladami-ostia-161-cm-dab-artisan-czarny-blask\/"},"modified":"2026-02-11T18:30:01","modified_gmt":"2026-02-11T15:30:01","slug":"komoda-dwudrzwiowa-szklana-z-dwoma-szufladami-ostia-161-cm-dab-artisan-czarny-blask","status":"publish","type":"product","link":"https:\/\/baldumarket.lt\/lt\/product\/komoda-dwudrzwiowa-szklana-z-dwoma-szufladami-ostia-161-cm-dab-artisan-czarny-blask\/","title":{"rendered":"OSTIA dviej\u0173 dur\u0173 stiklin\u0117 komoda su dviem stal\u010diais, 161 cm, \u0105\u017euolo dirbiniai \/ juodos spalvos blizgios spalvos"},"content":{"rendered":"<p>\u201eOstia\u201c indauja \u2013 eleganti\u0161kas baldas, atspindintis j\u016bs\u0173 rafinuot\u0105 estetik\u0105. Jei svajojate apie stiling\u0105 svetain\u0117s dizain\u0105, \u201eOstia\u201c kolekcija gali pateisinti j\u016bs\u0173 l\u016bkes\u010dius. \u0160i kolekcija pasi\u017eymi nesenstan\u010diu stiliumi, tvirtomis detal\u0117mis ir funkcionalumu, kurie harmoningai susilieja \u012f darni\u0105 visum\u0105. \u201eOstia\u201c indauja, priklausanti \u0161iai kolekcijai, yra baldas, kuris ne tik atlieka savo funkcij\u0105 kaip daikt\u0173 laikymo vieta, bet ir taps j\u016bs\u0173 svetain\u0117s traukos centru. \u201eOstia\u201c indauja buvo sukurta galvojant apie daikt\u0173 laikym\u0105 ir eksponavim\u0105. Joje yra du prakti\u0161ki stal\u010diai, puikiai tinkantys laikyti smulkius daiktus, tokius kaip stalties\u0117s, dokumentai ar sezonin\u0117s dekoracijos. U\u017e stiklini\u0173 indaujaus fasad\u0173 galite eksponuoti savo m\u0117gstamas vazas, \u017evakides ar keramines fig\u016br\u0117les, suteikdami interjerui unikalaus \u017eavesio. Be to, indauja centre turi dvi atviras lentynas, puikiai tinkan\u010dias knygoms ar kitiems dekoratyviniams daiktams. \u201eOstia\u201c indauja stilius neabejotinai tvirtas ir nesenstantis. Jos spalv\u0173 gama \u2013 eleganti\u0161kas meni\u0161kas \u0105\u017euolas, suteikiantis jai nat\u016bral\u0173 ir \u0161ilt\u0105 vaizd\u0105. Degintos medienos spalvos juostel\u0117 sudaro patraukl\u0173 kontrast\u0105 su lygiais fasadais. Spintel\u0117s dekoratyvin\u012f element\u0105 ap\u0161vie\u010dianti LED juostel\u0117 suteikia papildomo \u017eavesio. Juodas pagrindas i\u0161ry\u0161kina komodos charakter\u012f ir suteikia elegancijos. Taip pat galite pasirinkti pasirenkam\u0105 KVADRATIN\u0118 LED lemput\u0119, kuri tvirtinama vir\u0161uje ir suteikia baldui papildomo ap\u0161vietimo bei i\u0161rai\u0161kingumo. Papildomas privalumas \u2013 \u0161iek tiek d\u016bmintas rudas antisol stiklas, suteikiantis komodai unikal\u0173 charakter\u012f. Naudojimo patogumas yra toks pat svarbus kaip ir jos i\u0161vaizda. Patogios juodos ranken\u0117l\u0117s leid\u017eia lengvai atidaryti stal\u010dius, o pilno i\u0161traukimo b\u0117geliai su stabd\u017eiu leid\u017eia tyliai ir skland\u017eiai u\u017edaryti fasadus, o tai ypa\u010d svarbu svetain\u0117je. \u201eOstia\u201c komoda puikiai dera su kitais \u0161ios kolekcijos elementais, tokiais kaip stalas, komoda, televizoriaus staliukas ir lentynos. Derindami \u012fvairius \u201eOstia\u201c linijos elementus, galite sukurti darn\u0173 ir unikal\u0173 svetain\u0117s i\u0161planavim\u0105, kuris d\u017eiugins sve\u010dius savo stiliumi ir funkcionalumu. Trumpai tariant, \u201eOstia\u201c indauja yra ne tik daikt\u0173 laikymo spintel\u0117; ji taip pat pabr\u0117\u017eia rafinuot\u0105 estetik\u0105 ir pagerina svetain\u0117s funkcionalum\u0105. Tvirta konstrukcija, unikalus dizainas ir prakti\u0161kumas daro j\u012f idealiu pasirinkimu tiems, kurie vertina ir gro\u017e\u012f, ir prakti\u0161kum\u0105 savo interjere.<\/p>\n<p>Prek\u0117s kodas S467-KOM2W2S-DASN\/CABL Simbolis ZM EAN Plotis 161 cm Gylis 42 cm Auk\u0161tis 123,5 cm Kolekcija Ostia Spalva meni\u0161kas \u0105\u017euolas\/juoda blizgi Gaubtas \u0161viesi mediena Stilius modernus Dureli\u0173 skai\u010dius 2 dur\u0173 Stal\u010di\u0173 skai\u010dius 2 stal\u010diai Rankena su ranken\u0117l\u0117mis Ap\u0161vietimas pasirenkamas Gamintojas Juoda Raudona Balta Baldo tipas Komodos PVM 23% EAN 5906123608404<\/p>","protected":false},"excerpt":{"rendered":"<p>The Ostia Sideboard \u2013 an elegant piece of furniture showcasing your refined aesthetic. If you dream of a stylish living room design, the Ostia collection can meet your expectations. This collection boasts a timeless style, solid details, and functionality that blend harmoniously into a harmonious whole. The Ostia Sideboard, part of this collection, is a [&hellip;]<\/p>","protected":false},"featured_media":258718,"comment_status":"open","ping_status":"open","template":"","meta":[],"product_brand":[],"product_cat":[9200,1173],"product_tag":[],"class_list":{"0":"post-258717","1":"product","2":"type-product","3":"status-publish","4":"has-post-thumbnail","6":"product_cat-black-red-white","7":"product_cat-chests-of-drawers","9":"first","10":"instock","11":"purchasable","12":"product-type-simple"},"_links":{"self":[{"href":"https:\/\/baldumarket.lt\/lt\/wp-json\/wp\/v2\/product\/258717","targetHints":{"allow":["GET"]}}],"collection":[{"href":"https:\/\/baldumarket.lt\/lt\/wp-json\/wp\/v2\/product"}],"about":[{"href":"https:\/\/baldumarket.lt\/lt\/wp-json\/wp\/v2\/types\/product"}],"replies":[{"embeddable":true,"href":"https:\/\/baldumarket.lt\/lt\/wp-json\/wp\/v2\/comments?post=258717"}],"wp:featuredmedia":[{"embeddable":true,"href":"https:\/\/baldumarket.lt\/lt\/wp-json\/wp\/v2\/media\/258718"}],"wp:attachment":[{"href":"https:\/\/baldumarket.lt\/lt\/wp-json\/wp\/v2\/media?parent=258717"}],"wp:term":[{"taxonomy":"product_brand","embeddable":true,"href":"https:\/\/baldumarket.lt\/lt\/wp-json\/wp\/v2\/product_brand?post=258717"},{"taxonomy":"product_cat","embeddable":true,"href":"https:\/\/baldumarket.lt\/lt\/wp-json\/wp\/v2\/product_cat?post=258717"},{"taxonomy":"product_tag","embeddable":true,"href":"https:\/\/baldumarket.lt\/lt\/wp-json\/wp\/v2\/product_tag?post=258717"}],"curies":[{"name":"wp","href":"https:\/\/api.w.org\/{rel}","templated":true}]}}