{"id":258709,"date":"2026-01-13T22:32:40","date_gmt":"2026-01-13T19:32:40","guid":{"rendered":"https:\/\/baldumarket.lt\/product\/komoda-dwudrzwiowa-nuis-90-cm-dab-wotan-bialy-polysk\/"},"modified":"2026-02-11T18:30:01","modified_gmt":"2026-02-11T15:30:01","slug":"komoda-dwudrzwiowa-nuis-90-cm-dab-wotan-bialy-polysk","status":"publish","type":"product","link":"https:\/\/baldumarket.lt\/lt\/product\/komoda-dwudrzwiowa-nuis-90-cm-dab-wotan-bialy-polysk\/","title":{"rendered":"NUIS dviej\u0173 dur\u0173 komoda, 90 cm, wotan \u0105\u017euolas\/blizgi balta"},"content":{"rendered":"<p>\u201eNuis\u201c spintel\u0117 \u2013 elegancija paprastume. \u201eNuis\u201c spintel\u0117 yra stilingas bet kurio svetain\u0117s, miegamojo ar nam\u0173 biuro papildymas. \u0160is skandinavi\u0161ko stiliaus baldas derina paprast\u0105 dizain\u0105, funkcionalum\u0105 ir ry\u0161kias spalvas, sukurdamas i\u0161skirtinai mading\u0105 ir eleganti\u0161k\u0105 bald\u0105. \u201eNuis\u201c spintel\u0119 i\u0161skiria atidarymas be ranken\u0117li\u0173. Joje atsisakyta tradicini\u0173 ranken\u0117li\u0173, jas pakei\u010diant stilingomis i\u0161pjovomis priekin\u0117se duryse. Pagrindas ir stal\u010dius pagaminti i\u0161 subtilaus Wotano \u0105\u017euolo atspalvio, subtiliai kontrastuojan\u010dio su baltais, veidrodiniais stal\u010di\u0173 fasadais su blizgia apdaila. Spintel\u0117s viduje yra dvi erdvios lentynos, puikiai tinkan\u010dios drabu\u017eiams, papildomiems stalo \u012frankiams ar DVD kolekcijai laikyti. Komoda taip pat puikiai tinka kaip nam\u0173 bibliotekos ar sve\u010di\u0173 kambario spintel\u0117. \u201eNuis\u201c spintel\u0117, kurios matmenys 90\/39,5\/91,5 cm, yra ne tik eleganti\u0161ka, bet ir funkcionali. Jos universalus dizainas puikiai dera prie moderni\u0173, \u0161viesi\u0173 interjer\u0173. J\u0105 galite derinti su kitais \u0161ios serijos baldais, kad sukurtum\u0117te stiling\u0105 ir darn\u0173 kambario i\u0161d\u0117stym\u0105. \u201eNuis\u201c spintel\u0117 yra puikus pasirinkimas tiems, kurie vertina elegancij\u0105 paprastume.<\/p>\n<p>Prek\u0117s kodas S396-KOM2D-DWO\/BIP Simbolis ZM EAN Plotis 90 cm Gylis 39,5 cm Auk\u0161tis 91,5 cm Kolekcija \u201eNuis\u201c Spalva wotan \u0105\u017euolas\/blizgi balta Gaubtas \u0161viesus medis Stilius modernus Med\u017eiaga laminatas Dureli\u0173 skai\u010dius 2 dur\u0173 Stal\u010di\u0173 skai\u010dius be stal\u010di\u0173 Rankena be ranken\u0117li\u0173 Gamintojas Juoda Raudona Balta Baldo tipas Komodos PVM mokestis 23% EAN 5906123929479<\/p>","protected":false},"excerpt":{"rendered":"<p>Nuis Cabinet &#8211; Elegance in Simplicity The Nuis cabinet is a stylish addition to any living room, bedroom, or home office. This Scandinavian-inspired piece combines simple design, functionality, and bright colors, creating an exceptionally fashionable and elegant piece of furniture. What makes the Nuis cabinet stand out is its handleless opening. It eschews traditional knobs, [&hellip;]<\/p>","protected":false},"featured_media":258710,"comment_status":"open","ping_status":"open","template":"","meta":[],"product_brand":[],"product_cat":[9200,1173],"product_tag":[],"class_list":{"0":"post-258709","1":"product","2":"type-product","3":"status-publish","4":"has-post-thumbnail","6":"product_cat-black-red-white","7":"product_cat-chests-of-drawers","9":"first","10":"instock","11":"purchasable","12":"product-type-simple"},"_links":{"self":[{"href":"https:\/\/baldumarket.lt\/lt\/wp-json\/wp\/v2\/product\/258709","targetHints":{"allow":["GET"]}}],"collection":[{"href":"https:\/\/baldumarket.lt\/lt\/wp-json\/wp\/v2\/product"}],"about":[{"href":"https:\/\/baldumarket.lt\/lt\/wp-json\/wp\/v2\/types\/product"}],"replies":[{"embeddable":true,"href":"https:\/\/baldumarket.lt\/lt\/wp-json\/wp\/v2\/comments?post=258709"}],"wp:featuredmedia":[{"embeddable":true,"href":"https:\/\/baldumarket.lt\/lt\/wp-json\/wp\/v2\/media\/258710"}],"wp:attachment":[{"href":"https:\/\/baldumarket.lt\/lt\/wp-json\/wp\/v2\/media?parent=258709"}],"wp:term":[{"taxonomy":"product_brand","embeddable":true,"href":"https:\/\/baldumarket.lt\/lt\/wp-json\/wp\/v2\/product_brand?post=258709"},{"taxonomy":"product_cat","embeddable":true,"href":"https:\/\/baldumarket.lt\/lt\/wp-json\/wp\/v2\/product_cat?post=258709"},{"taxonomy":"product_tag","embeddable":true,"href":"https:\/\/baldumarket.lt\/lt\/wp-json\/wp\/v2\/product_tag?post=258709"}],"curies":[{"name":"wp","href":"https:\/\/api.w.org\/{rel}","templated":true}]}}