{"id":258693,"date":"2026-01-13T22:32:28","date_gmt":"2026-01-13T19:32:28","guid":{"rendered":"https:\/\/baldumarket.lt\/product\/komoda-dwudrzwiowa-noeda-71-cm-dab-sonoma\/"},"modified":"2026-02-11T18:30:01","modified_gmt":"2026-02-11T15:30:01","slug":"komoda-dwudrzwiowa-noeda-71-cm-dab-sonoma","status":"publish","type":"product","link":"https:\/\/baldumarket.lt\/lt\/product\/komoda-dwudrzwiowa-noeda-71-cm-dab-sonoma\/","title":{"rendered":"NOEDA dviej\u0173 dur\u0173 komoda 71 cm, Sonoma \u0105\u017euolas"},"content":{"rendered":"<p>\u201eNoeda\u201c komoda \u2013 tvarkinga ir eleganti\u0161ka. \u0160i spintel\u0117 yra nepakei\u010diamas baldas, puikiai tiksiantis svetainei, jaunimo kambariui ar prie\u0161kambariui. \u201eNoeda\u201c kolekcija derina modern\u0173 dizain\u0105 su paprasta forma, puikiai tinkan\u010dia modernaus, skandinavi\u0161ko ar minimalistinio stiliaus interjerui. Pereikime prie ypating\u0173 \u201eNoeda\u201c spintel\u0117s savybi\u0173: 1. 2 pla\u010dios lentynos \u2013 puiki vieta laikyti ir eksponuoti \u012fvairius daiktus, i\u0161laikant tvark\u0105 ir lengv\u0105 prieig\u0105. 2. Subtilios plastikin\u0117s ranken\u0117l\u0117s \u2013 detal\u0117s, kurios ne tik suteikia funkcionalumo, bet ir atitinka minimalistin\u012f baldo stili\u0173. 3. Funkcinis stalvir\u0161is \u2013 papildomas pavir\u0161ius, ant kurio galite pad\u0117ti dekoracijas, sutvarkyti erdv\u0119 ar pad\u0117ti k\u0105 nors svarbaus, tod\u0117l spintel\u0117 tampa prakti\u0161kesn\u0117. 4. Galima rinktis i\u0161 trij\u0173 spalv\u0173: baltos, sonoma \u0105\u017euolo ir grafito. D\u0117l \u012fvairi\u0173 spalv\u0173 variant\u0173 galite pritaikyti spintel\u0119 pagal savo skon\u012f ir interjero stili\u0173. \u201eNoeda\u201c spintel\u0117 yra ne tik daikt\u0173 laikymo vieta, bet ir eleganti\u0161kas dekoratyvinis elementas, suteikiantis charakterio bet kuriai patalpai. Supaprastinkite savo daikt\u0173 laikymo sistem\u0105 su \u201eNoeda\u201c kolekcijos baldais ir sukurkite darn\u0173 interjero dizain\u0105, kuris b\u016bt\u0173 ne tik funkcionalus, bet ir \u017eavus savo moderniu bei minimalistiniu dizainu.<\/p>\n<p>Prek\u0117s kodas S581-SFK2D-DSO Simbolis ZM EAN Plotis 71 cm Gylis 35 cm Auk\u0161tis 75 cm Kolekcija Noeda Spalva sonoma \u0105\u017euolas Gaubtas \u0161viesi mediena Stilius modernus Med\u017eiaga laminatas Dureli\u0173 skai\u010dius 2 dur\u0173 Stal\u010di\u0173 skai\u010dius be stal\u010di\u0173 Rankena su rankenomis Gamintojas Juoda Raudona Balta Baldo tipas Bat\u0173 spintel\u0117s PVM 23% EAN 5906123813754<\/p>","protected":false},"excerpt":{"rendered":"<p>Noeda Chest of Drawers \u2013 Order with Elegance. This cabinet is an indispensable piece of furniture that will be perfect for a living room, a youth room, or a hallway. The Noeda collection combines modern design with a simple form, perfect for interiors in modern, Scandinavian, or minimalist styles. Let&#8217;s move on to the Noeda [&hellip;]<\/p>","protected":false},"featured_media":258694,"comment_status":"open","ping_status":"open","template":"","meta":[],"product_brand":[],"product_cat":[9200,1173],"product_tag":[],"class_list":{"0":"post-258693","1":"product","2":"type-product","3":"status-publish","4":"has-post-thumbnail","6":"product_cat-black-red-white","7":"product_cat-chests-of-drawers","9":"first","10":"instock","11":"purchasable","12":"product-type-simple"},"_links":{"self":[{"href":"https:\/\/baldumarket.lt\/lt\/wp-json\/wp\/v2\/product\/258693","targetHints":{"allow":["GET"]}}],"collection":[{"href":"https:\/\/baldumarket.lt\/lt\/wp-json\/wp\/v2\/product"}],"about":[{"href":"https:\/\/baldumarket.lt\/lt\/wp-json\/wp\/v2\/types\/product"}],"replies":[{"embeddable":true,"href":"https:\/\/baldumarket.lt\/lt\/wp-json\/wp\/v2\/comments?post=258693"}],"wp:featuredmedia":[{"embeddable":true,"href":"https:\/\/baldumarket.lt\/lt\/wp-json\/wp\/v2\/media\/258694"}],"wp:attachment":[{"href":"https:\/\/baldumarket.lt\/lt\/wp-json\/wp\/v2\/media?parent=258693"}],"wp:term":[{"taxonomy":"product_brand","embeddable":true,"href":"https:\/\/baldumarket.lt\/lt\/wp-json\/wp\/v2\/product_brand?post=258693"},{"taxonomy":"product_cat","embeddable":true,"href":"https:\/\/baldumarket.lt\/lt\/wp-json\/wp\/v2\/product_cat?post=258693"},{"taxonomy":"product_tag","embeddable":true,"href":"https:\/\/baldumarket.lt\/lt\/wp-json\/wp\/v2\/product_tag?post=258693"}],"curies":[{"name":"wp","href":"https:\/\/api.w.org\/{rel}","templated":true}]}}