{"id":258665,"date":"2026-01-13T22:32:06","date_gmt":"2026-01-13T19:32:06","guid":{"rendered":"https:\/\/baldumarket.lt\/product\/komoda-dwudrzwiowa-nepo-plus-80-cm-dab-noble-bialy\/"},"modified":"2026-02-11T18:30:02","modified_gmt":"2026-02-11T15:30:02","slug":"komoda-dwudrzwiowa-nepo-plus-80-cm-dab-noble-bialy","status":"publish","type":"product","link":"https:\/\/baldumarket.lt\/lt\/product\/komoda-dwudrzwiowa-nepo-plus-80-cm-dab-noble-bialy\/","title":{"rendered":"NEPO PLUS dviej\u0173 dur\u0173 komoda, 80 cm, kilnus \u0105\u017euolas\/balta"},"content":{"rendered":"<p>\u201eNepo Plus\u201c komoda \u2013 stilingas aksesuaras moderniai erdvei. Sukurkite unikalaus charakterio ir prakti\u0161k\u0173 bald\u0173 interjer\u0105! Tvirta \u201eNepo Plus\u201c komoda papuo\u0161 j\u016bs\u0173 svetain\u0119, prie\u0161kambar\u012f, miegam\u0105j\u012f ar net paauglio kambar\u012f. Skoningas med\u017eiag\u0173 ir spalv\u0173 derinys daro \u0161\u012f bald\u0105 puikiai tinkant\u012f tiek moderniam, tiek klasikiniam stiliui. J\u012f galite lengvai pritaikyti tiek erdviuose, tiek ma\u017euose kambariuose. Patogumas ir funkcionalumas.<br \/>\n\u201eNepo Plus\u201c komoda buvo sukurta atsi\u017evelgiant \u012f prakti\u0161kum\u0105 ir estetik\u0105. \u012erengtos dvigubos durys, ji slepia erdv\u0173 vid\u0173, kuriame galite laikyti drabu\u017eius, aksesuarus, \u012ftaisus ir biuro reikmenis. Tai leid\u017eia palaikyti tvark\u0105 ir organizuoti erdv\u0119 pagal savo poreikius. Stilius ir patvarumas<br \/>\nKomoda pagaminta i\u0161 auk\u0161tos kokyb\u0117s laminuotos plok\u0161t\u0117s su kilnaus \u0105\u017euolo apdaila ir baltais fasadais. \u0160i\u0173 med\u017eiag\u0173 derinys suteikia baldui eleganti\u0161k\u0105 ir modern\u0173 charakter\u012f. Komoda yra atspari \u012fbr\u0117\u017eimams ir lengvai valoma, tod\u0117l garantuoja patraukli\u0105 i\u0161vaizd\u0105 ilgus metus. J\u0105 galite lengvai perkelti \u012f kit\u0105 kambar\u012f arba pakeisti jos paskirt\u012f, atsi\u017evelgdami \u012f savo poreikius. Ypatyb\u0117s: Dvigubos durys \u2013 pasl\u0117pta vieta drabu\u017eiams, \u012ftaisams ar biuro reikmenims laikyti. Laminuota plok\u0161t\u0117 \u2013 patvari ir atspari \u012fbr\u0117\u017eimams. Kilnaus \u0105\u017euolo \/ balta spalva \u2013 eleganti\u0161ka ir moderni. Universalus dizainas \u2013 puikiai tinka svetainei, miegamajam, prie\u0161kambariui ar jaunimo kambariui. Lengva valyti \u2013 prakti\u0161kas sprendimas kasdieniam naudojimui. Santrauka<br \/>\n\u201eNepo Plus\u201c komoda \u2013 tai tobulas stiliaus ir funkcionalumo derinys, kuris tiks bet kuriame kambaryje. D\u0117l gerai apgalvotos konstrukcijos ir universalaus dizaino \u0161is baldas patenkins net ir reikliausi\u0173 vartotoj\u0173 l\u016bkes\u010dius. Rinkit\u0117s \u201eNepo Plus\u201c komodos tvirtum\u0105, ilgaam\u017ei\u0161kum\u0105 ir unikali\u0105 i\u0161vaizd\u0105, kad gal\u0117tum\u0117te m\u0117gautis tobulai sutvarkyta erdve.<\/p>\n<p>Prek\u0117s kodas S435-KOM2D-DNO\/BI Plotis 80 cm Gylis 34 cm Auk\u0161tis 84 cm Kolekcija \u201eNepo Plus\u201c Spalva kilnus \u0105\u017euolas\/balta Atspalvis tamsi mediena Stilius modernus Med\u017eiaga laminatas Dureli\u0173 skai\u010dius 2 dur\u0173 Stal\u010di\u0173 skai\u010dius be stal\u010di\u0173 Rankena su rankenomis Gamintojas Juoda Raudona Balta Baldo tipas Komodos PVM 23% EAN 5906123051675<\/p>","protected":false},"excerpt":{"rendered":"<p>\u201eNepo Plus\u201c komoda \u2013 stilingas aksesuaras moderniai erdvei. Sukurkite unikalaus charakterio ir prakti\u0161k\u0173 bald\u0173 kupin\u0105 interjer\u0105! Tvirta \u201eNepo Plus\u201c komoda papuo\u0161 j\u016bs\u0173 svetain\u0119, prie\u0161kambar\u012f, miegam\u0105j\u012f ar net paauglio kambar\u012f. Skoningas med\u017eiag\u0173 ir spalv\u0173 derinys paver\u010dia \u0161\u012f bald\u0105 [\u2026]<\/p>","protected":false},"featured_media":258666,"comment_status":"open","ping_status":"open","template":"","meta":[],"product_brand":[],"product_cat":[9200,1173],"product_tag":[],"class_list":{"0":"post-258665","1":"product","2":"type-product","3":"status-publish","4":"has-post-thumbnail","6":"product_cat-black-red-white","7":"product_cat-chests-of-drawers","9":"first","10":"instock","11":"purchasable","12":"product-type-simple"},"_links":{"self":[{"href":"https:\/\/baldumarket.lt\/lt\/wp-json\/wp\/v2\/product\/258665","targetHints":{"allow":["GET"]}}],"collection":[{"href":"https:\/\/baldumarket.lt\/lt\/wp-json\/wp\/v2\/product"}],"about":[{"href":"https:\/\/baldumarket.lt\/lt\/wp-json\/wp\/v2\/types\/product"}],"replies":[{"embeddable":true,"href":"https:\/\/baldumarket.lt\/lt\/wp-json\/wp\/v2\/comments?post=258665"}],"wp:featuredmedia":[{"embeddable":true,"href":"https:\/\/baldumarket.lt\/lt\/wp-json\/wp\/v2\/media\/258666"}],"wp:attachment":[{"href":"https:\/\/baldumarket.lt\/lt\/wp-json\/wp\/v2\/media?parent=258665"}],"wp:term":[{"taxonomy":"product_brand","embeddable":true,"href":"https:\/\/baldumarket.lt\/lt\/wp-json\/wp\/v2\/product_brand?post=258665"},{"taxonomy":"product_cat","embeddable":true,"href":"https:\/\/baldumarket.lt\/lt\/wp-json\/wp\/v2\/product_cat?post=258665"},{"taxonomy":"product_tag","embeddable":true,"href":"https:\/\/baldumarket.lt\/lt\/wp-json\/wp\/v2\/product_tag?post=258665"}],"curies":[{"name":"wp","href":"https:\/\/api.w.org\/{rel}","templated":true}]}}