{"id":258649,"date":"2026-01-13T22:31:52","date_gmt":"2026-01-13T19:31:52","guid":{"rendered":"https:\/\/baldumarket.lt\/product\/komoda-dwudrzwiowa-nepo-plus-80-cm-bialy\/"},"modified":"2026-02-11T18:30:02","modified_gmt":"2026-02-11T15:30:02","slug":"komoda-dwudrzwiowa-nepo-plus-80-cm-bialy","status":"publish","type":"product","link":"https:\/\/baldumarket.lt\/lt\/product\/komoda-dwudrzwiowa-nepo-plus-80-cm-bialy\/","title":{"rendered":"NEPO PLUS dviej\u0173 dur\u0173 komoda, 80 cm, balta"},"content":{"rendered":"<p>\u201eNepo Plus\u201c spintel\u0117 \u2013 eleganti\u0161kas ir prakti\u0161kas moderni\u0173 erdvi\u0173 papildymas. Jei svajojate apie namus, kurie ne tik \u017eavi savo unikaliu charakteriu, bet ir yra pilni praktini\u0173 funkcij\u0173, \u201eNepo Plus KOM2D\u201c spintel\u0117 yra sprendimas, vertas d\u0117mesio. \u0160is tvirtas baldas puikiai papildys \u012fvairius kambarius, tokius kaip svetain\u0117, prie\u0161kambaris, miegamasis ar jaunimo kambarys. D\u0117l skoningo dizaino ir \u012fvairi\u0173 spalv\u0173 variant\u0173 jis puikiai der\u0117s tiek prie modernaus, tiek prie klasikinio stiliaus. \u0160tai kelios prie\u017eastys, kod\u0117l tur\u0117tum\u0117te apsvarstyti \u201eNepo Plus KOM2D\u201c spintel\u0119: \u201eNepo Plus KOM2D\u201c spintel\u0117 puikiai tinka \u012fvairiems kambariams, nepriklausomai nuo j\u0173 dyd\u017eio. Joje galite laikyti drabu\u017ei\u0173 spint\u0105, aksesuarus, \u012ftaisus, biuro reikmenis ar suvenyrus. Tai baldas, kuris lengvai prisitaikys prie j\u016bs\u0173 poreiki\u0173 ir kintan\u010dio vaidmens j\u016bs\u0173 namuose. \u201eNepo Plus KOM2D\u201c spintel\u0117 \u017eavi skoningu med\u017eiag\u0173 ir spalv\u0173 deriniu, suteikdama jai unikal\u0173 charakter\u012f. \u0160is baldas ne tik atlieka praktin\u0119 funkcij\u0105, bet ir yra estetinis bet kokio interjero papildymas. Stilingos durys suteikia \u017eavesio ir paver\u010dia j\u012f bet kurio kambario traukos centru. \u201eNepo Plus KOM2D\u201c spintel\u0117 pagaminta i\u0161 auk\u0161tos kokyb\u0117s laminuotos plok\u0161t\u0117s, garantuojan\u010dios ilgaam\u017ei\u0161kum\u0105 ir patraukli\u0105 i\u0161vaizd\u0105 daugel\u012f met\u0173. Tai u\u017etikrina, kad baldas ne tik atliks savo funkcij\u0105, bet ir i\u0161liks puikios b\u016bkl\u0117s, tod\u0117l gal\u0117site bet kada pakeisti jo viet\u0105 ir naudojim\u0105. \u201eNepo Plus\u201c kolekcija si\u016blo plat\u0173 spalv\u0173 pasirinkim\u0105, suteikdama galimyb\u0119 i\u0161sirinkti tobul\u0105 bald\u0105 savo interjero dizainui. Galite pasirinkti spalv\u0105, kuri dera su kitais baldais, arba sukurti kontrasting\u0105 derin\u012f, suteikiant\u012f erdvei charakterio. Trumpai tariant, \u201eNepo Plus KOM2D\u201c spintel\u0117 yra ne tik stilingas moderni\u0173 erdvi\u0173 papildymas, bet ir funkcionalus baldas, galintis pad\u0117ti palaikyti tvark\u0105 ir organizuotum\u0105 j\u016bs\u0173 namuose. Jos patvarumas, tvirtumas ir eleganti\u0161kas dizainas paver\u010dia tai investicija \u012f baldus, kuriais d\u017eiaugsit\u0117s daugel\u012f met\u0173, nesvarbu, kaip da\u017enai kei\u010diasi j\u016bs\u0173 poreikiai ir interjero dizainas. \u0160tai kod\u0117l verta apsvarstyti \u201eNepo Plus KOM2D\u201c spintel\u0119, \u012frengiant svetain\u0119, prie\u0161kambar\u012f, miegam\u0105j\u012f ar paauglio kambar\u012f.<\/p>\n<p>Prek\u0117s kodas S435-KOM2D-BI Simbolis ZM EAN Plotis 80 cm Gylis 34 cm Auk\u0161tis 84 cm Kolekcija Nepo Plus Spalva balta Atspalvis baltas Stilius modernus Dureli\u0173 skai\u010dius 2 dur\u0173 Stal\u010di\u0173 skai\u010dius be stal\u010di\u0173 Rankena su rankenomis Gamintojas Juoda Raudona Balta Baldo tipas Komodos PVM 23% EAN 5906123948418<\/p>","protected":false},"excerpt":{"rendered":"<p>\u201eNepo Plus\u201c spintel\u0117 \u2013 eleganti\u0161kas ir prakti\u0161kas moderni\u0173 erdvi\u0173 papildymas. Jei svajojate apie namus, kurie ne tik \u017eav\u0117t\u0173 unikaliu charakteriu, bet ir b\u016bt\u0173 pilni prakti\u0161k\u0173 funkcij\u0173, \u201eNepo Plus KOM2D\u201c spintel\u0117 yra sprendimas, vertas d\u0117mesio. \u0160is tvirtas baldas puikiai papildys \u012fvairius [\u2026]<\/p>","protected":false},"featured_media":258650,"comment_status":"open","ping_status":"open","template":"","meta":[],"product_brand":[],"product_cat":[9200,1173],"product_tag":[],"class_list":{"0":"post-258649","1":"product","2":"type-product","3":"status-publish","4":"has-post-thumbnail","6":"product_cat-black-red-white","7":"product_cat-chests-of-drawers","9":"first","10":"instock","11":"purchasable","12":"product-type-simple"},"_links":{"self":[{"href":"https:\/\/baldumarket.lt\/lt\/wp-json\/wp\/v2\/product\/258649","targetHints":{"allow":["GET"]}}],"collection":[{"href":"https:\/\/baldumarket.lt\/lt\/wp-json\/wp\/v2\/product"}],"about":[{"href":"https:\/\/baldumarket.lt\/lt\/wp-json\/wp\/v2\/types\/product"}],"replies":[{"embeddable":true,"href":"https:\/\/baldumarket.lt\/lt\/wp-json\/wp\/v2\/comments?post=258649"}],"wp:featuredmedia":[{"embeddable":true,"href":"https:\/\/baldumarket.lt\/lt\/wp-json\/wp\/v2\/media\/258650"}],"wp:attachment":[{"href":"https:\/\/baldumarket.lt\/lt\/wp-json\/wp\/v2\/media?parent=258649"}],"wp:term":[{"taxonomy":"product_brand","embeddable":true,"href":"https:\/\/baldumarket.lt\/lt\/wp-json\/wp\/v2\/product_brand?post=258649"},{"taxonomy":"product_cat","embeddable":true,"href":"https:\/\/baldumarket.lt\/lt\/wp-json\/wp\/v2\/product_cat?post=258649"},{"taxonomy":"product_tag","embeddable":true,"href":"https:\/\/baldumarket.lt\/lt\/wp-json\/wp\/v2\/product_tag?post=258649"}],"curies":[{"name":"wp","href":"https:\/\/api.w.org\/{rel}","templated":true}]}}