{"id":258641,"date":"2026-01-13T22:31:46","date_gmt":"2026-01-13T19:31:46","guid":{"rendered":"https:\/\/baldumarket.lt\/product\/komoda-dwudrzwiowa-matos-80-cm-dab-wotan-bialy\/"},"modified":"2026-02-11T18:30:03","modified_gmt":"2026-02-11T15:30:03","slug":"komoda-dwudrzwiowa-matos-80-cm-dab-wotan-bialy","status":"publish","type":"product","link":"https:\/\/baldumarket.lt\/lt\/product\/komoda-dwudrzwiowa-matos-80-cm-dab-wotan-bialy\/","title":{"rendered":"MATOS dviej\u0173 dur\u0173 komoda, 80 cm, wotan \u0105\u017euolas\/balta"},"content":{"rendered":"<p>\u2019Matos\u201c komoda\u201eMatos\u201c kolekcija derina funkcionalum\u0105 ir estetik\u0105, puikiai papildydama harmoning\u0105 interjer\u0105. Dviej\u0173 dur\u0173 \u201eMatos\u201c komoda \u2013 tai \u017eavesio ir prakti\u0161kumo derinys. Jos \u201eWotan\u201c \u0105\u017euolo spalvos korpusas puikiai dera su baltomis durel\u0117mis ir stal\u010diumi. Subtilios sidabrin\u0117s ranken\u0117l\u0117s suteikia subtilumo, o stal\u010dius vir\u0161 dureli\u0173 pagerina spintel\u0117s funkcionalum\u0105. \u0160i komoda si\u016blo daug vietos daiktams susid\u0117ti \u2013 nuo drabu\u017ei\u0173 iki dokument\u0173 ir biuro reikmen\u0173, tod\u0117l ji idealiai tinka tiek miegamajam, tiek valgomajam. Lengvas ir darnus komodos dizainas puikiai dera su modernaus stiliaus elementais, sukurdamas ramyb\u0117s ir harmonijos atmosfer\u0105. \u201eMatos\u201c kolekcija skirta tiems, kurie ie\u0161ko bald\u0173, kurie ne tik atrodo esteti\u0161kai, bet ir atitinka kasdienius poreikius, kurdami harmoning\u0105 ir maloni\u0105 nam\u0173 aplink\u0105.<\/p>\n<p>Prek\u0117s kodas S414-KOM2D-DWO\/BI Simbolis ZM EAN Plotis 80 cm Gylis 34 cm Auk\u0161tis 78,5 cm Kolekcija Matos Spalva wotan \u0105\u017euolas\/balta Gaubtas \u0161viesi mediena Stilius modernus Med\u017eiaga laminatas Dureli\u0173 skai\u010dius 2 dur\u0173 Stal\u010di\u0173 skai\u010dius be stal\u010di\u0173 Rankena su rankenomis Gamintojas Juoda Raudona Balta Baldo tipas Komodos PVM 23% EAN 5906123945431<\/p>","protected":false},"excerpt":{"rendered":"<p>The Matos Chest of DrawersThe Matos collection combines functionality and aesthetics, perfectly complementing harmonious interiors. The two-door Matos chest of drawers represents a blend of charm and practicality. Its Wotan oak-colored body complements the white doors and drawer perfectly. Subtle silver handles add a touch of delicacy, while the drawer above the door enhances the [&hellip;]<\/p>","protected":false},"featured_media":258642,"comment_status":"open","ping_status":"open","template":"","meta":[],"product_brand":[],"product_cat":[9200,1173],"product_tag":[],"class_list":{"0":"post-258641","1":"product","2":"type-product","3":"status-publish","4":"has-post-thumbnail","6":"product_cat-black-red-white","7":"product_cat-chests-of-drawers","9":"first","10":"instock","11":"purchasable","12":"product-type-simple"},"_links":{"self":[{"href":"https:\/\/baldumarket.lt\/lt\/wp-json\/wp\/v2\/product\/258641","targetHints":{"allow":["GET"]}}],"collection":[{"href":"https:\/\/baldumarket.lt\/lt\/wp-json\/wp\/v2\/product"}],"about":[{"href":"https:\/\/baldumarket.lt\/lt\/wp-json\/wp\/v2\/types\/product"}],"replies":[{"embeddable":true,"href":"https:\/\/baldumarket.lt\/lt\/wp-json\/wp\/v2\/comments?post=258641"}],"wp:featuredmedia":[{"embeddable":true,"href":"https:\/\/baldumarket.lt\/lt\/wp-json\/wp\/v2\/media\/258642"}],"wp:attachment":[{"href":"https:\/\/baldumarket.lt\/lt\/wp-json\/wp\/v2\/media?parent=258641"}],"wp:term":[{"taxonomy":"product_brand","embeddable":true,"href":"https:\/\/baldumarket.lt\/lt\/wp-json\/wp\/v2\/product_brand?post=258641"},{"taxonomy":"product_cat","embeddable":true,"href":"https:\/\/baldumarket.lt\/lt\/wp-json\/wp\/v2\/product_cat?post=258641"},{"taxonomy":"product_tag","embeddable":true,"href":"https:\/\/baldumarket.lt\/lt\/wp-json\/wp\/v2\/product_tag?post=258641"}],"curies":[{"name":"wp","href":"https:\/\/api.w.org\/{rel}","templated":true}]}}