{"id":258637,"date":"2026-01-13T22:31:43","date_gmt":"2026-01-13T19:31:43","guid":{"rendered":"https:\/\/baldumarket.lt\/product\/komoda-dwudrzwiowa-horton-1065-cm-dab-zloty-grandson-bialy-polysk\/"},"modified":"2026-02-11T18:30:03","modified_gmt":"2026-02-11T15:30:03","slug":"komoda-dwudrzwiowa-horton-1065-cm-dab-zloty-grandson-bialy-polysk","status":"publish","type":"product","link":"https:\/\/baldumarket.lt\/lt\/product\/komoda-dwudrzwiowa-horton-1065-cm-dab-zloty-grandson-bialy-polysk\/","title":{"rendered":"HORTON dviej\u0173 dur\u0173 komoda 106,5 cm, auksinio \u0105\u017euolo \u201eGrandson\u201c \/ baltos blizgios spalvos"},"content":{"rendered":"<p>\u201eHorton\u201c spintel\u0117 \u2013 stilinga ir kompakti\u0161ka daikt\u0173 laikymo sistema. Rasti tobul\u0105 spintel\u0119, kurioje ne tik tilpt\u0173 visi reikalingi daiktai, bet ir interjeras b\u016bt\u0173 rafinuotas, gali b\u016bti nelengva. M\u016bs\u0173 naujas pasi\u016blymas \u2013 funkcionali spintel\u0117, kuri ne tik pateisins j\u016bs\u0173 l\u016bkes\u010dius, bet ir taps ilgalaikiu j\u016bs\u0173 nam\u0173 akcentu. Spintel\u0117s spalv\u0173 gama \u2013 blizgios baltos ir \u201eGrandson\u201c \u0105\u017euolo derinys \u2013 ne tik suteikia jai elegancijos, bet ir puikiai dera prie \u012fvairi\u0173 interjero stili\u0173. D\u0117l kompakti\u0161ko dyd\u017eio ji idealiai tinka ma\u017eesn\u0117ms erdv\u0117ms ir puikiai papildo modernaus, skandinavi\u0161ko ar retro stiliaus interjerus, kuriuose vyrauja nat\u016bral\u016bs ir paprasti baldai. Vienas i\u0161 pagrindini\u0173 m\u016bs\u0173 spintel\u0117s bruo\u017e\u0173 \u2013 stilingos durel\u0117s su metalin\u0117mis rankenomis, kurios ne tik suteikia baldui unikalumo, bet ir palengvina naudojim\u0105. Spintel\u0117s viduje yra keturios erdvios lentynos, puikiai tinkan\u010dios \u012fvairiems daiktams laikyti. Be to, vir\u0161utin\u0117 spintel\u0117s dalis su gerai apgalvotu stalvir\u0161iu suteikia papildomos vietos kasdieniams daiktams laikyti. M\u016bs\u0173 spintel\u0117 yra ne tik prakti\u0161ka, bet ir esteti\u0161ka. Su standartiniu LED ap\u0161vietimu ir \u0161velniai u\u017esidaran\u010diais vyriais spintel\u0117 tampa ne tik funkcionaliu, bet ir moderniu interjero dizaino elementu. Pasirink\u0119 m\u016bs\u0173 spintel\u0119, gausite ne tik prakti\u0161k\u0105 daikt\u0173 laikymo viet\u0105, bet ir dizainerio aksesuar\u0105, kuris tiks bet kuriame j\u016bs\u0173 nam\u0173 kambaryje. Suteikite savo daiktams stilingus naujus namus pasirinkdami m\u016bs\u0173 funkcionali\u0105 spintel\u0119!<\/p>\n<p>Prek\u0117s kodas S488-KOM2D-BI\/DZG\/BIP Simbolis ZM EAN Plotis 106,5 cm Gylis 42 cm Auk\u0161tis 90 cm Kolekcija Horton Spalva balta\/grandson auksinis \u0105\u017euolas\/blizgi balta Atspalvis baltas Stilius modernus Med\u017eiaga laminatas Dureli\u0173 skai\u010dius 2 dur\u0173 Stal\u010di\u0173 skai\u010dius be stal\u010di\u0173 Rankena su rankenomis Gamintojas Juoda Raudona Balta Baldo tipas Komodos PVM 23% EAN 5906123709033<\/p>","protected":false},"excerpt":{"rendered":"<p>Horton Cabinet \u2013 Stylish Storage in a Compact Size. Finding the perfect cabinet that not only holds all your essentials but also adds a refined touch to your interior can be a challenge. Our new offering presents a functional cabinet that will not only meet your expectations but also become a lasting addition to your [&hellip;]<\/p>","protected":false},"featured_media":258638,"comment_status":"open","ping_status":"open","template":"","meta":[],"product_brand":[],"product_cat":[9200,1173],"product_tag":[],"class_list":{"0":"post-258637","1":"product","2":"type-product","3":"status-publish","4":"has-post-thumbnail","6":"product_cat-black-red-white","7":"product_cat-chests-of-drawers","9":"first","10":"instock","11":"purchasable","12":"product-type-simple"},"_links":{"self":[{"href":"https:\/\/baldumarket.lt\/lt\/wp-json\/wp\/v2\/product\/258637","targetHints":{"allow":["GET"]}}],"collection":[{"href":"https:\/\/baldumarket.lt\/lt\/wp-json\/wp\/v2\/product"}],"about":[{"href":"https:\/\/baldumarket.lt\/lt\/wp-json\/wp\/v2\/types\/product"}],"replies":[{"embeddable":true,"href":"https:\/\/baldumarket.lt\/lt\/wp-json\/wp\/v2\/comments?post=258637"}],"wp:featuredmedia":[{"embeddable":true,"href":"https:\/\/baldumarket.lt\/lt\/wp-json\/wp\/v2\/media\/258638"}],"wp:attachment":[{"href":"https:\/\/baldumarket.lt\/lt\/wp-json\/wp\/v2\/media?parent=258637"}],"wp:term":[{"taxonomy":"product_brand","embeddable":true,"href":"https:\/\/baldumarket.lt\/lt\/wp-json\/wp\/v2\/product_brand?post=258637"},{"taxonomy":"product_cat","embeddable":true,"href":"https:\/\/baldumarket.lt\/lt\/wp-json\/wp\/v2\/product_cat?post=258637"},{"taxonomy":"product_tag","embeddable":true,"href":"https:\/\/baldumarket.lt\/lt\/wp-json\/wp\/v2\/product_tag?post=258637"}],"curies":[{"name":"wp","href":"https:\/\/api.w.org\/{rel}","templated":true}]}}