{"id":258633,"date":"2026-01-13T22:31:40","date_gmt":"2026-01-13T19:31:40","guid":{"rendered":"https:\/\/baldumarket.lt\/product\/komoda-dwudrzwiowa-holten-106-cm-dab-waterford\/"},"modified":"2026-02-11T18:30:03","modified_gmt":"2026-02-11T15:30:03","slug":"komoda-dwudrzwiowa-holten-106-cm-dab-waterford","status":"publish","type":"product","link":"https:\/\/baldumarket.lt\/lt\/product\/komoda-dwudrzwiowa-holten-106-cm-dab-waterford\/","title":{"rendered":"HOLTEN komoda, dvidur\u0117, 106 cm, Waterford \u0105\u017euolas"},"content":{"rendered":"<p>\u201eHolten\u201c komoda \u2013 puikus sprendimas daikt\u0173 laikymui. Jei ie\u0161kote funkcionalaus baldo, kuriame tilpt\u0173 dideli daiktai ir kuris b\u016bt\u0173 stilingas j\u016bs\u0173 interjero papildymas, \u201eHolten\u201c spintel\u0117 pateisins j\u016bs\u0173 l\u016bkes\u010dius. \u0160i moderni kolekcija derina tvirt\u0105 konstrukcij\u0105, prakti\u0161k\u0105 erdv\u0117s valdym\u0105 ir esteti\u0161k\u0105 dizain\u0105. \u0160tai kod\u0117l tur\u0117tum\u0117te apsvarstyti \u0161i\u0105 spintel\u0119: \u201eHolten\u201c dvidur\u0117 spintel\u0117 yra puikus sprendimas \u012fvairi\u0173 dyd\u017ei\u0173 daiktams laikyti. D\u0117l prakti\u0161ko spintel\u0117s suskirstymo galite patogiai ir efektyviai susisteminti savo daiktus. 2. **Estetika ir kontrastai**: Matinis baltas korpusas puikiai kontrastuoja su blizgiai baltai lakuotais fasadais. \u0160is derinys suteikia baldams moderni\u0105 ir eleganti\u0161k\u0105 i\u0161vaizd\u0105. Unikalus akcentas \u2013 ry\u0161kus \u201eWotan\u201c \u0105\u017euolo stalvir\u0161is su savo i\u0161skirtine tekst\u016bra, kuri suteikia baldams charakterio ir \u0161ilumos. Med\u017eio tekst\u016bros skirtumai kiekvien\u0105 \u201eHolten\u201c spintel\u0119 daro \u0161iek tiek skirting\u0105 ir unikali\u0105. \u0160is elementas pabr\u0117\u017eia nat\u016bral\u0173 baldo charakter\u012f ir suteikia jam unikalaus \u017eavesio. Fasadai be ranken\u0117li\u0173: Lygus fasad\u0173 be ranken\u0117li\u0173 pavir\u0161ius sukuria minimalistin\u0119 ir moderni\u0105 i\u0161vaizd\u0105, kartu u\u017etikrindamas paprast\u0105 naudojim\u0105. \u201eHolten\u201c spintel\u0117 \u2013 puikus elementas darniai svetainei. \u201eHolten\u201c kolekcijoje si\u016blomi \u012fvair\u016bs baldai, leid\u017eiantys susikurti svajoni\u0173 kompozicij\u0105, kuri b\u016bt\u0173 ir funkcionali, ir esteti\u0161kai patraukli. \u201eHolten\u201c spintel\u0117 yra ne tik daikt\u0173 laikymo vieta, bet ir dekoratyvinis elementas, galintis tapti j\u016bs\u0173 kambario traukos centru. D\u0117l funkcionalumo ir patrauklaus dizaino atlaisvinate vietos daiktams laikyti neaukodami stiliaus.<\/p>\n<p>Prek\u0117s kodas S493-KOM2D-DWF Simbolis ZM EAN Plotis 106 cm Gylis 42 cm Auk\u0161tis 83,5 cm Kolekcija Holten Spalva Waterford \u0105\u017euolas Atspalvis tamsi mediena Stilius modernus Dur\u0173 skai\u010dius 2 dur\u0173 Stal\u010di\u0173 skai\u010dius be stal\u010di\u0173 Rankena be ranken\u0117li\u0173 Gamintojas Juoda Raudona Balta Baldo tipas Komodos PVM 23% EAN 5906123709750<\/p>","protected":false},"excerpt":{"rendered":"<p>Holten Chest of Drawers &#8211; The Perfect Storage Solution. If you&#8217;re looking for a functional piece of furniture that can accommodate bulky items while also being a stylish addition to your interior, the Holten cabinet will meet your expectations. This modern collection combines solid construction, practical space management, and aesthetic design. Here&#8217;s why you should [&hellip;]<\/p>","protected":false},"featured_media":258634,"comment_status":"open","ping_status":"open","template":"","meta":[],"product_brand":[],"product_cat":[9200,1173],"product_tag":[],"class_list":{"0":"post-258633","1":"product","2":"type-product","3":"status-publish","4":"has-post-thumbnail","6":"product_cat-black-red-white","7":"product_cat-chests-of-drawers","9":"first","10":"instock","11":"purchasable","12":"product-type-simple"},"_links":{"self":[{"href":"https:\/\/baldumarket.lt\/lt\/wp-json\/wp\/v2\/product\/258633","targetHints":{"allow":["GET"]}}],"collection":[{"href":"https:\/\/baldumarket.lt\/lt\/wp-json\/wp\/v2\/product"}],"about":[{"href":"https:\/\/baldumarket.lt\/lt\/wp-json\/wp\/v2\/types\/product"}],"replies":[{"embeddable":true,"href":"https:\/\/baldumarket.lt\/lt\/wp-json\/wp\/v2\/comments?post=258633"}],"wp:featuredmedia":[{"embeddable":true,"href":"https:\/\/baldumarket.lt\/lt\/wp-json\/wp\/v2\/media\/258634"}],"wp:attachment":[{"href":"https:\/\/baldumarket.lt\/lt\/wp-json\/wp\/v2\/media?parent=258633"}],"wp:term":[{"taxonomy":"product_brand","embeddable":true,"href":"https:\/\/baldumarket.lt\/lt\/wp-json\/wp\/v2\/product_brand?post=258633"},{"taxonomy":"product_cat","embeddable":true,"href":"https:\/\/baldumarket.lt\/lt\/wp-json\/wp\/v2\/product_cat?post=258633"},{"taxonomy":"product_tag","embeddable":true,"href":"https:\/\/baldumarket.lt\/lt\/wp-json\/wp\/v2\/product_tag?post=258633"}],"curies":[{"name":"wp","href":"https:\/\/api.w.org\/{rel}","templated":true}]}}