{"id":258613,"date":"2026-01-13T22:31:24","date_gmt":"2026-01-13T19:31:24","guid":{"rendered":"https:\/\/baldumarket.lt\/product\/komoda-czterodrzwiowa-zele-104-cm-dab-wotan\/"},"modified":"2026-02-11T18:30:03","modified_gmt":"2026-02-11T15:30:03","slug":"komoda-czterodrzwiowa-zele-104-cm-dab-wotan","status":"publish","type":"product","link":"https:\/\/baldumarket.lt\/lt\/product\/komoda-czterodrzwiowa-zele-104-cm-dab-wotan\/","title":{"rendered":"ZELE komoda su keturiomis durimis, 104 cm, \u0105\u017euolo spalvos, Wotano imitacija"},"content":{"rendered":"<p>\u201eZele\u201c spintel\u0117 \u2013 puikus sprendimas ma\u017eiems ir dideliems daiktams. Jei j\u016bs\u0173 tikslas \u2013 sukurti modern\u0173 arba minimalistin\u012f interjero dizain\u0105, \u201eZele\u201c kolekcija kaip tik jums. Joje rasite \u201eZele\u201c spintel\u0119 \u2013 prakti\u0161k\u0105 ir eleganti\u0161k\u0105 \u012fvairi\u0173 daikt\u0173 laikymo sprendim\u0105. \u201eZele\u201c spintel\u0117 si\u016blo puiki\u0105 viet\u0105 svarbiems daiktams. \u012erengta keturiomis erdviomis spintel\u0117mis, ji suteikia daug vietos daiktams susid\u0117ti. I\u0161imamos vidin\u0117s lentynos taip pat leid\u017eia sukurti vietos didesniems daiktams, pavyzd\u017eiui, byloms, buitinei technikai ar kitiems stambesniems daiktams. \u201eZele\u201c spintel\u0117s spalv\u0173 palet\u0117 yra dar vienas privalumas. Galite rinktis \u201eWotan Oak\u201c korpus\u0105 su blizgiais baltais fasadais, kurie suteikia spintelei modern\u0173 ir eleganti\u0161k\u0105 charakter\u012f. Jei pageidaujate sant\u016bresni\u0173 spalv\u0173, jums tikrai patiks spinteli\u0173, visi\u0161kai apdailint\u0173 \u201eWotan Oak\u201c, pasirinkimas. J\u016bs kontroliuojate savo spintel\u0117s i\u0161vaizd\u0105. Minimalistin\u0117s ranken\u0117l\u0117s, integruotos \u012f vir\u0161utinius fasad\u0173 kra\u0161tus, pabr\u0117\u017eia \u201eZele\u201c kolekcijos charakter\u012f. D\u0117l \u0161i\u0173 element\u0173 spintel\u0117 i\u0161laiko nuosekl\u0173 stili\u0173 ir modern\u0173 vaizd\u0105. \u201eZele\u201c spintel\u0117 yra ne tik prakti\u0161kas baldas, bet ir dizaino elementas. Galite pasinaudoti jo galimyb\u0117mis ir derinti j\u012f su kitais kolekcijos elementais, sukurdami ergonomi\u0161k\u0105 erdv\u0119 svetain\u0117je, miegamajame ar jaunimo kambaryje. \u0160is baldas leid\u017eia optimaliai i\u0161naudoti turim\u0105 erdv\u0119. Trumpai tariant, \u201eZele\u201c spintel\u0117 yra puikus sprendimas tiek ma\u017eiems, tiek dideliems daiktams laikyti. D\u0117l savo talpos, dizaino ir i\u0161d\u0117stymo galimybi\u0173 ji tampa ne\u012fkainojamu j\u016bs\u0173 interjero elementu. I\u0161bandykite ir pamatysite, kaip ji gali pakeisti j\u016bs\u0173 aplink\u0105.<\/p>\n<p>Prek\u0117s kodas S383-KOM4D-DWO Simbolis ZM EAN Plotis 104 cm Gylis 41 cm Auk\u0161tis 106 cm Kolekcija Zele Spalva wotan \u0105\u017euolas Gaubtas \u0161viesi mediena Stilius modernus Med\u017eiaga laminatas Dureli\u0173 skai\u010dius 4 dur\u0173 Stal\u010di\u0173 skai\u010dius be stal\u010di\u0173 Rankena su rankenomis Gamintojas Juoda Raudona Balta Baldo tipas Komodos PVM 23% EAN 5906123928571<\/p>","protected":false},"excerpt":{"rendered":"<p>\u201eZele\u201c spintel\u0117 \u2013 puikus sprendimas ma\u017eiems ir dideliems daiktams. Jei j\u016bs\u0173 tikslas \u2013 sukurti modern\u0173 arba minimalistin\u012f interjero dizain\u0105, \u201eZele\u201c kolekcija kaip tik jums. Joje rasite \u201eZele\u201c spintel\u0119 \u2013 prakti\u0161k\u0105 ir eleganti\u0161k\u0105 \u012fvairi\u0173 daikt\u0173 laikymo sprendim\u0105. \u201eZele\u201c spintel\u0117 si\u016blo tobul\u0105 [\u2026]<\/p>","protected":false},"featured_media":258614,"comment_status":"open","ping_status":"open","template":"","meta":[],"product_brand":[],"product_cat":[9200,1173],"product_tag":[],"class_list":{"0":"post-258613","1":"product","2":"type-product","3":"status-publish","4":"has-post-thumbnail","6":"product_cat-black-red-white","7":"product_cat-chests-of-drawers","9":"first","10":"instock","11":"purchasable","12":"product-type-simple"},"_links":{"self":[{"href":"https:\/\/baldumarket.lt\/lt\/wp-json\/wp\/v2\/product\/258613","targetHints":{"allow":["GET"]}}],"collection":[{"href":"https:\/\/baldumarket.lt\/lt\/wp-json\/wp\/v2\/product"}],"about":[{"href":"https:\/\/baldumarket.lt\/lt\/wp-json\/wp\/v2\/types\/product"}],"replies":[{"embeddable":true,"href":"https:\/\/baldumarket.lt\/lt\/wp-json\/wp\/v2\/comments?post=258613"}],"wp:featuredmedia":[{"embeddable":true,"href":"https:\/\/baldumarket.lt\/lt\/wp-json\/wp\/v2\/media\/258614"}],"wp:attachment":[{"href":"https:\/\/baldumarket.lt\/lt\/wp-json\/wp\/v2\/media?parent=258613"}],"wp:term":[{"taxonomy":"product_brand","embeddable":true,"href":"https:\/\/baldumarket.lt\/lt\/wp-json\/wp\/v2\/product_brand?post=258613"},{"taxonomy":"product_cat","embeddable":true,"href":"https:\/\/baldumarket.lt\/lt\/wp-json\/wp\/v2\/product_cat?post=258613"},{"taxonomy":"product_tag","embeddable":true,"href":"https:\/\/baldumarket.lt\/lt\/wp-json\/wp\/v2\/product_tag?post=258613"}],"curies":[{"name":"wp","href":"https:\/\/api.w.org\/{rel}","templated":true}]}}