{"id":258605,"date":"2026-01-13T22:31:14","date_gmt":"2026-01-13T19:31:14","guid":{"rendered":"https:\/\/baldumarket.lt\/product\/komoda-czterodrzwiowa-z-szuflada-loksa-194-cm-andersen-pine-white\/"},"modified":"2026-02-11T18:30:03","modified_gmt":"2026-02-11T15:30:03","slug":"komoda-czterodrzwiowa-z-szuflada-loksa-194-cm-andersen-pine-white","status":"publish","type":"product","link":"https:\/\/baldumarket.lt\/lt\/product\/komoda-czterodrzwiowa-z-szuflada-loksa-194-cm-andersen-pine-white\/","title":{"rendered":"LOKSA komoda su keturi\u0173 dur\u0173 stal\u010diumi, 194 cm, anderseno pu\u0161is, balta"},"content":{"rendered":"<p>\u2019Loksa\u201c komoda \u2013 puikus sprendimas svetainei ir prie\u0161kambariui. Jei j\u016bs\u0173 tikslas \u2013 sukurti skandinavi\u0161ko dizaino interjer\u0105, \u201eLoksa\u201c kolekcija yra nepakei\u010diama priemon\u0117 \u0161iam tikslui pasiekti. \u0160ios kolekcijos baldai i\u0161siskiria i\u0161skirtiniais r\u0117miniais fasadais, stilingomis ranken\u0117l\u0117mis ir prislopintomis spalvomis, kurios puikiai dera prie skandinavi\u0161kos estetikos. Be to, \u201eLoksa\u201c komoda yra tokia universali, kad puikiai tinka tiek svetainei, tiek prie\u0161kambariui ar net dizainui, kuriame \u0161ios dvi erdv\u0117s harmoningai dera. \u201eLoksa\u201c komoda yra tikra organizatorius, galintis sutalpinti \u012fvairius daiktus. Trys erdvios spintel\u0117s idealiai tinka stalo \u012frankiams, sezonin\u0117ms dekoracijoms ir kitiems daiktams laikyti. Stal\u010dius savo ruo\u017etu leid\u017eia laikyti smulkius aksesuarus, tokius kaip \u017evak\u0117s ar dekoratyvin\u0117s juostel\u0117s. Atvira lentyna puikiai tinka knygoms ar papuo\u0161al\u0173 d\u0117\u017eut\u0117ms laikyti. Be to, platus komodos stalvir\u0161is yra ideali vieta eksponuoti dekoratyvinius daiktus, tokius kaip vaza, \u0161eimos nuotraukos ar \u017eibintai. Komodos spalvos yra subtilios ir darnios \u2013 \u0161viesiai baltas \u201eAndersen\u201c pu\u0161ies korpusas puikiai dera su \u201eGrandson\u201c \u0105\u017euolo stalvir\u0161iu. \u0160is paprastas spalv\u0173 derinys \u017eavi, o tvirtos, stilingos ranken\u0117l\u0117s ir dekoratyviniai r\u0117meliai fasaduose suteikia charakterio. \u201eLoksa\u201c komoda su lentynomis yra puikus sprendimas, ypa\u010d jei turite daug \u012fvairaus dyd\u017eio daikt\u0173. \u0160is baldas leid\u017eia greitai ir lengvai sutvarkyti erdv\u0119, suteikdamas interjerui skandinavi\u0161ko \u017eavesio ir funkcionalumo. \u0160is baldas tikrai pateisins j\u016bs\u0173 l\u016bkes\u010dius, nesvarbu, kur j\u012f pastatysite.<\/p>\n<p>Prek\u0117s kodas S455-KOM4D1S-APW Simbolis ZM EAN Plotis 194 cm Gylis 42,5 cm Auk\u0161tis 98,5 cm Kolekcija Loksa Spalva andersen pu\u0161is balta Atspalvis \u0161viesus medis Stilius Skandinavi\u0161kas Med\u017eiaga laminatas Dureli\u0173 skai\u010dius 4 dur\u0173 Stal\u010di\u0173 skai\u010dius 1 stal\u010dius Rankena su ranken\u0117l\u0117mis Gamintojas Juoda Raudona Balta Baldo tipas Komodos PVM 23% EAN 5906123607414<\/p>","protected":false},"excerpt":{"rendered":"<p>\u201eLoksa\u201c komoda \u2013 puikus sprendimas svetainei ir prie\u0161kambariui. Jei j\u016bs\u0173 tikslas \u2013 sukurti skandinavi\u0161ko dizaino interjer\u0105, \u201eLoksa\u201c kolekcija yra nepakei\u010diama priemon\u0117 \u0161iam tikslui pasiekti. \u0160ios kolekcijos baldai i\u0161siskiria i\u0161skirtiniais r\u0117miniais fasadais, stilingomis ranken\u0117l\u0117mis ir subtiliu [\u2026]<\/p>","protected":false},"featured_media":258606,"comment_status":"open","ping_status":"open","template":"","meta":[],"product_brand":[],"product_cat":[9200,1173],"product_tag":[],"class_list":{"0":"post-258605","1":"product","2":"type-product","3":"status-publish","4":"has-post-thumbnail","6":"product_cat-black-red-white","7":"product_cat-chests-of-drawers","9":"first","10":"instock","11":"purchasable","12":"product-type-simple"},"_links":{"self":[{"href":"https:\/\/baldumarket.lt\/lt\/wp-json\/wp\/v2\/product\/258605","targetHints":{"allow":["GET"]}}],"collection":[{"href":"https:\/\/baldumarket.lt\/lt\/wp-json\/wp\/v2\/product"}],"about":[{"href":"https:\/\/baldumarket.lt\/lt\/wp-json\/wp\/v2\/types\/product"}],"replies":[{"embeddable":true,"href":"https:\/\/baldumarket.lt\/lt\/wp-json\/wp\/v2\/comments?post=258605"}],"wp:featuredmedia":[{"embeddable":true,"href":"https:\/\/baldumarket.lt\/lt\/wp-json\/wp\/v2\/media\/258606"}],"wp:attachment":[{"href":"https:\/\/baldumarket.lt\/lt\/wp-json\/wp\/v2\/media?parent=258605"}],"wp:term":[{"taxonomy":"product_brand","embeddable":true,"href":"https:\/\/baldumarket.lt\/lt\/wp-json\/wp\/v2\/product_brand?post=258605"},{"taxonomy":"product_cat","embeddable":true,"href":"https:\/\/baldumarket.lt\/lt\/wp-json\/wp\/v2\/product_cat?post=258605"},{"taxonomy":"product_tag","embeddable":true,"href":"https:\/\/baldumarket.lt\/lt\/wp-json\/wp\/v2\/product_tag?post=258605"}],"curies":[{"name":"wp","href":"https:\/\/api.w.org\/{rel}","templated":true}]}}