{"id":258597,"date":"2026-01-13T22:31:07","date_gmt":"2026-01-13T19:31:07","guid":{"rendered":"https:\/\/baldumarket.lt\/product\/komoda-czterodrzwiowa-z-dwoma-szufladami-yamael-184-cm-grafit-dab-artisan\/"},"modified":"2026-02-11T18:30:04","modified_gmt":"2026-02-11T15:30:04","slug":"komoda-czterodrzwiowa-z-dwoma-szufladami-yamael-184-cm-grafit-dab-artisan","status":"publish","type":"product","link":"https:\/\/baldumarket.lt\/lt\/product\/komoda-czterodrzwiowa-z-dwoma-szufladami-yamael-184-cm-grafit-dab-artisan\/","title":{"rendered":"YAMAEL komoda su dviem stal\u010diais, 184 cm, grafito spalvos\/artisan \u0105\u017euolo spalvos"},"content":{"rendered":"<p>\u201eYamael\u201c komoda \u2013 sukurkite \u012fkvepiant\u012f interjer\u0105. Jei svajojate sukurti erdv\u0119, kuri spinduliuot\u0173 elegancija ir funkcionalumu, \u201eYamael\u201c komoda yra puikus sprendimas. Ji derina puik\u0173 dizain\u0105 ir prakti\u0161kum\u0105, suteikdama j\u016bs\u0173 interjerui unikal\u0173 charakter\u012f. \u012esp\u016bding\u0173 184 x 93 x 42 cm matmen\u0173 \u0161i komoda ne tik stebina savo talpa, bet ir \u017eavi savo \u012fsp\u016bdinga i\u0161vaizda. Keturi varstomi fasadai ir du stal\u010diai leid\u017eia susitvarkyti ir r\u016b\u0161iuoti drabu\u017eius, indus ir dokumentus, tod\u0117l erdv\u0117s tvarkymas tampa lengvas ir malonus. Stal\u010di\u0173 fasadai su nuo\u017eulniais kra\u0161tais ir varstomi fasadai su st\u016bmimo mechanizmu sukuria minimalistin\u0119 dizaino koncepcij\u0105, suteikdami komodai modern\u0173 vaizd\u0105. Baldai apr\u016bpinti \u0161velnaus u\u017edarymo b\u0117geliais ir vyriais, kurie \u017eymiai pagerina kasdienio naudojimo komfort\u0105. Vir\u0161us ir pagrindas, apdailinti meni\u0161ko \u0105\u017euolo atspalviu, suteikia interjerui nat\u016bralaus \u017eavesio, o matin\u0117s baltos spalvos fasadai suteikia i\u0161skirtinumo, pabr\u0117\u017eiant modern\u0173 baldo charakter\u012f. \u0160iltos vir\u0161utin\u0117s dalies spalvos ir v\u0117sios baltos spalvos derinys sukuria harmoning\u0105 kompozicij\u0105. \u0160i indauja puikiai tinka moderniai svetainei, miegamajam, darbo kambariui ar prie\u0161kambariui. Eleganti\u0161kas dizainas ir prakti\u0161kumas suteiks j\u016bs\u0173 namams naujo spindesio ir funkcionalumo. Rinkit\u0117s kitus \u201eYamael\u201c kolekcijos baldus, kad sukurtum\u0117te darn\u0173 ir \u012fkvepiant\u012f interjer\u0105, atspindint\u012f j\u016bs\u0173 unikal\u0173 stili\u0173.<\/p>\n<p>Prek\u0117s kodas S570-KOM4D2S-GF\/DASN Simbolis ZM EAN Plotis 184 cm Gylis 42 cm Auk\u0161tis 93 cm Kolekcija Yamael Spalva grafito\/artisan \u0105\u017euolo Atspalvis grafito Stilius modernus Med\u017eiaga laminatas Dureli\u0173 skai\u010dius 4 dur\u0173 Stal\u010di\u0173 skai\u010dius 2 stal\u010diai Rankena be ranken\u0117li\u0173 Gamintojas Juoda Raudona Balta Baldo tipas Komodos PVM 23% EAN 5906123813648<\/p>","protected":false},"excerpt":{"rendered":"<p>\u201eYamael\u201c komoda \u2013 sukurkite \u012fkvepiant\u012f interjer\u0105. Jei svajojate sukurti erdv\u0119, kuri spinduliuot\u0173 elegancija ir funkcionalumu, \u201eYamael\u201c komoda yra puikus sprendimas. Ji derina puik\u0173 dizain\u0105 ir prakti\u0161kum\u0105, suteikdama j\u016bs\u0173 interjerui unikal\u0173 charakter\u012f. \u012esp\u016bding\u0173 184 x 93 x 42 cm matmen\u0173 \u0161i komoda [\u2026]<\/p>","protected":false},"featured_media":258598,"comment_status":"open","ping_status":"open","template":"","meta":[],"product_brand":[],"product_cat":[9200,1173],"product_tag":[],"class_list":{"0":"post-258597","1":"product","2":"type-product","3":"status-publish","4":"has-post-thumbnail","6":"product_cat-black-red-white","7":"product_cat-chests-of-drawers","9":"first","10":"instock","11":"purchasable","12":"product-type-simple"},"_links":{"self":[{"href":"https:\/\/baldumarket.lt\/lt\/wp-json\/wp\/v2\/product\/258597","targetHints":{"allow":["GET"]}}],"collection":[{"href":"https:\/\/baldumarket.lt\/lt\/wp-json\/wp\/v2\/product"}],"about":[{"href":"https:\/\/baldumarket.lt\/lt\/wp-json\/wp\/v2\/types\/product"}],"replies":[{"embeddable":true,"href":"https:\/\/baldumarket.lt\/lt\/wp-json\/wp\/v2\/comments?post=258597"}],"wp:featuredmedia":[{"embeddable":true,"href":"https:\/\/baldumarket.lt\/lt\/wp-json\/wp\/v2\/media\/258598"}],"wp:attachment":[{"href":"https:\/\/baldumarket.lt\/lt\/wp-json\/wp\/v2\/media?parent=258597"}],"wp:term":[{"taxonomy":"product_brand","embeddable":true,"href":"https:\/\/baldumarket.lt\/lt\/wp-json\/wp\/v2\/product_brand?post=258597"},{"taxonomy":"product_cat","embeddable":true,"href":"https:\/\/baldumarket.lt\/lt\/wp-json\/wp\/v2\/product_cat?post=258597"},{"taxonomy":"product_tag","embeddable":true,"href":"https:\/\/baldumarket.lt\/lt\/wp-json\/wp\/v2\/product_tag?post=258597"}],"curies":[{"name":"wp","href":"https:\/\/api.w.org\/{rel}","templated":true}]}}