{"id":258581,"date":"2026-01-13T22:30:53","date_gmt":"2026-01-13T19:30:53","guid":{"rendered":"https:\/\/baldumarket.lt\/product\/komoda-czterodrzwiowa-z-dwoma-szufladami-romance-186-cm-modrzew-sibiu-jasny-dab-sanremo-jasny\/"},"modified":"2026-02-11T18:30:04","modified_gmt":"2026-02-11T15:30:04","slug":"komoda-czterodrzwiowa-z-dwoma-szufladami-romance-186-cm-modrzew-sibiu-jasny-dab-sanremo-jasny","status":"publish","type":"product","link":"https:\/\/baldumarket.lt\/lt\/product\/komoda-czterodrzwiowa-z-dwoma-szufladami-romance-186-cm-modrzew-sibiu-jasny-dab-sanremo-jasny\/","title":{"rendered":"Keturi\u0173 dur\u0173 komoda su dviem stal\u010diais ROMANCE 186 cm \u0161viesus Sibiu maumedis\/\u0161viesus San Remo \u0105\u017euolas"},"content":{"rendered":"<p>\u201eRomance\u201c komoda \u2013 elegancijos ir funkcionalumo balansas. J\u016bs\u0173 svetain\u0117 yra vieta, kur elegancija dera su jaukumu, o funkcionalumas yra toks pat svarbus kaip ir stilius. \u012ekv\u0117pta skandinavi\u0161ko dizaino, \u201eRomance\u201c kolekcija suteiks j\u016bs\u0173 svetainei ne tik unikalaus charakterio, bet ir prakti\u0161k\u0173 sprendim\u0173. \u201eRomance\u201c komoda \u2013 tai baldas, kuris ne tik talpina \u012fvairius daiktus, bet ir tampa j\u016bs\u0173 interjero traukos centru. Du erdv\u016bs stal\u010diai ir keturios \u012fvairaus dyd\u017eio spintel\u0117s \u2013 tai sprendimai, kurie pad\u0117s jums palaikyti tvark\u0105 svetain\u0117je, laikant \u012fvairius daiktus. Ilgas komodos stal\u010dius yra puiki vieta eksponuoti dekoratyvinius daiktus ir \u0161eimos nuotraukas. \u201eRomance\u201c kolekcijos \u017eavesys slypi \u017eavingame \u0161viesi\u0173 Sibiu maumed\u017eio fasad\u0173 ir San Remo \u0105\u017euolu da\u017eyt\u0173 vir\u0161utini\u0173 ir apatini\u0173 kra\u0161t\u0173 derinyje. \u0160is derinys suteikia baldams lengvumo, kartu tvirtumo ir elegancijos. Fasad\u0173 r\u0117mai yra detal\u0117s, kurios pabr\u0117\u017eia kolekcijos charakter\u012f, primindamos tvirt\u0173 bald\u0173 i\u0161 \u0160iaur\u0117s Europos tradicijas. \u0160ie subtilumai paver\u010dia komod\u0105 ne tik prakti\u0161ku baldu, bet ir esteti\u0161ku interjero papildymu. Dizaineri\u0173 sukurti aksesuarai ir paprastos sidabrin\u0117s ranken\u0117l\u0117s u\u017etikrina lengv\u0105 prieig\u0105 prie didel\u0117s komodos turinio. Ergonomi\u0161ki sprendimai leid\u017eia ja naudotis patogiai ir intuityviai. Komoda \u201eRomance\u201c yra vienas i\u0161 daugelio kolekcijos element\u0173, kuri\u0105 taip pat sudaro komodos, knyg\u0173 lentynos, televizoriaus staliukai, lentynos ir veidrod\u017eiai. Sujunkite \u0161iuos elementus, kad sukurtum\u0117te darni\u0105 ir ergonomi\u0161k\u0105 svetain\u0119, kurioje funkcionalumas dera su elegancija. Tegul komoda \u201eRomance\u201c tampa j\u016bs\u0173 svetain\u0117s \u0161irdimi, suteikian\u010dia harmonijos, stiliaus ir tvarkos.<\/p>\n<p>Prek\u0117s kodas S331-KOM4D2S-MSJ\/DSAJ Simbolis ZM EAN Plotis 186 cm Gylis 45 cm Auk\u0161tis 99 cm Kolekcija Romance Spalva \u0161viesi Sibiu maumedis\/\u0161viesi San Remo \u0105\u017euolas Gaubtas \u0161viesi mediena Stilius modernus Med\u017eiaga laminatas Dureli\u0173 skai\u010dius 4 dur\u0173 Stal\u010di\u0173 skai\u010dius 2 stal\u010diai Rankena su rankenomis Gamintojas Juoda Raudona Balta Baldo tipas Komodos PVM 23% EAN 5906123925914<\/p>","protected":false},"excerpt":{"rendered":"<p>Romance Chest of Drawers &#8211; A Balance Between Elegance and Functionality. Your living room is a place where elegance meets coziness, and functionality is as important as style. Inspired by Scandinavian design, the Romance collection will bring not only a unique character to your living room but also practical solutions. The Romance Chest of Drawers [&hellip;]<\/p>","protected":false},"featured_media":258582,"comment_status":"open","ping_status":"open","template":"","meta":[],"product_brand":[],"product_cat":[9200,1173],"product_tag":[],"class_list":{"0":"post-258581","1":"product","2":"type-product","3":"status-publish","4":"has-post-thumbnail","6":"product_cat-black-red-white","7":"product_cat-chests-of-drawers","9":"first","10":"instock","11":"purchasable","12":"product-type-simple"},"_links":{"self":[{"href":"https:\/\/baldumarket.lt\/lt\/wp-json\/wp\/v2\/product\/258581","targetHints":{"allow":["GET"]}}],"collection":[{"href":"https:\/\/baldumarket.lt\/lt\/wp-json\/wp\/v2\/product"}],"about":[{"href":"https:\/\/baldumarket.lt\/lt\/wp-json\/wp\/v2\/types\/product"}],"replies":[{"embeddable":true,"href":"https:\/\/baldumarket.lt\/lt\/wp-json\/wp\/v2\/comments?post=258581"}],"wp:featuredmedia":[{"embeddable":true,"href":"https:\/\/baldumarket.lt\/lt\/wp-json\/wp\/v2\/media\/258582"}],"wp:attachment":[{"href":"https:\/\/baldumarket.lt\/lt\/wp-json\/wp\/v2\/media?parent=258581"}],"wp:term":[{"taxonomy":"product_brand","embeddable":true,"href":"https:\/\/baldumarket.lt\/lt\/wp-json\/wp\/v2\/product_brand?post=258581"},{"taxonomy":"product_cat","embeddable":true,"href":"https:\/\/baldumarket.lt\/lt\/wp-json\/wp\/v2\/product_cat?post=258581"},{"taxonomy":"product_tag","embeddable":true,"href":"https:\/\/baldumarket.lt\/lt\/wp-json\/wp\/v2\/product_tag?post=258581"}],"curies":[{"name":"wp","href":"https:\/\/api.w.org\/{rel}","templated":true}]}}