{"id":258573,"date":"2026-01-13T22:30:46","date_gmt":"2026-01-13T19:30:46","guid":{"rendered":"https:\/\/baldumarket.lt\/product\/komoda-czterodrzwiowa-larios-105-cm-dab-artisan-matera\/"},"modified":"2026-02-11T18:30:04","modified_gmt":"2026-02-11T15:30:04","slug":"komoda-czterodrzwiowa-larios-105-cm-dab-artisan-matera","status":"publish","type":"product","link":"https:\/\/baldumarket.lt\/lt\/product\/komoda-czterodrzwiowa-larios-105-cm-dab-artisan-matera\/","title":{"rendered":"LARIOS komoda su keturiomis durimis, 105 cm, dirbtinio \u0105\u017euolo spalva\/matera spalva"},"content":{"rendered":"<p>Larios komoda \u2013 modernus akcentas j\u016bs\u0173 namuose. Jei ie\u0161kote komodos, kuri ne tik patraukt\u0173 ak\u012f moderniu dizainu, bet ir b\u016bt\u0173 prakti\u0161kas j\u016bs\u0173 miegamojo, svetain\u0117s ar darbo kambario papildymas, verta apsvarstyti Larios komod\u0105. \u0160i 105 x 112 x 40 cm dyd\u017eio komoda atrodo i\u0161skirtinai patraukliai d\u0117l ry\u0161ki\u0173 spalv\u0173. Stalvir\u0161is ir r\u0117mai yra matin\u0117s baltos spalvos, o fasadai \u2013 stulbinan\u010diai blizg\u016bs. \u0160is kontrastas suteikia baldui modernumo ir puikiai tinka tiek ma\u017eiems, tiek erdviems kambariams. Komodos keturi\u0173 dureli\u0173 dizainas patraukia d\u0117mes\u012f minimalistiniu dizainu, o frezuoti fasadai, kurie atlieka ranken\u0173 funkcij\u0105, suteikia elegancijos ir originalumo. \u0160is baldas ne tik tarnauja kaip daikt\u0173 laikymo vieta, bet ir tampa intriguojan\u010diu interjero dizaino elementu. Erdvios lentynos komodos viduje \u2013 puikus sprendimas tiems, kurie vertina tvark\u0105 ir organizuotum\u0105. Joje galite laikyti drabu\u017eius, dokumentus ar kitus daiktus, juos pasl\u0117pti ir i\u0161laikyti estetin\u0119 tvark\u0105 kambaryje. Universalios \u2019Larios\u2019 komodos spalvos ir minimalistinis dizainas leid\u017eia j\u0105 lengvai derinti su \u012fvairiais aksesuarais ir interjero dizaino stiliais. Frezuoti fasadai atlieka ranken\u0173 funkcij\u0105, suteikia subtilumo ir puikiai papildo \u012fvairius aksesuarus. Komodos stal\u010dius suteikia puiki\u0105 viet\u0105 spalvingiems aksesuarams, kurie suteiks kambariui charakterio. Lempa, paveikslas, \u017eibintas su kvapnia \u017evake ar kelioniniai suvenyrai puikiai papildys modern\u0173 \u2019Larios\u201c komodos stili\u0173, sukurdami harmoning\u0105 visum\u0105. Rinkit\u0117s universal\u0173 ir \u012fvairiapus\u012f dizain\u0105, kuris ne tik prad\u017eiugins j\u016bs\u0173 sve\u010dius, bet ir pavers kasdien\u012f erdv\u0117s naudojim\u0105 malonumu. \u201eLarios\u201c komoda yra ne tik baldas; tai modernumo i\u0161rai\u0161ka j\u016bs\u0173 namuose.<\/p>\n<p>Prek\u0117s kodas S566-KOM4D-DASN\/MTA Simbolis ZM EAN Plotis 105 cm Gylis 40 cm Auk\u0161tis 112 cm Kolekcija Larios Spalva meni\u0161kas \u0105\u017euolas\/matera Gaubtas \u0161viesi mediena Stilius modernus Med\u017eiaga laminatas Dureli\u0173 skai\u010dius 4 dur\u0173 Stal\u010di\u0173 skai\u010dius be stal\u010di\u0173 Rankena be ranken\u0117li\u0173 Gamintojas Juoda Raudona Balta Baldo tipas Komodos PVM mokestis 23% EAN 5906123813464<\/p>","protected":false},"excerpt":{"rendered":"<p>Larios Chest of Drawers \u2013 A Modern Touch in Your Home. If you&#8217;re looking for a chest of drawers that will not only catch the eye with its modern design but also prove a practical addition to your bedroom, living room, or den, the Larios Chest of Drawers is worth considering. Measuring 105 x 112 [&hellip;]<\/p>","protected":false},"featured_media":258574,"comment_status":"open","ping_status":"open","template":"","meta":[],"product_brand":[],"product_cat":[9200,1173],"product_tag":[],"class_list":{"0":"post-258573","1":"product","2":"type-product","3":"status-publish","4":"has-post-thumbnail","6":"product_cat-black-red-white","7":"product_cat-chests-of-drawers","9":"first","10":"instock","11":"purchasable","12":"product-type-simple"},"_links":{"self":[{"href":"https:\/\/baldumarket.lt\/lt\/wp-json\/wp\/v2\/product\/258573","targetHints":{"allow":["GET"]}}],"collection":[{"href":"https:\/\/baldumarket.lt\/lt\/wp-json\/wp\/v2\/product"}],"about":[{"href":"https:\/\/baldumarket.lt\/lt\/wp-json\/wp\/v2\/types\/product"}],"replies":[{"embeddable":true,"href":"https:\/\/baldumarket.lt\/lt\/wp-json\/wp\/v2\/comments?post=258573"}],"wp:featuredmedia":[{"embeddable":true,"href":"https:\/\/baldumarket.lt\/lt\/wp-json\/wp\/v2\/media\/258574"}],"wp:attachment":[{"href":"https:\/\/baldumarket.lt\/lt\/wp-json\/wp\/v2\/media?parent=258573"}],"wp:term":[{"taxonomy":"product_brand","embeddable":true,"href":"https:\/\/baldumarket.lt\/lt\/wp-json\/wp\/v2\/product_brand?post=258573"},{"taxonomy":"product_cat","embeddable":true,"href":"https:\/\/baldumarket.lt\/lt\/wp-json\/wp\/v2\/product_cat?post=258573"},{"taxonomy":"product_tag","embeddable":true,"href":"https:\/\/baldumarket.lt\/lt\/wp-json\/wp\/v2\/product_tag?post=258573"}],"curies":[{"name":"wp","href":"https:\/\/api.w.org\/{rel}","templated":true}]}}