{"id":258538,"date":"2026-01-13T22:30:19","date_gmt":"2026-01-13T19:30:19","guid":{"rendered":"https:\/\/baldumarket.lt\/product\/komoda-czterodrzwiowa-kaspian-105-cm-bialy-bialy-matowy\/"},"modified":"2026-02-11T18:30:05","modified_gmt":"2026-02-11T15:30:05","slug":"komoda-czterodrzwiowa-kaspian-105-cm-bialy-bialy-matowy","status":"publish","type":"product","link":"https:\/\/baldumarket.lt\/lt\/product\/komoda-czterodrzwiowa-kaspian-105-cm-bialy-bialy-matowy\/","title":{"rendered":"KASPIAN komoda su keturiomis durimis, 105 cm, balta\/matin\u0117 balta"},"content":{"rendered":"<p>\u2019Kaspian\u201c komoda \u2013 galimybi\u0173 j\u016bra stilingame leidime. Moderni \u201eKaspian\u201c kolekcija derina paprast\u0105 dizain\u0105, funkcionalum\u0105 ir plat\u0173 spalv\u0173 pasirinkim\u0105, tod\u0117l \u201eKaspian\u201c baldai yra universalus sprendimas \u012fvairiems kambariams. \u201eKaspian\u201c komoda yra puikus \u0161io po\u017ei\u016brio pavyzdys, si\u016blantis daugyb\u0119 funkcini\u0173 sprendim\u0173 eleganti\u0161koje aplinkoje. Vienas svarbiausi\u0173 \u201eKaspian\u201c kolekcijos element\u0173 \u2013 fasadai be ranken\u0117li\u0173, kurie suteikia baldams modern\u0173 vaizd\u0105. \u0160is sprendimas ne tik pabr\u0117\u017eia minimalistin\u012f j\u0173 charakter\u012f, bet ir u\u017etikrina patog\u0173 naudojim\u0105. Fasad\u0173 atidarymas yra paprastas ir malonus, dar labiau pabr\u0117\u017eiant spintel\u0117s modernum\u0105. Unikali\u0105 \u201eKaspian\u201c komodos i\u0161vaizd\u0105 sukuria fanera, kuri puikiai atkartoja nat\u016bralios medienos ra\u0161t\u0105 ir tekst\u016br\u0105. Tai suteikia baldui unikal\u0173 charakter\u012f ir paver\u010dia j\u012f eleganti\u0161ku interjero dizaino elementu. Taip pat verta d\u0117mesio \u201eKaspian\u201c komodos konstrukcija. Subtiliai pastorinti spintel\u0117s \u0161onai ne tik sustiprina jos strukt\u016br\u0105, bet ir pabr\u0117\u017eia form\u0105, suteikdami jai tvirtumo ir i\u0161rai\u0161kingumo. Komodos vidus si\u016blo daugyb\u0119 galimybi\u0173. Keturios erdvios lentynos suteikia puiki\u0105 viet\u0105 \u012fvairiems daiktams \u2013 nuo \u200b\u200bknyg\u0173 iki dekoracij\u0173 ir kit\u0173 nieku\u010di\u0173. Jos leid\u017eia lengviau ir efektyviau palaikyti tvark\u0105 ir organizuotum\u0105 kambaryje. \u012evairi \u201eKaspian\u201c kolekcijos spalv\u0173 palet\u0117 yra pagrindinis jos universalumo elementas. D\u0117l plataus spalv\u0173 pasirinkimo baldus galite pritaikyti pagal savo interjero dizaino pageidavimus. Tai rei\u0161kia, kad galite projektuoti interjer\u0105 pagal savo pageidavimus, sukurdami suasmenint\u0105 erdv\u0119. \u201eKaspian\u201c komoda puikiai dera su kitais \u201eKaspian\u201c modulin\u0117s sistemos elementais, leisdama sukurti darn\u0173 vaizd\u0105 svetain\u0117je, miegamajame, darbo kambaryje ar valgomajame. \u012evairios kompozicijos leid\u017eia lanks\u010diai pritaikyti interjer\u0105 prie j\u016bs\u0173 poreiki\u0173 ir pageidavim\u0173. Trumpai tariant, \u201eKaspian\u201c komoda yra baldas, kuriame dera modernumas, funkcionalumas ir estetika. Unikalus dizainas, fasadai be ranken\u0117li\u0173, plati spalv\u0173 palet\u0117 ir daug vietos daiktams susid\u0117ti daro j\u0105 puikiu pasirinkimu tiems, kurie vertina stili\u0173 ir komfort\u0105 savo interjere. Su \u201eKaspian\u201c indauja galite sukurti suasmenintas ir eleganti\u0161kas erdves, kurios atspind\u0117t\u0173 j\u016bs\u0173 unikal\u0173 skon\u012f.<\/p>\n<p>Prek\u0117s kodas S128-KOM4D-BI\/BIM Simbolis ZM EAN Plotis 105 cm Gylis 40,5 cm Auk\u0161tis 112,5 cm Kolekcija Kaspian Spalva balta\/matin\u0117 balta Atspalvis baltas Stilius modernus Dureli\u0173 skai\u010dius 4 dur\u0173 Stal\u010di\u0173 skai\u010dius be stal\u010di\u0173 Rankena be ranken\u0117li\u0173 Gamintojas Juoda Raudona Balta Baldo tipas Komodos PVM 23% EAN 5906123883146<\/p>","protected":false},"excerpt":{"rendered":"<p>\u201eKaspian\u201c komoda \u2013 galimybi\u0173 j\u016bra stilingame leidime. Moderni \u201eKaspian\u201c kolekcija derina paprast\u0105 dizain\u0105, funkcionalum\u0105 ir plat\u0173 spalv\u0173 pasirinkim\u0105, tod\u0117l \u201eKaspian\u201c baldai yra universalus sprendimas \u012fvairiems kambariams. \u201eKaspian\u201c komoda yra puikus \u0161io po\u017ei\u016brio pavyzdys, si\u016blanti daugyb\u0119 [\u2026]<\/p>","protected":false},"featured_media":258539,"comment_status":"open","ping_status":"open","template":"","meta":[],"product_brand":[],"product_cat":[9200,1173],"product_tag":[],"class_list":{"0":"post-258538","1":"product","2":"type-product","3":"status-publish","4":"has-post-thumbnail","6":"product_cat-black-red-white","7":"product_cat-chests-of-drawers","9":"first","10":"instock","11":"purchasable","12":"product-type-simple"},"_links":{"self":[{"href":"https:\/\/baldumarket.lt\/lt\/wp-json\/wp\/v2\/product\/258538","targetHints":{"allow":["GET"]}}],"collection":[{"href":"https:\/\/baldumarket.lt\/lt\/wp-json\/wp\/v2\/product"}],"about":[{"href":"https:\/\/baldumarket.lt\/lt\/wp-json\/wp\/v2\/types\/product"}],"replies":[{"embeddable":true,"href":"https:\/\/baldumarket.lt\/lt\/wp-json\/wp\/v2\/comments?post=258538"}],"wp:featuredmedia":[{"embeddable":true,"href":"https:\/\/baldumarket.lt\/lt\/wp-json\/wp\/v2\/media\/258539"}],"wp:attachment":[{"href":"https:\/\/baldumarket.lt\/lt\/wp-json\/wp\/v2\/media?parent=258538"}],"wp:term":[{"taxonomy":"product_brand","embeddable":true,"href":"https:\/\/baldumarket.lt\/lt\/wp-json\/wp\/v2\/product_brand?post=258538"},{"taxonomy":"product_cat","embeddable":true,"href":"https:\/\/baldumarket.lt\/lt\/wp-json\/wp\/v2\/product_cat?post=258538"},{"taxonomy":"product_tag","embeddable":true,"href":"https:\/\/baldumarket.lt\/lt\/wp-json\/wp\/v2\/product_tag?post=258538"}],"curies":[{"name":"wp","href":"https:\/\/api.w.org\/{rel}","templated":true}]}}