{"id":258530,"date":"2026-01-13T22:30:13","date_gmt":"2026-01-13T19:30:13","guid":{"rendered":"https:\/\/baldumarket.lt\/product\/komoda-czterodrzwiowa-balder-104-cm-dab-riviera-bialy-polysk\/"},"modified":"2026-02-11T18:30:05","modified_gmt":"2026-02-11T15:30:05","slug":"komoda-czterodrzwiowa-balder-104-cm-dab-riviera-bialy-polysk","status":"publish","type":"product","link":"https:\/\/baldumarket.lt\/lt\/product\/komoda-czterodrzwiowa-balder-104-cm-dab-riviera-bialy-polysk\/","title":{"rendered":"BALDER komoda su keturiomis durimis, 104 cm, Riviera \u0105\u017euolas\/blizgi balta"},"content":{"rendered":"<p>\u201eBalder\u201c spintel\u0117 \u201eBalder\u201c spintel\u0117 \u2013 tai modernus sprendimas tiems, kurie savo interjere ie\u0161ko paprastumo ir funkcionalumo, ypa\u010d darbo kambaryje ar valgomajame. Keturi\u0173 dur\u0173 \u201eBalder\u201c komoda si\u016blo daug vietos didesniems daiktams susid\u0117ti. Keturi tvirti fasadai slepia prakti\u0161kas lentynas, idealiai tinkan\u010dias dokumentams ar kitiems b\u016btiniausiems daiktams laikyti. \u201eBalder\u201c kolekcijai b\u016bdingos geometrin\u0117s linijos ir dizainas, pary\u0161kinti dr\u0105siomis lentjuost\u0117mis. \u0160ilto \u201eRiviera\u201c \u0105\u017euolo atspalvio ir neutralaus balto blizgesio derinys sukuria universal\u0173 pagrind\u0105, puikiai tinkant\u012f dekoratyvioms erdv\u0117ms i\u0161d\u0117styti. Dizaineri\u0173 sukurti aksesuarai ir paprastos ranken\u0117l\u0117s u\u017etikrina patog\u0173 naudojim\u0105. Galimyb\u0117 derinti \u201eBalder\u201c spintel\u0119 su kitais kolekcijos elementais leid\u017eia sukurti darn\u0173 interjero dizain\u0105 svetain\u0117je, miegamajame ar jaunimo kambaryje, panaudojant \u012fvairius modulius lanks\u010diam bald\u0173 i\u0161d\u0117stymui.<\/p>\n<p>Prek\u0117s kodas S382-KOM4D-DRI\/BIP Simbolis ZM EAN Plotis 104 cm Gylis 39 cm Auk\u0161tis 99 cm Kolekcija Balder Spalva Rivjeros \u0105\u017euolas\/blizgi balta Atspalvis \u0161viesus medis Stilius modernus Med\u017eiaga laminatas Dureli\u0173 skai\u010dius 4 dur\u0173 Stal\u010di\u0173 skai\u010dius be stal\u010di\u0173 Rankena su rankenomis Gamintojas Juoda Raudona Balta Baldo tipas Komodos PVM 23% EAN 5906123928076<\/p>","protected":false},"excerpt":{"rendered":"<p>Balder CabinetThe Balder cabinet is a modern solution for those seeking simplicity and functionality in their interiors, especially in a study or dining room. The four-door Balder chest of drawers offers ample storage space for larger items. Its four solid fronts conceal practical shelves, ideal for storing documents or other essentials. Geometric lines and design, [&hellip;]<\/p>","protected":false},"featured_media":258531,"comment_status":"open","ping_status":"open","template":"","meta":[],"product_brand":[],"product_cat":[9200,1173],"product_tag":[],"class_list":{"0":"post-258530","1":"product","2":"type-product","3":"status-publish","4":"has-post-thumbnail","6":"product_cat-black-red-white","7":"product_cat-chests-of-drawers","9":"first","10":"instock","11":"purchasable","12":"product-type-simple"},"_links":{"self":[{"href":"https:\/\/baldumarket.lt\/lt\/wp-json\/wp\/v2\/product\/258530","targetHints":{"allow":["GET"]}}],"collection":[{"href":"https:\/\/baldumarket.lt\/lt\/wp-json\/wp\/v2\/product"}],"about":[{"href":"https:\/\/baldumarket.lt\/lt\/wp-json\/wp\/v2\/types\/product"}],"replies":[{"embeddable":true,"href":"https:\/\/baldumarket.lt\/lt\/wp-json\/wp\/v2\/comments?post=258530"}],"wp:featuredmedia":[{"embeddable":true,"href":"https:\/\/baldumarket.lt\/lt\/wp-json\/wp\/v2\/media\/258531"}],"wp:attachment":[{"href":"https:\/\/baldumarket.lt\/lt\/wp-json\/wp\/v2\/media?parent=258530"}],"wp:term":[{"taxonomy":"product_brand","embeddable":true,"href":"https:\/\/baldumarket.lt\/lt\/wp-json\/wp\/v2\/product_brand?post=258530"},{"taxonomy":"product_cat","embeddable":true,"href":"https:\/\/baldumarket.lt\/lt\/wp-json\/wp\/v2\/product_cat?post=258530"},{"taxonomy":"product_tag","embeddable":true,"href":"https:\/\/baldumarket.lt\/lt\/wp-json\/wp\/v2\/product_tag?post=258530"}],"curies":[{"name":"wp","href":"https:\/\/api.w.org\/{rel}","templated":true}]}}