{"id":258522,"date":"2026-01-13T22:30:07","date_gmt":"2026-01-13T19:30:07","guid":{"rendered":"https:\/\/baldumarket.lt\/product\/komada-dwudrzwiowa-romance-93-cm-modrzew-sibiu-jasny-dab-sanremo-jasny\/"},"modified":"2026-02-11T18:30:05","modified_gmt":"2026-02-11T15:30:05","slug":"komada-dwudrzwiowa-romance-93-cm-modrzew-sibiu-jasny-dab-sanremo-jasny","status":"publish","type":"product","link":"https:\/\/baldumarket.lt\/lt\/product\/komada-dwudrzwiowa-romance-93-cm-modrzew-sibiu-jasny-dab-sanremo-jasny\/","title":{"rendered":"ROMANCE dviej\u0173 dur\u0173 komoda, 93 cm, \u0161viesus Sibiu maumedis\/\u0161viesus San Remo \u0105\u017euolas"},"content":{"rendered":"<p>Komoda \u201eRomance\u201c \u2013 paprasta elegancija kompakti\u0161kame dizaine. J\u016bs\u0173 svetain\u0117 \u2013 tai erdv\u0117, kurioje elegancija dera su jaukumu, ir kiekvienas elementas svarbus. Skandinavi\u0161ko dizaino \u012fkv\u0117pta kolekcija \u201eRomance\u201c \u012f j\u016bs\u0173 svetain\u0119 \u012fne\u0161 ne tik stiliaus, bet ir funkcionalumo. Spintel\u0117 \u201eRomance\u201c si\u016blo kompakti\u0161k\u0105 daikt\u0173 laikym\u0105, kuris puikiai papildys j\u016bs\u0173 erdv\u0117s dizain\u0105. Paprasta spintel\u0117s forma slepia prakti\u0161kum\u0105, leisdama laikyti \u012fvairius aksesuarus. U\u017e dviej\u0173 fasad\u0173 galite pasl\u0117pti daiktus, kuriuos norite visada tur\u0117ti po ranka, tuo pa\u010diu palaikydami tvark\u0105 svetain\u0117je. Kolekcija \u201eRomance\u201c i\u0161siskiria \u017eaviu \u0161viesi\u0173 Sibiu maumed\u017eio fasad\u0173 ir San Remo \u0105\u017euolu da\u017eyt\u0173 vir\u0161utini\u0173 bei apatini\u0173 kra\u0161t\u0173 deriniu. \u0160is derinys suteikia baldams lengvumo poj\u016bt\u012f, kartu suteikdamas charakterio ir elegancijos. Fasad\u0173 r\u0117meliai \u2013 tai detal\u0117s, pabr\u0117\u017eian\u010dios kolekcijos tvirtum\u0105, atkartojan\u010dios \u0160iaur\u0117s Europos bald\u0173 tradicijas. \u0160ie subtilumai paver\u010dia spintel\u0119 ne tik prakti\u0161ku baldu, bet ir esteti\u0161ku interjero papildymu. Firminiai aksesuarai ir paprastos sidabrin\u0117s ranken\u0117l\u0117s suteikia lengv\u0105 prieig\u0105 prie dvidur\u0117s spintel\u0117s turinio. Ergonomi\u0161ki sprendimai leid\u017eia ja naudotis patogiai ir intuityviai. \u201eRomance\u201c spintel\u0117 yra vienas i\u0161 daugelio kolekcijos element\u0173, \u012f kuri\u0105 taip pat \u012feina komodos, knyg\u0173 lentynos, televizoriaus staliukai, lentynos ir veidrod\u017eiai. Sujunkite \u0161iuos elementus, kad sukurtum\u0117te darni\u0105 ir ergonomi\u0161k\u0105 svetain\u0119, kurioje funkcionalumas dera su elegancija. Tegul \u201eRomance\u201c spintel\u0117 tampa neatsiejama j\u016bs\u0173 svetain\u0117s dalimi, suteikian\u010dia harmonijos, stiliaus ir tvarkos.<\/p>\n<p>Prek\u0117s kodas S331-KOM2D-MSJ\/DSAJ Simbolis ZM EAN Plotis 93 cm Gylis 45 cm Auk\u0161tis 99 cm Kolekcija Romance Spalva \u0161viesi Sibiu maumedis\/\u0161viesi San Remo \u0105\u017euolas Gaubtas \u0161viesi mediena Stilius modernus Med\u017eiaga laminatas Dureli\u0173 skai\u010dius 2 dur\u0173 Stal\u010di\u0173 skai\u010dius be stal\u010di\u0173 Rankena su rankenomis Gamintojas Juoda Raudona Balta Baldo tipas Komodos PVM 23% EAN 5906123925877<\/p>","protected":false},"excerpt":{"rendered":"<p>Romance Chest of Drawers &#8211; Simple Elegance in a Compact Design. Your living room is a space where elegance meets coziness, and every element matters. The Romance collection, inspired by Scandinavian design, will bring not only style but also functionality to your living room. The Romance cabinet offers compact storage that will perfectly complement the [&hellip;]<\/p>","protected":false},"featured_media":258523,"comment_status":"open","ping_status":"open","template":"","meta":[],"product_brand":[],"product_cat":[9200,1173],"product_tag":[],"class_list":{"0":"post-258522","1":"product","2":"type-product","3":"status-publish","4":"has-post-thumbnail","6":"product_cat-black-red-white","7":"product_cat-chests-of-drawers","9":"first","10":"instock","11":"purchasable","12":"product-type-simple"},"_links":{"self":[{"href":"https:\/\/baldumarket.lt\/lt\/wp-json\/wp\/v2\/product\/258522","targetHints":{"allow":["GET"]}}],"collection":[{"href":"https:\/\/baldumarket.lt\/lt\/wp-json\/wp\/v2\/product"}],"about":[{"href":"https:\/\/baldumarket.lt\/lt\/wp-json\/wp\/v2\/types\/product"}],"replies":[{"embeddable":true,"href":"https:\/\/baldumarket.lt\/lt\/wp-json\/wp\/v2\/comments?post=258522"}],"wp:featuredmedia":[{"embeddable":true,"href":"https:\/\/baldumarket.lt\/lt\/wp-json\/wp\/v2\/media\/258523"}],"wp:attachment":[{"href":"https:\/\/baldumarket.lt\/lt\/wp-json\/wp\/v2\/media?parent=258522"}],"wp:term":[{"taxonomy":"product_brand","embeddable":true,"href":"https:\/\/baldumarket.lt\/lt\/wp-json\/wp\/v2\/product_brand?post=258522"},{"taxonomy":"product_cat","embeddable":true,"href":"https:\/\/baldumarket.lt\/lt\/wp-json\/wp\/v2\/product_cat?post=258522"},{"taxonomy":"product_tag","embeddable":true,"href":"https:\/\/baldumarket.lt\/lt\/wp-json\/wp\/v2\/product_tag?post=258522"}],"curies":[{"name":"wp","href":"https:\/\/api.w.org\/{rel}","templated":true}]}}