{"id":258492,"date":"2026-01-13T22:29:39","date_gmt":"2026-01-13T19:29:39","guid":{"rendered":"https:\/\/baldumarket.lt\/product\/fotel-kubelkowy-orion-welurowy-granatowy\/"},"modified":"2026-02-11T18:30:05","modified_gmt":"2026-02-11T15:30:05","slug":"fotel-kubelkowy-orion-welurowy-granatowy","status":"publish","type":"product","link":"https:\/\/baldumarket.lt\/lt\/product\/fotel-kubelkowy-orion-welurowy-granatowy\/","title":{"rendered":"Orion kibirinis fotelis, tamsiai m\u0117lynas aksomas"},"content":{"rendered":"<p>ORION fotelis \u2013 rinkit\u0117s universalum\u0105. ORION fotelis \u2013 tai kruop\u0161\u010diai suprojektuotas baldas, puikiai tinkantis \u012fvairiems interjerams, pavyzd\u017eiui, jaunimo kambariui, miegamajam ar svetainei. D\u0117l kompakti\u0161k\u0173 matmen\u0173 ir universalumo jis puikiai tinka ma\u017eesn\u0117ms erdv\u0117ms, kuriose svarbus kiekvienas centimetras, sutvarkyti. D\u0117l gerai apgalvoto dizaino ORION fotelis u\u017etikrina maksimal\u0173 komfort\u0105, u\u017eimdamas minimaliai vietos. Patogumas ir funkcionalumas. Siauri ORION kibirinio fotelio porankiai yra idealus sprendimas tiems, kurie vertina efektyv\u0173 erdv\u0117s valdym\u0105. D\u0117l savo plono dizaino baldas neu\u017eima daug vietos, tod\u0117l galima pastatyti papildom\u0105 kavos staliuk\u0105 ar komod\u0105 neprarandant komforto. Fiksuotas, gerai i\u0161lenktas atlo\u0161as garantuoja komfort\u0105 ir stabilum\u0105, tod\u0117l tai idealus pasirinkimas tiek kasdieniam poilsiui, tiek retkar\u010diais vykstantiems susitikimams. Mobilumas ir lankstumas. Vienas did\u017eiausi\u0173 ORION fotelio privalum\u0173 yra jo lengvumas ir patogus perkeliamumas. Galite lengvai reguliuoti jo pad\u0117t\u012f pagal savo poreikius \u2013 nesvarbu, ar tai b\u016bt\u0173 stalo \u017eaidim\u0173 vakaras su draugais, ar poilsis terasoje su puodeliu kavos. Nepriklausomai nuo progos, ORION fotelis suteikia patogi\u0105 papildom\u0105 s\u0117d\u0117jimo viet\u0105, idealiai tinkan\u010di\u0105 dinami\u0161kam interjero dizainui. Naudokite komercin\u0117se patalpose. ORION fotelio universalumas daro j\u012f puikiu pasirinkimu aptarnavimo ir prekybos patalpoms. Tai puikus pasirinkimas laukiamiesiems, kirpykloms ir gro\u017eio salonams, kur funkcionalumas dera su estetika. D\u0117l \u201eVelluto 25\u201c aksominio audinio ORION fotelis suteikia interjerui eleganti\u0161k\u0105, ta\u010diau jauk\u0173 akcent\u0105, pritraukia d\u0117mes\u012f ir kvie\u010dia atsipalaiduoti. Santrauka: ORION fotelis yra universalumo, funkcionalumo ir patogumo sinonimas, puikiai tinkantis \u012fvairioms erdv\u0117ms, tiek priva\u010dioms, tiek komercin\u0117ms. Kompakti\u0161ki matmenys, lengvumas ir eleganti\u0161ka i\u0161vaizda daro j\u012f idealiu baldu \u012fvairiapusi\u0161kam interjerui.<\/p>\n<p>Prek\u0117s kodas FL-FO-ORION-II-ES-G2-VELLUTO_25 Plotis 65 cm Gylis 65 cm S\u0117dyn\u0117s gylis 52 cm Auk\u0161tis 76 cm S\u0117dyn\u0117s auk\u0161tis 47 cm Kolekcija Orion Spalva Velluto 25 Atspalvis tamsiai m\u0117lyna Stilius modernus Med\u017eiaga aksominis Miegamoji funkcija be miegojimo funkcijos Daiktad\u0117\u017e\u0117 be daiktad\u0117\u017e\u0117s Atsipalaidavimo funkcija be atsipalaidavimo funkcijos Reguliuojamas atlo\u0161as: ne Galvos atrama be galvos atramos U\u017epildas: poliuretano putos Gamintojas: juoda Raudona Balta Bald\u0173 tipas: foteliai PVM 23% EAN 5906123041652<\/p>","protected":false},"excerpt":{"rendered":"<p>The ORION Armchair \u2013 Choose Versatility. The ORION Armchair is a carefully designed piece of furniture that fits perfectly into a variety of interiors, such as a youth room, bedroom, or living room. Its compact dimensions and versatility make it perfect for arranging smaller spaces where every centimeter counts. Thanks to its well-thought-out design, the [&hellip;]<\/p>","protected":false},"featured_media":258493,"comment_status":"open","ping_status":"open","template":"","meta":[],"product_brand":[],"product_cat":[9200,634],"product_tag":[],"class_list":{"0":"post-258492","1":"product","2":"type-product","3":"status-publish","4":"has-post-thumbnail","6":"product_cat-black-red-white","7":"product_cat-armchairs","9":"first","10":"instock","11":"purchasable","12":"product-type-simple"},"_links":{"self":[{"href":"https:\/\/baldumarket.lt\/lt\/wp-json\/wp\/v2\/product\/258492","targetHints":{"allow":["GET"]}}],"collection":[{"href":"https:\/\/baldumarket.lt\/lt\/wp-json\/wp\/v2\/product"}],"about":[{"href":"https:\/\/baldumarket.lt\/lt\/wp-json\/wp\/v2\/types\/product"}],"replies":[{"embeddable":true,"href":"https:\/\/baldumarket.lt\/lt\/wp-json\/wp\/v2\/comments?post=258492"}],"wp:featuredmedia":[{"embeddable":true,"href":"https:\/\/baldumarket.lt\/lt\/wp-json\/wp\/v2\/media\/258493"}],"wp:attachment":[{"href":"https:\/\/baldumarket.lt\/lt\/wp-json\/wp\/v2\/media?parent=258492"}],"wp:term":[{"taxonomy":"product_brand","embeddable":true,"href":"https:\/\/baldumarket.lt\/lt\/wp-json\/wp\/v2\/product_brand?post=258492"},{"taxonomy":"product_cat","embeddable":true,"href":"https:\/\/baldumarket.lt\/lt\/wp-json\/wp\/v2\/product_cat?post=258492"},{"taxonomy":"product_tag","embeddable":true,"href":"https:\/\/baldumarket.lt\/lt\/wp-json\/wp\/v2\/product_tag?post=258492"}],"curies":[{"name":"wp","href":"https:\/\/api.w.org\/{rel}","templated":true}]}}