{"id":258480,"date":"2026-01-13T22:29:30","date_gmt":"2026-01-13T19:29:30","guid":{"rendered":"https:\/\/baldumarket.lt\/product\/fotel-kubelkowy-orion-szary\/"},"modified":"2026-02-11T18:30:06","modified_gmt":"2026-02-11T15:30:06","slug":"fotel-kubelkowy-orion-szary","status":"publish","type":"product","link":"https:\/\/baldumarket.lt\/lt\/product\/fotel-kubelkowy-orion-szary\/","title":{"rendered":"Orion sportin\u0117 s\u0117dyn\u0117, pilka"},"content":{"rendered":"<p>ORION fotelis \u2013 rinkit\u0117s universalum\u0105. ORION fotelis yra kompakti\u0161kas, gerai profiliuotas baldas, puikiai tinkantis \u012fvairiems kambariams, pavyzd\u017eiui, paauglio kambariui, miegamajam ar svetainei. D\u0117l savo universalumo ir ma\u017eo dyd\u017eio jis yra puikus sprendimas ma\u017eoms erdv\u0117ms, kuriose svarbus kiekvienas centimetras, sutvarkyti. D\u0117l prakti\u0161ko dizaino ir funkcionalumo jis tinka \u012fvairiems tikslams, prisitaikydamas prie j\u016bs\u0173 poreiki\u0173. Kompakti\u0161kas ir funkcionalus ORION kibiro formos fotelis buvo sukurtas galvojant apie vietos taupym\u0105, k\u0105 \u012frodo siauri porankiai. Tai leid\u017eia foteliui u\u017eimti ma\u017eiau vietos, suteikiant papildomos vietos kavos staliukui, komodai ar kitiems baldams. Nepaisant kompakti\u0161k\u0173 matmen\u0173, baldas turi stabil\u0173 atlo\u0161\u0105, u\u017etikrinant\u012f patog\u0173 naudojim\u0105 ilgas valandas. Naudojimo paprastumas: vienas i\u0161 pagrindini\u0173 ORION fotelio privalum\u0173 yra lengva konstrukcija, tod\u0117l j\u012f lengva perkelti ir pritaikyti prie j\u016bs\u0173 poreiki\u0173. Nesvarbu, ar planuojate stalo \u017eaidim\u0173 vakar\u0105 svetain\u0117je, ar m\u0117gaujat\u0117s kava terasoje, \u0161is fotelis yra puikus sprendimas, suteikiantis papildom\u0173 s\u0117dim\u0173 viet\u0173 bet kurioje nam\u0173 vietoje. D\u0117l savo mobilumo tai itin prakti\u0161kas baldas, kur\u012f galima lengvai perkelti ir pritaikyti prie j\u016bs\u0173 interjero dizaino. Universalus \u012fvairiose erdv\u0117se. D\u0117l savo eleganti\u0161ko paprastumo ir funkcionalumo jis idealiai tinka ne tik nam\u0173 interjerui, bet ir komercin\u0117ms bei ma\u017emenin\u0117s prekybos erdv\u0117ms. D\u0117l eleganti\u0161ko paprastumo ir funkcionalumo jis idealiai tinka laukiamiesiems, kirpykloms ir gro\u017eio salonams. Jo buvimas tokiose erdv\u0117se sukuria jauki\u0105 atmosfer\u0105 ir tuo pa\u010diu pagerina interjero funkcionalum\u0105. Santrauka: ORION fotelis yra baldas, kuriame derinamas universalumas, funkcionalumas ir kompakti\u0161kas dizainas. Puikiai tinka ma\u017eoms erdv\u0117ms, jis idealiai tinka tiek nam\u0173 interjerui, tiek komercin\u0117ms erdv\u0117ms. Lengvas dizainas leid\u017eia j\u012f lengvai pritaikyti prie esam\u0173 poreiki\u0173, o \u201eEnjoy New 21\u201c audinys suteikia jam modern\u0173 ir sveting\u0105 vaizd\u0105.<\/p>\n<p>Prek\u0117s kodas FL-FO-ORION-II-ES-G2-ENJOY_NEW_21 Plotis 65 cm Gylis 65 cm S\u0117dyn\u0117s gylis 52 cm Auk\u0161tis 76 cm S\u0117dyn\u0117s auk\u0161tis 47 cm Kolekcija Orion Spalva Enjoy New 21 Atspalvis pilka Stilius modernus Med\u017eiaga aksominis Miegamoji funkcija be miegojimo funkcijos Daiktad\u0117\u017e\u0117 be daiktad\u0117\u017e\u0117s Atsipalaidavimo funkcija be atsipalaidavimo funkcijos Reguliuojamas atlo\u0161as: ne Galvos atrama be galvos atramos U\u017epildas: poliuretano putos Gamintojas: juoda Raudona Balta Bald\u0173 tipas: foteliai PVM mokestis 23% EAN 5906123041614<\/p>","protected":false},"excerpt":{"rendered":"<p>ORION fotelis \u2013 rinkit\u0117s universalum\u0105. ORION fotelis yra kompakti\u0161kas, gerai profiliuotas baldas, puikiai tinkantis \u012fvairiems kambariams, pavyzd\u017eiui, paauglio kambariui, miegamajam ar svetainei. D\u0117l savo universalumo ir ma\u017eo dyd\u017eio jis yra puikus sprendimas ma\u017eoms erdv\u0117ms, kuriose svarbus kiekvienas centimetras, sutvarkyti. D\u0117l prakti\u0161ko dizaino ir funkcionalumo [\u2026]<\/p>","protected":false},"featured_media":258485,"comment_status":"open","ping_status":"closed","template":"","meta":[],"product_brand":[],"product_cat":[9200,634],"product_tag":[],"class_list":{"0":"post-258480","1":"product","2":"type-product","3":"status-publish","4":"has-post-thumbnail","6":"product_cat-black-red-white","7":"product_cat-armchairs","9":"first","10":"instock","11":"purchasable","12":"product-type-simple"},"_links":{"self":[{"href":"https:\/\/baldumarket.lt\/lt\/wp-json\/wp\/v2\/product\/258480","targetHints":{"allow":["GET"]}}],"collection":[{"href":"https:\/\/baldumarket.lt\/lt\/wp-json\/wp\/v2\/product"}],"about":[{"href":"https:\/\/baldumarket.lt\/lt\/wp-json\/wp\/v2\/types\/product"}],"replies":[{"embeddable":true,"href":"https:\/\/baldumarket.lt\/lt\/wp-json\/wp\/v2\/comments?post=258480"}],"wp:featuredmedia":[{"embeddable":true,"href":"https:\/\/baldumarket.lt\/lt\/wp-json\/wp\/v2\/media\/258485"}],"wp:attachment":[{"href":"https:\/\/baldumarket.lt\/lt\/wp-json\/wp\/v2\/media?parent=258480"}],"wp:term":[{"taxonomy":"product_brand","embeddable":true,"href":"https:\/\/baldumarket.lt\/lt\/wp-json\/wp\/v2\/product_brand?post=258480"},{"taxonomy":"product_cat","embeddable":true,"href":"https:\/\/baldumarket.lt\/lt\/wp-json\/wp\/v2\/product_cat?post=258480"},{"taxonomy":"product_tag","embeddable":true,"href":"https:\/\/baldumarket.lt\/lt\/wp-json\/wp\/v2\/product_tag?post=258480"}],"curies":[{"name":"wp","href":"https:\/\/api.w.org\/{rel}","templated":true}]}}