{"id":258456,"date":"2026-01-13T22:29:12","date_gmt":"2026-01-13T19:29:12","guid":{"rendered":"https:\/\/baldumarket.lt\/product\/fotel-kominkowy-uszak-samon-zielony\/"},"modified":"2026-02-11T18:30:06","modified_gmt":"2026-02-11T15:30:06","slug":"fotel-kominkowy-uszak-samon-zielony","status":"publish","type":"product","link":"https:\/\/baldumarket.lt\/lt\/product\/fotel-kominkowy-uszak-samon-zielony\/","title":{"rendered":"SAMON sparnuotas \u017eidinio fotelis, \u017ealias"},"content":{"rendered":"<p>\u201cSamon\u201c kr\u0117slas su atlo\u0161u \u2013 patogus ir stilingas pasirinkimas j\u016bs\u0173 interjerui. \u201dSamon\u201c kr\u0117slas \u2013 puikus pasirinkimas tiems, kurie vertina komfort\u0105, funkcionalum\u0105 ir stiling\u0105 dizain\u0105. Jis puikiai tiks modernioje svetain\u0117je, klasikinio stiliaus biure ar jaukiame miegamajame. D\u0117l nesenstan\u010dios formos ir kruop\u0161\u010diai parinkt\u0173 detali\u0173 \u0161is baldas taps ak\u012f traukian\u010diu bet kokio interjero akcentu. Patogumas ir funkcionalumas: \u201eSamon\u201c kr\u0117slas u\u017etikrina didel\u012f naudojimo komfort\u0105 d\u0117l gilios s\u0117dyn\u0117s ir ergonomi\u0161kos atlo\u0161o su b\u016bdingomis \u201eausel\u0117mis\u201c. Mink\u0161tas aksominis apmu\u0161alas kiekvien\u0105 atsipalaidavimo akimirk\u0105 paver\u010dia malonesne, o subtilus si\u016bli\u0173 si\u016bl\u0117s sustiprina med\u017eiag\u0105 ir suteikia foteliui charakterio. Su atlo\u0161u integruoti porankiai suteikia patogi\u0105 atram\u0105 rankoms ir skatina atsipalaidavim\u0105. Prakti\u0161ki sprendimai: D\u0117l auk\u0161t\u0173 metalini\u0173 kojeli\u0173 fotelis \u012fgauna ne tik moderni\u0105 i\u0161vaizd\u0105, bet ir prakti\u0161kum\u0105 \u2013 po baldais lengva palaikyti tvark\u0105. \u201eBluvel 78\u201c aksominis audinys yra malonus liesti ir lengvai pri\u017ei\u016brimas, tod\u0117l fotelis yra patvarus ir patogus kasdieniam naudojimui. Dizainas ir stilius: I\u0161siskiria \u201eSamon\u201c fotelis. Eleganti\u0161ka, atlo\u0161\u0105 primenanti forma, kuriai modern\u0173 charakter\u012f suteikia lieknos, juodos kojel\u0117s ir ry\u0161kus apmu\u0161alas. \u017dalias \u201eBluvel 78\u201c audinio atspalvis suteikia interjerui \u0161ilumos, energijos ir optimizmo, sukurdamas \u012fdom\u0173 spalv\u0173 akcent\u0105, kuris patraukia d\u0117mes\u012f ir pagyvina i\u0161d\u0117stym\u0105. Specialios savyb\u0117s: Matmenys: 73 x 80 x 95 cm (plotis x gylis x auk\u0161tis). Apmu\u0161alai: \u201eBluvel 78\u201c aksominis audinys \u2013 mink\u0161tas, eleganti\u0161kas ir lengvai pri\u017ei\u016brimas. Auk\u0161tos metalin\u0117s kojel\u0117s \u2013 moderni i\u0161vaizda ir lengva konstrukcija. Ergonomi\u0161kas atlo\u0161as su ausyt\u0117mis \u2013 i\u0161skirtin\u0117 atlo\u0161o forma. Integruotas. Porankiai \u2013 patogi atrama rankai. Dekoratyvin\u0117s si\u016bl\u0117s \u2013 papildomas vizualinis akcentas ir sutvirtintas apmu\u0161alas. Santrauka: \u201eSamon\u201c kr\u0117slas \u2013 tai tobulas elegancijos ir komforto derinys. D\u0117l klasikin\u0117s atlo\u0161o formos, moderni\u0173 detali\u0173 ir mink\u0161to aksominio apmu\u0161alo jis puikiai papildys \u012fvairius interjero stilius, suteiks atsipalaidavim\u0105 ir esteti\u0161kai papildys i\u0161d\u0117stym\u0105.<\/p>\n<p>Prek\u0117s kodas FL-FO-SAMON-ES-G2-BLUVEL_78 Plotis 73 cm Gylis 80 cm S\u0117dyn\u0117s gylis 51 cm Auk\u0161tis 95 cm S\u0117dyn\u0117s auk\u0161tis 48,5 cm Kolekcija Samon Spalva Bluvel 78 \u017dalia atspalvis Skandinavi\u0161ko stiliaus Med\u017eiaga aksomas Miegamoji funkcija be miegojimo funkcijos Daiktad\u0117\u017e\u0117 be daiktad\u0117\u017e\u0117s Atsipalaidavimo funkcija be atsipalaidavimo funkcijos Reguliuojamas atlo\u0161as: ne Galvos atrama be galvos atramos U\u017epildas: profiliuotas putplastis Gamintojas: juoda raudona balta Bald\u0173 tipas: foteliai PVM mokestis 23%<\/p>","protected":false},"excerpt":{"rendered":"<p>\u201cSamon\u201c kr\u0117slas su atlo\u0161u \u2013 patogus ir stilingas pasirinkimas j\u016bs\u0173 interjerui. \u201eSamon\u201c kr\u0117slas \u2013 puikus pasirinkimas tiems, kurie vertina patogum\u0105, funkcionalum\u0105 ir stiling\u0105 dizain\u0105. Jis puikiai tiks modernioje svetain\u0117je, klasikinio stiliaus biure ar jaukiame miegamajame. D\u0117l nesenstan\u010dios formos ir kruop\u0161\u010diai parinkt\u0173 detali\u0173, [\u2026]<\/p>","protected":false},"featured_media":258457,"comment_status":"open","ping_status":"open","template":"","meta":[],"product_brand":[],"product_cat":[9200,634],"product_tag":[],"class_list":{"0":"post-258456","1":"product","2":"type-product","3":"status-publish","4":"has-post-thumbnail","6":"product_cat-black-red-white","7":"product_cat-armchairs","9":"first","10":"instock","11":"purchasable","12":"product-type-simple"},"_links":{"self":[{"href":"https:\/\/baldumarket.lt\/lt\/wp-json\/wp\/v2\/product\/258456","targetHints":{"allow":["GET"]}}],"collection":[{"href":"https:\/\/baldumarket.lt\/lt\/wp-json\/wp\/v2\/product"}],"about":[{"href":"https:\/\/baldumarket.lt\/lt\/wp-json\/wp\/v2\/types\/product"}],"replies":[{"embeddable":true,"href":"https:\/\/baldumarket.lt\/lt\/wp-json\/wp\/v2\/comments?post=258456"}],"wp:featuredmedia":[{"embeddable":true,"href":"https:\/\/baldumarket.lt\/lt\/wp-json\/wp\/v2\/media\/258457"}],"wp:attachment":[{"href":"https:\/\/baldumarket.lt\/lt\/wp-json\/wp\/v2\/media?parent=258456"}],"wp:term":[{"taxonomy":"product_brand","embeddable":true,"href":"https:\/\/baldumarket.lt\/lt\/wp-json\/wp\/v2\/product_brand?post=258456"},{"taxonomy":"product_cat","embeddable":true,"href":"https:\/\/baldumarket.lt\/lt\/wp-json\/wp\/v2\/product_cat?post=258456"},{"taxonomy":"product_tag","embeddable":true,"href":"https:\/\/baldumarket.lt\/lt\/wp-json\/wp\/v2\/product_tag?post=258456"}],"curies":[{"name":"wp","href":"https:\/\/api.w.org\/{rel}","templated":true}]}}