{"id":258419,"date":"2026-01-13T22:28:43","date_gmt":"2026-01-13T19:28:43","guid":{"rendered":"https:\/\/baldumarket.lt\/product\/elastyczny-stelaz-ergo-plus-140x200\/"},"modified":"2026-02-11T18:30:06","modified_gmt":"2026-02-11T15:30:06","slug":"elastyczny-stelaz-ergo-plus-140x200","status":"publish","type":"product","link":"https:\/\/baldumarket.lt\/lt\/product\/elastyczny-stelaz-ergo-plus-140x200\/","title":{"rendered":"Lankstus Ergo Plus r\u0117mas 140&#215;200"},"content":{"rendered":"<p>\u201eErgo Plus 140\u00d7200\u201c r\u0117mas \u2013 tai modernus sprendimas, kuris u\u017etikrins ne tik patog\u0173 mieg\u0105, bet ir naud\u0105 sveikatai. \u0160is pa\u017eangus r\u0117mas buvo kruop\u0161\u010diai sukurtas taip, kad patenkint\u0173 net ir reikliausi\u0173 naudotoj\u0173 l\u016bkes\u010dius. R\u0117mas apr\u016bpintas lanks\u010diomis ber\u017eo medienos grotel\u0117mis, kurios puikiai prisitaiko prie k\u016bno formos. Tai u\u017etikrina tolyg\u0173 svorio paskirstym\u0105 ir pa\u0161alina spaudimo ta\u0161kus, tod\u0117l miegas geresnis ir suma\u017e\u0117ja nugaros skausmas. \u201eErgo Plus\u201c sukurtas atsi\u017evelgiant \u012f tinkam\u0105 \u010diu\u017einio v\u0117dinim\u0105. Tai labai svarbu norint palaikyti higien\u0105 ir i\u0161vengti dr\u0117gm\u0117s bei dulki\u0173 erku\u010di\u0173 kaupimosi. R\u0117mas skatina oro cirkuliacij\u0105, kuri padeda i\u0161laikyti \u010diu\u017ein\u012f gaiv\u0173. \u201eErgo Plus\u201c matmenys yra 140 \u00d7 200 cm, tod\u0117l puikiai tinka standartiniams tokio dyd\u017eio \u010diu\u017einiams. Tai puikus sprendimas, suteikiantis daug erdv\u0117s miegui. Apibendrinant, \u201eErgo Plus 140 \u00d7 200\u201c r\u0117mas sujungia lanks\u010dias groteles, tvirt\u0105 konstrukcij\u0105 ir d\u0117mes\u012f miego higienai. Su juo galite m\u0117gautis ramiu ir patogiu miegu, pritaikytu prie j\u016bs\u0173 individuali\u0173 poreiki\u0173. Nesvarbu, ar jums reikia nugaros atramos, ar patogiausios poilsio pad\u0117ties, \u201eErgo Plus\u201c tikrai pateisins j\u016bs\u0173 l\u016bkes\u010dius ir prisid\u0117s prie miego kokyb\u0117s bei sveikatos gerinimo. Pagrindin\u0117s savyb\u0117s: \u2013 R\u0117mas pagamintas i\u0161 sluoksniais klijuotos medienos.<br \/>\n\u2013 \u012erengtas 56 atspariomis ber\u017eo lentel\u0117mis, i\u0161d\u0117stytomis kas 2,5 cm.<br \/>\n\u2013 Suteikia papildom\u0105 pamink\u0161tinim\u0105 \u010diu\u017einiui.<br \/>\n\u2013 Galima \u012fsigyti \u012fvairi\u0173 dyd\u017ei\u0173: 90\/200 cm, 120\/200 cm, 140\/200 cm ir 160\/200 cm.<br \/>\n\u2013 R\u0117mo auk\u0161tis yra ma\u017edaug 3 cm.<br \/>\n\u2013 Produktas pristatomas surinktas savaranki\u0161kai. \u2013 Kad b\u016bt\u0173 lengviau montuoti lovoje, r\u0117mo plotis suma\u017eintas ma\u017edaug 1 cm, o ilgis \u2013 ma\u017edaug 4 cm.<br \/>\n\u2013 Did\u017eiausia r\u0117mo apkrova kiekvienai pusei yra 140 kg. Jei abejojate, ar \u201eErgo Plus\u201c r\u0117mas atitiks j\u016bs\u0173 l\u016bkes\u010dius, raginame perskaityti m\u016bs\u0173 vadov\u0105 skirtuke \u201e\u012ekv\u0117pimai\u201c, kuris pad\u0117s jums i\u0161sirinkti tinkamiausi\u0105.<\/p>\n<p>Prek\u0117s kodas L07-STEL_ENTRO_ERGO_PLUS-140X200-KOR01 Simbolis ZM EAN Baldo tipas Lovos r\u0117mai PVM 23% EAN 5906123603393<\/p>","protected":false},"excerpt":{"rendered":"<p>The Ergo Plus 140&#215;200 Frame is a modern solution that will provide you not only with comfortable sleep but also with health benefits. This advanced frame has been carefully designed to meet the expectations of even the most demanding users. The frame is equipped with flexible birch wood slats that perfectly adapt to the shape [&hellip;]<\/p>","protected":false},"featured_media":0,"comment_status":"open","ping_status":"open","template":"","meta":[],"product_brand":[],"product_cat":[9200,1043],"product_tag":[],"class_list":{"0":"post-258419","1":"product","2":"type-product","3":"status-publish","5":"product_cat-black-red-white","6":"product_cat-extras","8":"first","9":"instock","10":"purchasable","11":"product-type-simple"},"_links":{"self":[{"href":"https:\/\/baldumarket.lt\/lt\/wp-json\/wp\/v2\/product\/258419","targetHints":{"allow":["GET"]}}],"collection":[{"href":"https:\/\/baldumarket.lt\/lt\/wp-json\/wp\/v2\/product"}],"about":[{"href":"https:\/\/baldumarket.lt\/lt\/wp-json\/wp\/v2\/types\/product"}],"replies":[{"embeddable":true,"href":"https:\/\/baldumarket.lt\/lt\/wp-json\/wp\/v2\/comments?post=258419"}],"wp:attachment":[{"href":"https:\/\/baldumarket.lt\/lt\/wp-json\/wp\/v2\/media?parent=258419"}],"wp:term":[{"taxonomy":"product_brand","embeddable":true,"href":"https:\/\/baldumarket.lt\/lt\/wp-json\/wp\/v2\/product_brand?post=258419"},{"taxonomy":"product_cat","embeddable":true,"href":"https:\/\/baldumarket.lt\/lt\/wp-json\/wp\/v2\/product_cat?post=258419"},{"taxonomy":"product_tag","embeddable":true,"href":"https:\/\/baldumarket.lt\/lt\/wp-json\/wp\/v2\/product_tag?post=258419"}],"curies":[{"name":"wp","href":"https:\/\/api.w.org\/{rel}","templated":true}]}}