{"id":258417,"date":"2026-01-13T22:28:41","date_gmt":"2026-01-13T19:28:41","guid":{"rendered":"https:\/\/baldumarket.lt\/product\/elastyczny-stelaz-ergo-multi-90x200-z-regulacja-twardosci\/"},"modified":"2026-02-11T18:30:07","modified_gmt":"2026-02-11T15:30:07","slug":"elastyczny-stelaz-ergo-multi-90x200-z-regulacja-twardosci","status":"publish","type":"product","link":"https:\/\/baldumarket.lt\/lt\/product\/elastyczny-stelaz-ergo-multi-90x200-z-regulacja-twardosci\/","title":{"rendered":"Lankstus \u201eErgo Multi 90\u00d7200\u201c r\u0117mas su reguliuojamu kietumu"},"content":{"rendered":"<p>\u201eErgo Multi\u201c 90\u00d7200 r\u0117mas. Lovos r\u0117mas yra elementas, kuris da\u017enai nuslysta \u010diu\u017einio \u0161e\u0161\u0117lyje, ta\u010diau jis daro did\u017eiul\u0119 \u012ftak\u0105 m\u016bs\u0173 miego kokybei. \u201eErgo Multi\u201c 90\u00d7200 \u2013 tai sprendimas, kuris ne tik u\u017etikrina komfort\u0105, bet ir prisideda prie sveiko ir atkuriamojo miego. \u201eErgo Multi\u201c \u010diu\u017einys turi spyruokliuojan\u010dias lenteles, kurios prisitaiko prie k\u016bno formos, suma\u017eina spaudimo ta\u0161kus ir suteikia tolyg\u0173 atramos ta\u0161k\u0105. Tai leid\u017eia j\u016bs\u0173 stuburui ils\u0117tis nat\u016bralioje pad\u0117tyje, o tai pagerina miego komfort\u0105 ir sveikat\u0105. R\u0117mas skatina tinkam\u0105 oro cirkuliacij\u0105 po \u010diu\u017einiu, neleid\u017eia kauptis dr\u0117gmei ir daugintis bakterijoms bei dulki\u0173 erk\u0117ms. Tai ypa\u010d svarbu alergi\u0161kiems \u017emon\u0117ms ir tiems, kurie r\u016bpinasi miego higiena. \u201eErgo Multi\u201c leid\u017eia reguliuoti kietum\u0105 skirtingose r\u0117mo zonose. Atram\u0105 galite pritaikyti pagal savo asmeninius pageidavimus. Nesvarbu, ar jums reikia mink\u0161tesn\u0117s atramos pe\u010diams, ar didesnio stabilumo stuburui, \u201eErgo Multi\u201c pad\u0117s jums rasti tobul\u0105 konfig\u016bracij\u0105. Trumpai tariant, \u201eErgo Multi\u201c 90\u00d7200 r\u0117mas yra produktas, kuris sujungia miego komfort\u0105, sveikat\u0105, higien\u0105 ir naudojimo lankstum\u0105. Nepriklausomai nuo j\u016bs\u0173 poreiki\u0173 ir pageidavim\u0173, \u0161is r\u0117mas prisitaikys prie j\u016bs\u0173, pad\u0117damas u\u017etikrinti ram\u0173 mieg\u0105 ir kasdien\u012f komfort\u0105. Tai puiki investicija \u012f j\u016bs\u0173 mieg\u0105 ir gyvenimo kokyb\u0119. \u201eErgo Multi\u201c \u2013 raktas \u012f tobul\u0105 nakties mieg\u0105. Pagrindin\u0117s savyb\u0117s: \u2013 Pagaminta i\u0161 sluoksniais klijuotos medienos.<br \/>\n\u2013 \u012erengtas 42 spyruoklin\u0117mis ber\u017eo lentel\u0117mis, i\u0161d\u0117stytomis 2 cm atstumu viena nuo kitos.<br \/>\n\u2013 Turi lanks\u010dias rankenas.<br \/>\n\u2013 Suteikia \u010diu\u017einiui papildomo pamink\u0161tinimo.<br \/>\n\u2013 Yra centrinis sutvirtinimo dir\u017eelis.<br \/>\n\u2013 R\u0117mo auk\u0161tis yra ma\u017edaug 3 cm.<br \/>\n\u2013 Reguliuojamas tvirtumas centrin\u0117je r\u0117mo dalyje, apiman\u010dioje klub\u0173 ir juosmens sritis.<br \/>\n\u2013 Galima \u012fsigyti \u012fvairi\u0173 dyd\u017ei\u0173: 90\/200 cm, 140\/200 cm ir 160\/200 cm. \u2013 Produktas pristatomas kaip savaranki\u0161kai surenkamas modelis.<br \/>\n\u2013 Kad b\u016bt\u0173 lengviau montuoti lovoje, r\u0117mas suma\u017eintas ma\u017edaug 1 cm plo\u010dio ir 4 cm ilgio.<br \/>\n\u2013 Did\u017eiausia leistina r\u0117mo apkrova yra 150 kg. Jei abejojate, ar \u201eErgo Multi\u201c r\u0117mas atitiks j\u016bs\u0173 l\u016bkes\u010dius, raginame perskaityti m\u016bs\u0173 vadov\u0105 skirtuke \u201e\u012ekv\u0117pimai\u201c, kuris pad\u0117s jums i\u0161sirinkti tinkamiausi\u0105.<\/p>\n<p>Prek\u0117s kodas L07-STEL_ENTRO_ERGO_MULTI-90X200-KOR01 Simbolis ZM EAN Baldo tipas Lovos r\u0117mai PVM mokestis 23%<\/p>","protected":false},"excerpt":{"rendered":"<p>\u201eErgo Multi\u201c 90\u00d7200 r\u0117mas. Lovos r\u0117mas yra elementas, kuris da\u017enai lieka u\u017e \u010diu\u017einio, ta\u010diau jis daro did\u017eiul\u0119 \u012ftak\u0105 m\u016bs\u0173 miego kokybei. \u201eErgo Multi\u201c 90\u00d7200 \u2013 tai sprendimas, kuris ne tik u\u017etikrina komfort\u0105, bet ir prisideda prie sveiko bei atkuriamojo miego. \u201eErgo Multi\u201c yra [\u2026]<\/p>","protected":false},"featured_media":0,"comment_status":"open","ping_status":"open","template":"","meta":[],"product_brand":[],"product_cat":[9200,1043],"product_tag":[],"class_list":{"0":"post-258417","1":"product","2":"type-product","3":"status-publish","5":"product_cat-black-red-white","6":"product_cat-extras","8":"first","9":"instock","10":"purchasable","11":"product-type-simple"},"_links":{"self":[{"href":"https:\/\/baldumarket.lt\/lt\/wp-json\/wp\/v2\/product\/258417","targetHints":{"allow":["GET"]}}],"collection":[{"href":"https:\/\/baldumarket.lt\/lt\/wp-json\/wp\/v2\/product"}],"about":[{"href":"https:\/\/baldumarket.lt\/lt\/wp-json\/wp\/v2\/types\/product"}],"replies":[{"embeddable":true,"href":"https:\/\/baldumarket.lt\/lt\/wp-json\/wp\/v2\/comments?post=258417"}],"wp:attachment":[{"href":"https:\/\/baldumarket.lt\/lt\/wp-json\/wp\/v2\/media?parent=258417"}],"wp:term":[{"taxonomy":"product_brand","embeddable":true,"href":"https:\/\/baldumarket.lt\/lt\/wp-json\/wp\/v2\/product_brand?post=258417"},{"taxonomy":"product_cat","embeddable":true,"href":"https:\/\/baldumarket.lt\/lt\/wp-json\/wp\/v2\/product_cat?post=258417"},{"taxonomy":"product_tag","embeddable":true,"href":"https:\/\/baldumarket.lt\/lt\/wp-json\/wp\/v2\/product_tag?post=258417"}],"curies":[{"name":"wp","href":"https:\/\/api.w.org\/{rel}","templated":true}]}}