{"id":258413,"date":"2026-01-13T22:28:37","date_gmt":"2026-01-13T19:28:37","guid":{"rendered":"https:\/\/baldumarket.lt\/product\/elastyczny-stelaz-ergo-comfort-90x200-z-regulacja-twardosci\/"},"modified":"2026-02-11T18:30:07","modified_gmt":"2026-02-11T15:30:07","slug":"elastyczny-stelaz-ergo-comfort-90x200-z-regulacja-twardosci","status":"publish","type":"product","link":"https:\/\/baldumarket.lt\/lt\/product\/elastyczny-stelaz-ergo-comfort-90x200-z-regulacja-twardosci\/","title":{"rendered":"Lankstus \u201eErgo Comfort\u201c r\u0117mas 90&#215;200 su reguliuojamu kietumu"},"content":{"rendered":"<p>\u201eErgo Comfort 90\u00d7200\u201c r\u0117mas \u201eErgo Comfort 90\u00d7200\u201c r\u0117mas \u2013 tai unikalus sprendimas, pad\u0117siantis Jums pasiekti tobul\u0105 mieg\u0105 ir visi\u0161k\u0105 atsipalaidavim\u0105. \u0160is pa\u017eangus r\u0117mas sujungia novatori\u0161kas technologijas ir funkcionalum\u0105, kad u\u017etikrint\u0173 auk\u0161\u010diausi\u0105 miego komforto lyg\u012f. \u201eErgo Comfort\u201c si\u016blo unikali\u0105 galimyb\u0119 tiksliai reguliuoti kietum\u0105 skirtingose r\u0117mo zonose. Galite reguliuoti nugaros, klub\u0173 ir koj\u0173 atram\u0105, kad u\u017etikrintum\u0117te optimal\u0173 miego komfort\u0105. Tai ypa\u010d svarbu \u017emon\u0117ms, turintiems nugaros problem\u0173 ar kit\u0173 sveikatos problem\u0173. \u201eErgo Comfort\u201c sukurtas taip, kad palaikyt\u0173 tinkam\u0105 \u010diu\u017einio v\u0117dinim\u0105. Tai labai svarbu norint palaikyti higien\u0105 ir i\u0161vengti dr\u0117gm\u0117s bei dulki\u0173 erku\u010di\u0173 kaupimosi. R\u0117mas skatina oro cirkuliacij\u0105, kuri padeda i\u0161laikyti \u010diu\u017ein\u012f gaiv\u0173. \u201eErgo Comfort\u201c matmenys yra 90\u00d7200 cm, tod\u0117l puikiai tinka standartiniams tokio dyd\u017eio \u010diu\u017einiams. Tai puikus sprendimas vienam asmeniui, suteikiantis pakankamai erdv\u0117s miegui. Trumpai tariant, \u201eErgo Comfort 90\u00d7200\u201c r\u0117mas yra produktas, kuris sujungia novatori\u0161kus sprendimus su komfortu ir sveiku miegu. Su juo galite m\u0117gautis ramiu ir patogiu miegu, pritaikytu J\u016bs\u0173 individualiems poreikiams. Nesvarbu, ar turite nugaros problem\u0173, ar tiesiog norite pagerinti miego kokyb\u0119, \u201eErgo Comfort\u201c pateisins j\u016bs\u0173 l\u016bkes\u010dius ir prisid\u0117s prie kasdienio gyvenimo gerinimo. Pagrindin\u0117s savyb\u0117s: \u2013 Pagaminta i\u0161 sluoksniais klijuotos medienos.<br \/>\n\u2013 \u012erengtas 28 spyruoklin\u0117mis ber\u017eo lentel\u0117mis, i\u0161d\u0117stytomis 2,5 cm atstumu viena nuo kitos.<br \/>\n\u2013 Reguliuojamas tvirtumas r\u0117mo centre, apimantis klub\u0173 ir juosmens sritis.<br \/>\n\u2013 Sustiprinta centrin\u0117 juosta didesniam patvarumui.<br \/>\n\u2013 Suteikia papildom\u0105 \u010diu\u017einio pamink\u0161tinim\u0105.<br \/>\n\u2013 Lanks\u010dios rankenos suteikia papildom\u0105 amortizacij\u0105.<br \/>\n\u2013 Galima \u012fsigyti \u012fvairi\u0173 dyd\u017ei\u0173: 90\/200 cm, 140\/200 cm ir 160\/200 cm.<br \/>\n\u2013 R\u0117mo auk\u0161tis yra ma\u017edaug 4,5 cm.<br \/>\n\u2013 Produktas tiekiamas kaip savaranki\u0161kai surenkamas produktas.<br \/>\n\u2013 Kad b\u016bt\u0173 lengviau montuoti lovoje, r\u0117mas suma\u017eintas ma\u017edaug 1 cm plo\u010dio ir 4 cm ilgio.<br \/>\n\u2013 Did\u017eiausia leistina r\u0117mo apkrova yra 140 kg. Jei abejojate, ar \u201eErgo Comfort\u201c r\u0117mas atitiks j\u016bs\u0173 l\u016bkes\u010dius, raginame perskaityti m\u016bs\u0173 vadov\u0105 skirtuke \u201e\u012ekv\u0117pimai\u201c, kuris pad\u0117s jums i\u0161sirinkti tinkamiausi\u0105.<\/p>\n<p>Prek\u0117s kodas L07-STEL_ENTRO_ERGO_COMFORT-90X200-KOR01 Simbolis ZM EAN Baldo tipas Lovos r\u0117mai PVM mokestis 23%<\/p>","protected":false},"excerpt":{"rendered":"<p>Ergo Comfort 90&#215;200 Frame The Ergo Comfort 90&#215;200 frame is a unique solution that will help you achieve perfect sleep and complete relaxation. This advanced frame combines innovative technologies and functionality to ensure the highest level of sleep comfort. Ergo Comfort offers the unique ability to precisely adjust the firmness in different zones of the [&hellip;]<\/p>","protected":false},"featured_media":0,"comment_status":"open","ping_status":"open","template":"","meta":[],"product_brand":[],"product_cat":[9200,1043],"product_tag":[],"class_list":{"0":"post-258413","1":"product","2":"type-product","3":"status-publish","5":"product_cat-black-red-white","6":"product_cat-extras","8":"first","9":"instock","10":"purchasable","11":"product-type-simple"},"_links":{"self":[{"href":"https:\/\/baldumarket.lt\/lt\/wp-json\/wp\/v2\/product\/258413","targetHints":{"allow":["GET"]}}],"collection":[{"href":"https:\/\/baldumarket.lt\/lt\/wp-json\/wp\/v2\/product"}],"about":[{"href":"https:\/\/baldumarket.lt\/lt\/wp-json\/wp\/v2\/types\/product"}],"replies":[{"embeddable":true,"href":"https:\/\/baldumarket.lt\/lt\/wp-json\/wp\/v2\/comments?post=258413"}],"wp:attachment":[{"href":"https:\/\/baldumarket.lt\/lt\/wp-json\/wp\/v2\/media?parent=258413"}],"wp:term":[{"taxonomy":"product_brand","embeddable":true,"href":"https:\/\/baldumarket.lt\/lt\/wp-json\/wp\/v2\/product_brand?post=258413"},{"taxonomy":"product_cat","embeddable":true,"href":"https:\/\/baldumarket.lt\/lt\/wp-json\/wp\/v2\/product_cat?post=258413"},{"taxonomy":"product_tag","embeddable":true,"href":"https:\/\/baldumarket.lt\/lt\/wp-json\/wp\/v2\/product_tag?post=258413"}],"curies":[{"name":"wp","href":"https:\/\/api.w.org\/{rel}","templated":true}]}}