{"id":258410,"date":"2026-01-13T22:28:35","date_gmt":"2026-01-13T19:28:35","guid":{"rendered":"https:\/\/baldumarket.lt\/product\/blenda-do-szafek-dolnych-11x82-cm-junona-line-wenge\/"},"modified":"2026-02-11T18:30:07","modified_gmt":"2026-02-11T15:30:07","slug":"blenda-do-szafek-dolnych-11x82-cm-junona-line-wenge","status":"publish","type":"product","link":"https:\/\/baldumarket.lt\/lt\/product\/blenda-do-szafek-dolnych-11x82-cm-junona-line-wenge\/","title":{"rendered":"Mi\u0161inys apatin\u0117ms spintel\u0117ms 11&#215;82 cm JUNONA LINE wenge"},"content":{"rendered":"<p>Virtuv\u0117s apdailos elementas yra prakti\u0161kas elementas, padedantis esteti\u0161kai u\u017ebaigti virtuv\u0117s spinteles. Apdailos elementas atlieka dvi svarbias funkcijas. Pirma, jis u\u017edaro tarp\u0105 tarp virtuv\u0117s spintel\u0117s korpuso ir sienos, u\u017etikrindamas esteti\u0161kai patraukli\u0105 ir i\u0161baigt\u0105 virtuv\u0117s i\u0161vaizd\u0105. Antra, jis neleid\u017eia ne\u0161varumams, dr\u0117gmei ir vabzd\u017eiams patekti u\u017e spintel\u0117s. Pavyzdin\u0117s apdailos elemento matmenys yra 82 x 6,6 cm. Apdailos elemento matmenys gali skirtis priklausomai nuo virtuv\u0117s bald\u0173 gamintojo ir modelio, tod\u0117l verta j\u012f pritaikyti prie konkretaus i\u0161planavimo. Apdailos elementai paprastai b\u016bna spalv\u0173, kurios dera su virtuv\u0117s kolekcijos spalvomis, tod\u0117l visoje virtuv\u0117je galima sukurti darni\u0105 i\u0161vaizd\u0105. Apdailos elementai yra prakti\u0161kas sprendimas, u\u017etikrinantis \u0161vari\u0105 ir esteti\u0161kai patraukli\u0105 virtuv\u0119, o erdv\u0117 tarp spinteli\u0173 ir sienos yra u\u017edara ir apsaugota.<\/p>\n<p>Prek\u0117s kodas K24-DBZ_11\/82-WE Simbolis ZM EAN Gylis 11 cm Storis 1,6 Auk\u0161tis 82 cm Kolekcija Junona Line Spalva wenge Atspalvis tamsi mediena Stilius modernus Med\u017eiaga laminatas Korpusas laminatas Gamintojas Juoda Raudona Balta Baldo tipas Virtuv\u0117s spintel\u0117s PVM 23% EAN 5906123540773<\/p>","protected":false},"excerpt":{"rendered":"<p>Virtuv\u0117s apdailos elementas yra prakti\u0161kas elementas, padedantis esteti\u0161kai u\u017ebaigti virtuv\u0117s spinteles. Apdailos elementas atlieka dvi svarbias funkcijas. Pirma, jis u\u017edaro tarp\u0105 tarp virtuv\u0117s spintel\u0117s korpuso ir sienos, u\u017etikrindamas esteti\u0161kai patraukli\u0105 ir i\u0161baigt\u0105 virtuv\u0117s i\u0161vaizd\u0105. Antra, jis neleid\u017eia ne\u0161varumams, dr\u0117gmei ir vabzd\u017eiams patekti u\u017e spintel\u0117s. Apdailos elemento pavyzdys [\u2026]<\/p>","protected":false},"featured_media":258411,"comment_status":"open","ping_status":"open","template":"","meta":[],"product_brand":[],"product_cat":[9200,1043],"product_tag":[],"class_list":{"0":"post-258410","1":"product","2":"type-product","3":"status-publish","4":"has-post-thumbnail","6":"product_cat-black-red-white","7":"product_cat-extras","9":"first","10":"instock","11":"purchasable","12":"product-type-simple"},"_links":{"self":[{"href":"https:\/\/baldumarket.lt\/lt\/wp-json\/wp\/v2\/product\/258410","targetHints":{"allow":["GET"]}}],"collection":[{"href":"https:\/\/baldumarket.lt\/lt\/wp-json\/wp\/v2\/product"}],"about":[{"href":"https:\/\/baldumarket.lt\/lt\/wp-json\/wp\/v2\/types\/product"}],"replies":[{"embeddable":true,"href":"https:\/\/baldumarket.lt\/lt\/wp-json\/wp\/v2\/comments?post=258410"}],"wp:featuredmedia":[{"embeddable":true,"href":"https:\/\/baldumarket.lt\/lt\/wp-json\/wp\/v2\/media\/258411"}],"wp:attachment":[{"href":"https:\/\/baldumarket.lt\/lt\/wp-json\/wp\/v2\/media?parent=258410"}],"wp:term":[{"taxonomy":"product_brand","embeddable":true,"href":"https:\/\/baldumarket.lt\/lt\/wp-json\/wp\/v2\/product_brand?post=258410"},{"taxonomy":"product_cat","embeddable":true,"href":"https:\/\/baldumarket.lt\/lt\/wp-json\/wp\/v2\/product_cat?post=258410"},{"taxonomy":"product_tag","embeddable":true,"href":"https:\/\/baldumarket.lt\/lt\/wp-json\/wp\/v2\/product_tag?post=258410"}],"curies":[{"name":"wp","href":"https:\/\/api.w.org\/{rel}","templated":true}]}}