{"id":258407,"date":"2026-01-13T22:28:32","date_gmt":"2026-01-13T19:28:32","guid":{"rendered":"https:\/\/baldumarket.lt\/product\/blenda-do-szafek-dolnych-11x82-cm-junona-line-dab-bernstein\/"},"modified":"2026-02-11T18:30:07","modified_gmt":"2026-02-11T15:30:07","slug":"blenda-do-szafek-dolnych-11x82-cm-junona-line-dab-bernstein","status":"publish","type":"product","link":"https:\/\/baldumarket.lt\/lt\/product\/blenda-do-szafek-dolnych-11x82-cm-junona-line-dab-bernstein\/","title":{"rendered":"Mi\u0161inys apatin\u0117ms spintel\u0117ms 11&#215;82 cm JUNONA LINE Bernstein \u0105\u017euolas"},"content":{"rendered":"<p>\u201eBernstein Oak\u201c virtuv\u0117s apdailos plok\u0161t\u0117 yra prakti\u0161kas elementas, padedantis esteti\u0161kai u\u017ebaigti virtuv\u0117s spinteles. Apdailos plok\u0161t\u0117 atlieka dvi svarbias funkcijas. Pirma, ji u\u017esandarina tarp\u0105 tarp virtuv\u0117s spintel\u0117s korpuso ir sienos, suteikdama esteti\u0161kai patraukli\u0105 apdail\u0105. Antra, ji neleid\u017eia ne\u0161varumams, dr\u0117gmei ir vabzd\u017eiams patekti u\u017e spintel\u0117s. Plok\u0161t\u0117s matmenys \u2013 82 x 6,6 cm. Apdailos plok\u0161t\u0117 yra \u012fvairi\u0173 spalv\u0173, kurios dera prie virtuv\u0117s bald\u0173 kolekcijos, tod\u0117l virtuv\u0117je sukuriamas vientisas vaizdas. Apdailos plok\u0161t\u0117 yra prakti\u0161kas sprendimas, u\u017etikrinantis \u0161vari\u0105 ir esteti\u0161kai patraukli\u0105 virtuv\u0119, o erdv\u0117 tarp spinteli\u0173 ir sienos yra u\u017edara ir apsaugota.<\/p>\n<p>Prek\u0117s kodas K24-DBZ_11\/82-DBT Gylis 11 cm Storis 1,6 Auk\u0161tis 82 cm Kolekcija Junona Line Spalva bernstein \u0105\u017euolas Atspalvis \u0161viesi mediena Stilius modernus Med\u017eiaga laminatas Korpusas laminatas Gamintojas Juoda Raudona Balta Bald\u0173 tipas Virtuv\u0117s spintel\u0117s PVM 23% EAN 5906123046794<\/p>","protected":false},"excerpt":{"rendered":"<p>A Bernstein Oak Kitchen Finishing Panel is a practical element that helps aesthetically complete kitchen cabinetry. A finishing panel serves two important functions. First, it seals the space between the kitchen cabinet body and the wall, providing an aesthetically pleasing finish. Second, it prevents dirt, moisture, and insects from getting behind the cabinet. The panel [&hellip;]<\/p>","protected":false},"featured_media":258408,"comment_status":"open","ping_status":"open","template":"","meta":[],"product_brand":[],"product_cat":[9200,1043],"product_tag":[],"class_list":{"0":"post-258407","1":"product","2":"type-product","3":"status-publish","4":"has-post-thumbnail","6":"product_cat-black-red-white","7":"product_cat-extras","9":"first","10":"instock","11":"purchasable","12":"product-type-simple"},"_links":{"self":[{"href":"https:\/\/baldumarket.lt\/lt\/wp-json\/wp\/v2\/product\/258407","targetHints":{"allow":["GET"]}}],"collection":[{"href":"https:\/\/baldumarket.lt\/lt\/wp-json\/wp\/v2\/product"}],"about":[{"href":"https:\/\/baldumarket.lt\/lt\/wp-json\/wp\/v2\/types\/product"}],"replies":[{"embeddable":true,"href":"https:\/\/baldumarket.lt\/lt\/wp-json\/wp\/v2\/comments?post=258407"}],"wp:featuredmedia":[{"embeddable":true,"href":"https:\/\/baldumarket.lt\/lt\/wp-json\/wp\/v2\/media\/258408"}],"wp:attachment":[{"href":"https:\/\/baldumarket.lt\/lt\/wp-json\/wp\/v2\/media?parent=258407"}],"wp:term":[{"taxonomy":"product_brand","embeddable":true,"href":"https:\/\/baldumarket.lt\/lt\/wp-json\/wp\/v2\/product_brand?post=258407"},{"taxonomy":"product_cat","embeddable":true,"href":"https:\/\/baldumarket.lt\/lt\/wp-json\/wp\/v2\/product_cat?post=258407"},{"taxonomy":"product_tag","embeddable":true,"href":"https:\/\/baldumarket.lt\/lt\/wp-json\/wp\/v2\/product_tag?post=258407"}],"curies":[{"name":"wp","href":"https:\/\/api.w.org\/{rel}","templated":true}]}}